{"id":13,"date":"2015-01-16T12:18:45","date_gmt":"2015-01-16T12:18:45","guid":{"rendered":"http:\/\/blog.ufba.br\/dpfilo\/?page_id=13"},"modified":"2015-01-16T12:18:45","modified_gmt":"2015-01-16T12:18:45","slug":"contato","status":"publish","type":"page","link":"https:\/\/blog.ufba.br\/dpfilo\/contato\/","title":{"rendered":"Contato"},"content":{"rendered":"<p><strong>Chefe do Departamento:<\/strong>\u00a0Daniel Tourinho Peres<\/p>\n<p>E-mail:\u00a0dtperes<a style=\"color: inherit\">@ufba.br<\/a><\/p>\n<p><strong>Vice-chefe do Departamento:<\/strong>\u00a0Jarlee Oliveira Silva Salviano<\/p>\n<p>E-mail: jarlee.salviano@ufba.br<\/p>\n<p><strong>Secret\u00e1ria:<\/strong>\u00a0Lorena de Souza Moreira<\/p>\n<p>E-mail:\u00a0<a>lorena.moreira@ufba.br<\/a><\/p>\n<p><strong>Telefone:\u00a0<\/strong>\u00a0(71) 3283-6441<\/p>\n<p><strong>E-mail:\u00a0<\/strong>\u00a0\u00a0\u00a0\u00a0<a>dpsofia@ufba.br<\/a><\/p>\n<p>&nbsp;<\/p>\n<p><strong>Facebook:\u00a0<\/strong><a href=\"http:\/\/https:\/\/www.facebook.com\/filosofianabahia\/\" target=\"_blank\" rel=\"noopener\">https:\/\/www.facebook.com\/filosofianabahia\/<\/a><\/p>\n<p>&nbsp;<\/p>\n<p><strong>Endere\u00e7o:<\/strong>\u00a0Pavilh\u00e3o de Aulas Jos\u00e9 Calazans, Estrada de S\u00e3o L\u00e1zaro, 197,\u00a0 Federa\u00e7\u00e3o &#8211; Salvador, BA &#8211; Brasil CEP: 40.210-730<\/p>\n<p><strong>Funcionamento:<\/strong> Segunda \u00e0 sexta-feira das 8h30 \u00e0s 13h30.<\/p>\n","protected":false},"excerpt":{"rendered":"<p>Chefe do Departamento:\u00a0Daniel Tourinho Peres E-mail:\u00a0dtperes@ufba.br Vice-chefe do Departamento:\u00a0Jarlee Oliveira Silva Salviano E-mail: jarlee.salviano@ufba.br Secret\u00e1ria:\u00a0Lorena de Souza Moreira E-mail:\u00a0lorena.moreira@ufba.br Telefone:\u00a0\u00a0(71) 3283-6441 E-mail:\u00a0\u00a0\u00a0\u00a0\u00a0dpsofia@ufba.br &nbsp; Facebook:\u00a0https:\/\/www.facebook.com\/filosofianabahia\/ &nbsp; Endere\u00e7o:\u00a0Pavilh\u00e3o de Aulas Jos\u00e9 Calazans, Estrada de S\u00e3o L\u00e1zaro, 197,\u00a0 Federa\u00e7\u00e3o &#8211; Salvador, BA &#8211; Brasil CEP: 40.210-730 Funcionamento: Segunda \u00e0 sexta-feira das 8h30 \u00e0s 13h30.<\/p>\n","protected":false},"author":1,"featured_media":0,"parent":0,"menu_order":10,"comment_status":"closed","ping_status":"closed","template":"","meta":{"_coblocks_attr":"","_coblocks_dimensions":"","_coblocks_responsive_height":"","_coblocks_accordion_ie_support":"","_themeisle_gutenberg_block_has_review":false,"footnotes":""},"class_list":["post-13","page","type-page","status-publish","hentry"],"_links":{"self":[{"href":"https:\/\/blog.ufba.br\/dpfilo\/wp-json\/wp\/v2\/pages\/13"}],"collection":[{"href":"https:\/\/blog.ufba.br\/dpfilo\/wp-json\/wp\/v2\/pages"}],"about":[{"href":"https:\/\/blog.ufba.br\/dpfilo\/wp-json\/wp\/v2\/types\/page"}],"author":[{"embeddable":true,"href":"https:\/\/blog.ufba.br\/dpfilo\/wp-json\/wp\/v2\/users\/1"}],"replies":[{"embeddable":true,"href":"https:\/\/blog.ufba.br\/dpfilo\/wp-json\/wp\/v2\/comments?post=13"}],"version-history":[{"count":0,"href":"https:\/\/blog.ufba.br\/dpfilo\/wp-json\/wp\/v2\/pages\/13\/revisions"}],"wp:attachment":[{"href":"https:\/\/blog.ufba.br\/dpfilo\/wp-json\/wp\/v2\/media?parent=13"}],"curies":[{"name":"wp","href":"https:\/\/api.w.org\/{rel}","templated":true}]}}