{"id":6,"date":"2019-04-25T18:12:04","date_gmt":"2019-04-25T18:12:04","guid":{"rendered":"http:\/\/blog.ufba.br\/desigualdades\/?page_id=2"},"modified":"2019-04-25T18:12:04","modified_gmt":"2019-04-25T18:12:04","slug":"sobre","status":"publish","type":"page","link":"https:\/\/blog.ufba.br\/desigualdades\/sobre\/","title":{"rendered":"Sobre"},"content":{"rendered":"<p><img loading=\"lazy\" decoding=\"async\" class=\"aligncenter size-full wp-image-1717\" src=\"http:\/\/generoesexualidade.ffch.ufba.br\/wp-content\/uploads\/2019\/04\/banner_pequeno_site_capes_print.001.jpeg\" alt=\"\" width=\"620\" height=\"284\" \/><\/p>\n<div class=\"page\" title=\"Page 3\">\n<div class=\"section\">\n<div class=\"layoutArea\">\n<div class=\"column\">\n<h3 class=\"rtejustify\"><strong>Justificativa<\/strong><\/h3>\n<p class=\"rtejustify\">O tema das desigualdades sociais extremas e dur\u00e1veis que caracterizam a sociedade brasileira tem sido central e transversal em todas as disciplinas das Ci\u00eancias Sociais e Humanas. Acompanhando o debate sobre a ess\u00eancia e o car\u00e1ter do povo brasileiro, a quest\u00e3o tem sido fundante desde a forma\u00e7\u00e3o das Humanidades nas d\u00e9cadas que seguem \u00e0 declara\u00e7\u00e3o da rep\u00fablica e sua institucionaliza\u00e7\u00e3o nas universidades brasileiras, criadas a partir da segunda metade dos anos 1930. As Desigualdades Sociais e a tradi\u00e7\u00e3o de debates em torno dos tra\u00e7os essenciais e supostamente \u00fanicos da sociedade brasileira, t\u00eam contribu\u00eddo para atrair ao nosso pa\u00eds e universidades, a aten\u00e7\u00e3o de pesquisadores e grupos de pesquisas estrangeiros. De fato, os principais fen\u00f4menos que nos tornam interessantes internacionalmente s\u00e3o, tragicamente, nossas extremas desigualdades e as formas e arranjos culturais que tem se desenvolvido como consequ\u00eancias e gra\u00e7as a elas. Na UFBA existe uma tradi\u00e7\u00e3o consolidada de pesquisa sobre desigualdades. O tema da \u201cRedu\u00e7\u00e3o das Desigualdades\u201d sociais por meio de medidas de inclus\u00e3o e aux\u00edlio \u00e0 perman\u00eancia de alunos egressos de grupos subalternos, tem sido objeto de v\u00e1rios programas e medidas de grande amplitude por parte da gest\u00e3o universit\u00e1ria na UFBA, pioneira na inclus\u00e3o de grupos subalternos e na redu\u00e7\u00e3o das desigualdades sociais no \u00e2mbito universit\u00e1rio. Abrimos, portanto, a possibilidade da pesquisa comparativa internacional e a forma\u00e7\u00e3o de redes de pesquisa e ensino transnacionais atrav\u00e9s de a\u00e7\u00f5es de forma\u00e7\u00e3o intelectual &#8211; Escolas Doutorais &#8211; de car\u00e1ter interdisciplinar e internacional. Essas atividades de ensino e pesquisa envolver\u00e3o professores e pesquisadores brasileiros e estrangeiros, organizados em miss\u00f5es de professores visitantes (s\u00eanior, j\u00fanior e no Brasil), p\u00f3s-doutorado no Brasil e doutorado sandu\u00edche. Al\u00e9m disso, nessas miss\u00f5es, ser\u00e3o estabelecidas trocas internacionais de conceitos e teorias sobre Desigualdades Sociais, bem como ser\u00e1 valorizada a perspectiva comparativa. Como produtos prevemos dois: (1) promover a internacionaliza\u00e7\u00e3o da p\u00f3s-gradua\u00e7\u00e3o em dois sentidos: introduzindo ideias novas e pesquisadores estrangeiros na UFBA e promovendo nossa p\u00f3s-gradua\u00e7\u00e3o (discentes e docentes) no exterior e (2) a contribui\u00e7\u00e3o para a melhoria da colabora\u00e7\u00e3o e o interc\u00e2mbio (miss\u00f5es) entre programas de p\u00f3s-gradua\u00e7\u00e3o da UFBA, induzindo a mobilidade discente e docente em v\u00e1rios n\u00edveis: estadual, regional, nacional e internacional.<\/p>\n<p style=\"padding: 2px 6px 4px 6px;color: #555555;background-color: #eeeeee;border: #dddddd 2px solid\">The theme of extreme and lasting social inequalities that characterize Brazilian society has been central and transversal in all disciplines of the Social and Human Sciences. Following the debate on the essence and the character of the Brazilian people, the question has been fundamental since the setting up of Humanities in the decades that follow the declaration of the Republic and its institutionalization in the Brazilian universities, created as of the second half of the 1930s. Social Inequalities and the tradition of debates around the essential and supposedly unique traits of Brazilian society, have contributed to attracting to our country and universities the attention of researchers and foreign research groups. In fact, the main phenomena that make us internationally interesting are, tragically, our extreme inequalities and the cultural forms and arrangements that have developed as a consequence and thanks to them. UFBA holds a consolidated tradition of research on inequalities. The theme of &#8220;Reducing Social Inequalities&#8221; by means of measures of inclusion and assistance to the permanence of the less privileged students at the university, has been the object of several programs and measures of great magnitude on the part of university management at UFBA, a pioneer in the inclusion of subaltern groups, and in the reduction of social inequalities at university level. We therefore open the possibility of international comparative research and the creation of transnational research and teaching networks through intellectual qualifying actions \u2013 Doctorate Schools \u2013 within an interdisciplinary and international nature. These teaching and research activities will involve Brazilian and foreign professors and researchers, organized in missions of visiting professors (senior, junior), post doctorate, and doctorate student research. In addition, in these missions, international exchanges of concepts and theories on Social Inequalities will be established, as will the comparative perspective. As a result of these initiatives, we anticipate two: (1) the promotion of internationalization of graduate education in two directions: introducing new ideas and foreign researchers at UFBA and promoting our graduate students and professors, and (2) contributing to the improvement of collaboration and exchange (missions) between UFBA graduate programs, inducing both student, and faculty mobility at various levels: state, regional, national and international.<\/p>\n<div class=\"column\">\n<h3 class=\"rtejustify\"><strong>Objetivo<\/strong><\/h3>\n<p class=\"rtejustify\">Elevar o n\u00edvel de internacionaliza\u00e7\u00e3o das pesquisas conduzidas no tema Redu\u00e7\u00e3o das desigualdades sociais extremas e dur\u00e1veis.<\/p>\n<p style=\"padding: 2px 6px 4px 6px;color: #555555;background-color: #eeeeee;border: #dddddd 2px solid\">To raise the internationalization level of the research carried out on the theme reduction of extreme and lasting social inequalities.<\/p>\n<h3 class=\"rtejustify\"><strong>Descri\u00e7\u00e3o<\/strong><\/h3>\n<p class=\"rtejustify\">Buscaremos elevar o n\u00edvel de internacionaliza\u00e7\u00e3o da pesquisa e da forma\u00e7\u00e3o p\u00f3s-graduada relacionada a este tema atrav\u00e9s do apoio aos meios que favorecem a circula\u00e7\u00e3o internacional do conhecimento. Estes meios incluem, entre outros, o apoio \u00e0 publica\u00e7\u00e3o em l\u00ednguas estrangeiras, em particular em ingl\u00eas; apoio a est\u00e1gios doutorais no exterior na forma de bolsas doutorado sandu\u00edche; apoio a estadas e miss\u00f5es de nossos pesquisadores nos centros de pesquisa no exterior com os quais o tema \u00e9 desenvolvido; atra\u00e7\u00e3o de pesquisadores com experi\u00eancia internacionalizada para visitas e estadas na Universidade Federal da Bahia.<\/p>\n<p style=\"padding: 2px 6px 4px 6px;color: #555555;background-color: #eeeeee;border: #dddddd 2px solid\">We will seek to raise the level of internationalization of research and postgraduate training related to this subject by supporting the means that favor the international circulation of knowledge. These include, inter alia, support for publication in foreign languages, in particular in English; support for doctoral internships abroad in the form of doctorate sandwich scholarships; support for the stays and missions of our researchers in the research centers abroad with which the theme is developed; attraction of researchers with internationalized experience for visits and stays at the Universidade Federal da Bahia.<\/p>\n<h3><strong>Pa\u00edses Envolvidos<\/strong><\/h3>\n<ul>\n<li>\u00c1frica do Sul<\/li>\n<li>Alemanha<\/li>\n<li>Argentina<\/li>\n<li>Cabo Verde<\/li>\n<li>Canad\u00e1<\/li>\n<li>China<\/li>\n<li>Col\u00f4mbia<\/li>\n<li>Coreia do Sul<\/li>\n<li>Estados Unidos<\/li>\n<li>Fran\u00e7a<\/li>\n<li>Guin\u00e9-Bissau<\/li>\n<li>\u00cdndia<\/li>\n<li>M\u00e9xico<\/li>\n<li>Mo\u00e7ambique<\/li>\n<li>Portugal<\/li>\n<li>Reino Unido<\/li>\n<\/ul>\n<h3><strong>Programas Participantes<\/strong><\/h3>\n<ul>\n<li><a href=\"http:\/\/www.ppga.ufba.br\/\" target=\"_blank\" rel=\"noopener\">Antropologia<\/a><\/li>\n<li><a href=\"http:\/\/www.ppgcs.ufba.br\/\" target=\"_blank\" rel=\"noopener\">Ci\u00eancias Sociais<\/a><\/li>\n<li><a href=\"http:\/\/www.ppgd.ufba.br\/\" target=\"_blank\" rel=\"noopener\">Direito<\/a><\/li>\n<li><a href=\"http:\/\/www.posafro.ufba.br\/\" target=\"_blank\" rel=\"noopener\">Estudos \u00c9tnicos e Africanos<\/a><\/li>\n<li><a href=\"http:\/\/www.ppgneim.ffch.ufba.br\/\" target=\"_blank\" rel=\"noopener\">Estudos Interdisciplinares sobre Mulheres G\u00eanero e Feminismo<\/a><\/li>\n<li><a href=\"https:\/\/ppgf.ufba.br\/\" target=\"_blank\" rel=\"noopener\">Filosofia<\/a><\/li>\n<li><a href=\"http:\/\/www.pospsi.ufba.br\/\" target=\"_blank\" rel=\"noopener\">Psicologia<\/a><\/li>\n<\/ul>\n<p><strong>P\u00e1gina oficial do CAPES-PrInt UFBA<\/strong>: <a href=\"https:\/\/capesprint.ufba.br\">CLIQUE AQUI<\/a>. Cada pesquisador detalhar\u00e1 o tema e a regi\u00e3o geogr\u00e1fica sobre o qual seu projeto se debru\u00e7ar\u00e1.<\/div>\n<\/div>\n<\/div>\n<\/div>\n<\/div>\n","protected":false},"excerpt":{"rendered":"<p>Justificativa O tema das desigualdades sociais extremas e dur\u00e1veis que caracterizam a sociedade brasileira tem sido central e transversal em todas as disciplinas das Ci\u00eancias Sociais e Humanas. Acompanhando o debate sobre a ess\u00eancia e o car\u00e1ter do povo brasileiro, &hellip; <a href=\"https:\/\/blog.ufba.br\/desigualdades\/sobre\/\">Continue lendo <span class=\"meta-nav\">&rarr;<\/span><\/a><\/p>\n","protected":false},"author":35,"featured_media":0,"parent":0,"menu_order":1,"comment_status":"open","ping_status":"open","template":"","meta":{"_coblocks_attr":"","_coblocks_dimensions":"","_coblocks_responsive_height":"","_coblocks_accordion_ie_support":"","_themeisle_gutenberg_block_has_review":false,"footnotes":""},"class_list":["post-6","page","type-page","status-publish","hentry"],"_links":{"self":[{"href":"https:\/\/blog.ufba.br\/desigualdades\/wp-json\/wp\/v2\/pages\/6"}],"collection":[{"href":"https:\/\/blog.ufba.br\/desigualdades\/wp-json\/wp\/v2\/pages"}],"about":[{"href":"https:\/\/blog.ufba.br\/desigualdades\/wp-json\/wp\/v2\/types\/page"}],"author":[{"embeddable":true,"href":"https:\/\/blog.ufba.br\/desigualdades\/wp-json\/wp\/v2\/users\/35"}],"replies":[{"embeddable":true,"href":"https:\/\/blog.ufba.br\/desigualdades\/wp-json\/wp\/v2\/comments?post=6"}],"version-history":[{"count":0,"href":"https:\/\/blog.ufba.br\/desigualdades\/wp-json\/wp\/v2\/pages\/6\/revisions"}],"wp:attachment":[{"href":"https:\/\/blog.ufba.br\/desigualdades\/wp-json\/wp\/v2\/media?parent=6"}],"curies":[{"name":"wp","href":"https:\/\/api.w.org\/{rel}","templated":true}]}}