{"id":45,"date":"2019-04-26T05:38:37","date_gmt":"2019-04-26T05:38:37","guid":{"rendered":"http:\/\/blog.ufba.br\/desigualdades\/?page_id=45"},"modified":"2019-04-26T05:38:37","modified_gmt":"2019-04-26T05:38:37","slug":"identidade","status":"publish","type":"page","link":"https:\/\/blog.ufba.br\/desigualdades\/identidade\/","title":{"rendered":"Identidade"},"content":{"rendered":"<h3>Identidade Visual<\/h3>\n<p>Para fazer o download em alta resolu\u00e7\u00e3o clique na imagem com o bot\u00e3o direito do mouse e escolha &#8220;abrir em nova aba\/janela&#8221; e salve a imagem em alta resolu\u00e7\u00e3o no seu computador. As duas primeiras imagens s\u00e3o em tamanho enorme, para outdores e materiais que exigem mais qualidade. As tr\u00eas \u00faltimas, colorida, branca com fundo preto e branca com fundo transparente podem ser usadas em materiais virtuais e cartazes\/panfletos.<\/p>\n<p><img loading=\"lazy\" decoding=\"async\" class=\"alignnone wp-image-1711\" src=\"http:\/\/generoesexualidade.ffch.ufba.br\/wp-content\/uploads\/2019\/04\/BLACK.png\" alt=\"\" width=\"170\" height=\"90\" \/> <img loading=\"lazy\" decoding=\"async\" class=\"alignnone wp-image-1712\" src=\"http:\/\/generoesexualidade.ffch.ufba.br\/wp-content\/uploads\/2019\/04\/BLACK.jpg\" alt=\"\" width=\"170\" height=\"90\" \/> <img loading=\"lazy\" decoding=\"async\" class=\"alignnone wp-image-1713\" src=\"http:\/\/generoesexualidade.ffch.ufba.br\/wp-content\/uploads\/2019\/04\/1000X1000.png\" alt=\"\" width=\"90\" height=\"90\" \/> <img loading=\"lazy\" decoding=\"async\" class=\"alignnone wp-image-1714\" src=\"http:\/\/generoesexualidade.ffch.ufba.br\/wp-content\/uploads\/2019\/04\/BRANCO.jpg\" alt=\"\" width=\"170\" height=\"90\" \/> <img loading=\"lazy\" decoding=\"async\" class=\"alignnone wp-image-1715\" src=\"http:\/\/generoesexualidade.ffch.ufba.br\/wp-content\/uploads\/2019\/04\/BRANCO.png\" alt=\"\" width=\"170\" height=\"90\" \/><img loading=\"lazy\" decoding=\"async\" class=\"alignnone wp-image-1723\" src=\"http:\/\/generoesexualidade.ffch.ufba.br\/wp-content\/uploads\/2019\/04\/2018_08_21-capes_print907x550-1.png\" alt=\"\" width=\"148\" height=\"90\" \/><img loading=\"lazy\" decoding=\"async\" class=\"wp-image-1779 alignnone\" src=\"http:\/\/generoesexualidade.ffch.ufba.br\/wp-content\/uploads\/2019\/04\/1000X1000.jpg-INGLeS.jpg\" alt=\"\" width=\"90\" height=\"90\" \/><img loading=\"lazy\" decoding=\"async\" class=\"wp-image-1778 alignnone\" src=\"http:\/\/generoesexualidade.ffch.ufba.br\/wp-content\/uploads\/2019\/04\/REDUCAO-LOGO-7.png\" alt=\"\" width=\"170\" height=\"90\" \/><img loading=\"lazy\" decoding=\"async\" class=\"alignnone wp-image-1780\" src=\"http:\/\/generoesexualidade.ffch.ufba.br\/wp-content\/uploads\/2019\/04\/1000X600.png\" alt=\"\" width=\"170\" height=\"90\" \/><\/p>\n<p>Logomarca elaborada por Ismael Nascimento Santana (<a href=\"mailto:ismaelfradique@gmail.com\">ismaelfradique@gmail.com<\/a>).<\/p>\n","protected":false},"excerpt":{"rendered":"<p>Identidade Visual Para fazer o download em alta resolu\u00e7\u00e3o clique na imagem com o bot\u00e3o direito do mouse e escolha &#8220;abrir em nova aba\/janela&#8221; e salve a imagem em alta resolu\u00e7\u00e3o no seu computador. As duas primeiras imagens s\u00e3o em &hellip; <a href=\"https:\/\/blog.ufba.br\/desigualdades\/identidade\/\">Continue lendo <span class=\"meta-nav\">&rarr;<\/span><\/a><\/p>\n","protected":false},"author":35,"featured_media":0,"parent":0,"menu_order":8,"comment_status":"open","ping_status":"open","template":"","meta":{"_coblocks_attr":"","_coblocks_dimensions":"","_coblocks_responsive_height":"","_coblocks_accordion_ie_support":"","_themeisle_gutenberg_block_has_review":false,"footnotes":""},"class_list":["post-45","page","type-page","status-publish","hentry"],"_links":{"self":[{"href":"https:\/\/blog.ufba.br\/desigualdades\/wp-json\/wp\/v2\/pages\/45"}],"collection":[{"href":"https:\/\/blog.ufba.br\/desigualdades\/wp-json\/wp\/v2\/pages"}],"about":[{"href":"https:\/\/blog.ufba.br\/desigualdades\/wp-json\/wp\/v2\/types\/page"}],"author":[{"embeddable":true,"href":"https:\/\/blog.ufba.br\/desigualdades\/wp-json\/wp\/v2\/users\/35"}],"replies":[{"embeddable":true,"href":"https:\/\/blog.ufba.br\/desigualdades\/wp-json\/wp\/v2\/comments?post=45"}],"version-history":[{"count":0,"href":"https:\/\/blog.ufba.br\/desigualdades\/wp-json\/wp\/v2\/pages\/45\/revisions"}],"wp:attachment":[{"href":"https:\/\/blog.ufba.br\/desigualdades\/wp-json\/wp\/v2\/media?parent=45"}],"curies":[{"name":"wp","href":"https:\/\/api.w.org\/{rel}","templated":true}]}}