{"id":36,"date":"2019-04-26T05:35:01","date_gmt":"2019-04-26T05:35:01","guid":{"rendered":"http:\/\/blog.ufba.br\/desigualdades\/?page_id=36"},"modified":"2019-04-26T05:35:01","modified_gmt":"2019-04-26T05:35:01","slug":"rede-de-pesquisa","status":"publish","type":"page","link":"https:\/\/blog.ufba.br\/desigualdades\/rede-de-pesquisa\/","title":{"rendered":"Rede de Pesquisa"},"content":{"rendered":"<h2>Docentes e Pesquisadores<\/h2>\n<p><span style=\"color: #000000\"><a href=\"http:\/\/blog.ufba.br\/desigualdades\/files\/2019\/04\/fotos-pessoas-rede-desigualdades.002.png\"><img loading=\"lazy\" decoding=\"async\" class=\"alignleft wp-image-37 size-full\" src=\"http:\/\/blog.ufba.br\/desigualdades\/files\/2019\/04\/fotos-pessoas-rede-desigualdades.002.png\" alt=\"fotos pessoas rede desigualdades.002\" width=\"200\" height=\"200\" \/><\/a><strong>Livio Sansone<\/strong> \u00e9 professor titular do Departamento de Antropologia da UFBA, possui gradua\u00e7\u00e3o em Sociologia &#8211; Universita degli Studi La Sapienza (1980), mestrado em Antropologia &#8211; Universiteit van Amsterdam (1986) e doutorado em Antropologia &#8211; Universiteit van Amsterdam (1992). Foi pesquisador do Instituto of Migration and Ethnic Studies da Universiteit van Amsterdam e vice-diretor cient\u00edfico do Centro de Estudos Afro-Asi\u00e1ticos na UCAM, Rio de Janeiro. Atualmente \u00e9 professor titular de antropologia na Universidade Federal da Bahia e pesquisador do Centro de Estudos Afro-Orientais da FFCH\/UFBA e integra o Programa Multidisciplinar de P\u00f3s-Graduac\u00e3o em Estudos \u00c9tnicos e Africanos. \u00c9 consultor ad hoc de CAPES, FAPESP, CNPq, Facep e Fapesb. Integra o Conselho Editorial das revistas Afro-\u00c1sia e Cadernos de Campo. Tem experi\u00eancia na \u00e1rea de Antropologia, com \u00eanfase em Antropologia das Popula\u00e7\u00f5es Afro-Brasileiras, atuando nos seguintes temas: hierarquias raciais e desigualdades dur\u00e1veis, jovens, globaliza\u00e7\u00e3o, consumo, patrimonaliza\u00e7\u00e3o da cultura afro-brasileira e da negritude, Atl\u00e2ntico Negro, transito internacional das ideias de ra\u00e7a e de emancipa\u00e7\u00e3o do racismo, historia da antropologia e de sua rela\u00e7\u00e3o com racismo e colonialismo. De mar\u00e7o a junho de 2007 ocupou a C\u00e1tedra Simon Bolivar no IHEAL, Sorbonne, Paris. Atualmente realiza pesquisa sobre identidades e percep\u00e7\u00e3o das desigualdades no Rec\u00f4ncavo da Bahia, Senegal, Guin\u00e9 Bissau e Cabo Verde, sobre a biografia intelectual de Eduardo Mondlane e sobre a influen\u00e7a da Escola Positiva de Antropologia italiana, criada por Cesare Lombroso, sobre as ciencias sociais em Am\u00e9rica latina. Com uma equipe nacional desenvolve, ha alguns anos, o projeto para a cria\u00e7\u00e3o do Museu Digital da Mem\u00f3ria Africana no Brasil &#8211; www.museuafrodigital.ufba.br. Este projeto recebeu o apoio da Prins Claus Foundation da Holanda, Programa Pr\u00f3-Cultura da Capes, FINEP e Programa Pr\u00f3-\u00c1frica do CNPq, e funciona em parceria com a Rede Nacional de Pesquisa. Ele foi o presidente do XI CONLAB (Congresso Luso-Afro-Brasileiro de Ci\u00eancias Sociais) que se realizou em Salvador em agosto de 2011 e, de 2011 a 2015, vice-presidente da Associa\u00e7\u00e3o Internacional de Ci\u00eancias Sociais e Humanas em l\u00edngua portuguesa. De setembro de 2010 a abril de 2012 ele foi assessor de rela\u00e7\u00f5es internacionais da Reitoria da UFBA. Coordena o Programa de Extens\u00e3o em P\u00f3s-Gradua\u00e7\u00e3o da UFBA F\u00e1brica de Ideias, que organiza anualmente, ha 18 anos, uma escola doutoral internacional &#8211; www.fabricadeideias.ufba.br. Durante o ano de 2014 realizou um estagio p\u00f3s-doutoral s\u00eanior no Centro de Historia da Cultura da Universidade de P\u00e1dua, para realizar uma pesquisa sobre a rela\u00e7\u00e3o entre a &amp;quot;Galaxia Lombroso&amp;quot;, a Africa e a America latina. E autor, entre outros, de Blackness Without Ethnicity, New York: Palgrave 2003 (Negritude sem Etnicidade, Salvador: Edufba 2004) e organizador, junto com Claudio Furtado, do Dicionario Critico das Ci\u00eancias Sociais dos Pa\u00edses de L\u00edngua Oficial Portuguesa (Salvador: Edufba, 2014). A partir de Julho de 2017 \u00e9 o coordenador do Posafro (Programa Interdisciplinar de p\u00f3s-gradua\u00e7\u00e3o em estudos \u00e9tnicos e africanos) da UFBA. \u00c9 l\u00edder do grupo de pesquisa Patrim\u00f4nio e Identidades: pesquisa multidisciplinar em rela\u00e7\u00f5es \u00e9tnico-raciais e estudos africanos, que cadastrado no CNPq.<\/span><\/p>\n<p><strong><a href=\"http:\/\/blog.ufba.br\/desigualdades\/files\/2019\/04\/fotos-pessoas-rede-desigualdades.003.png\"><img loading=\"lazy\" decoding=\"async\" class=\"alignleft size-full wp-image-38\" src=\"http:\/\/blog.ufba.br\/desigualdades\/files\/2019\/04\/fotos-pessoas-rede-desigualdades.003.png\" alt=\"fotos pessoas rede desigualdades.003\" width=\"200\" height=\"200\" \/><\/a>Felipe Bruno Martins Fernandes<\/strong>\u00a0<span style=\"color: #000000\">\u00e9 Professor da Universidade Federal da Bahia no Bacharelado em Estudos de G\u00eanero e Diversidade. L\u00edder do Gira &#8211; Grupo de Estudos Feministas em Pol\u00edtica e Educa\u00e7\u00e3o. Mestre em Educa\u00e7\u00e3o pela Funda\u00e7\u00e3o Universidade Federal do Rio Grande (2007) onde, como integrante do Grupo de Estudos Sexualidade e Escola (GESE), defendeu sua disserta\u00e7\u00e3o sobre a constru\u00e7\u00e3o da identidade ativista gay no Brasil. Doutor em Ci\u00eancias Humanas, \u00e1rea de Estudos de G\u00eanero, pela Universidade Federal de Santa Catarina (2011) (com est\u00e1gio doutoral no Center for Lesbian and Gay Studies -CLAGS da City University of New York -CUNY) e integrante do N\u00facleo de Identidades de G\u00eanero e Subjetividades (NIGS), defendeu sua tese sobre as Pol\u00edticas educacionais implementadas nas duas gest\u00f5es do governo Lula, atrav\u00e9s do Programa Federal Brasil Sem Homofobia. Possui p\u00f3s-doutorado em Estudos de G\u00eanero (PPGICH\/UFSC), em Anthropologie Sociale (EHESS\/Toulouse) e em Antropologia da Educa\u00e7\u00e3o (PPGAS\/UFSC). Seus interesses de pesquisa s\u00e3o as pol\u00edticas p\u00fablicas de g\u00eanero e sexualidades, bem como pr\u00e1ticas de associativismo em movimentos LGBTTT e feministas. Suas \u00e1reas principais de interesse s\u00e3o Ensino de G\u00eanero, Sexualidades e Antropologia.<\/span><\/p>\n<h2>Doutorado<\/h2>\n<h2>Mestrado<\/h2>\n<h2>Miss\u00f5es<\/h2>\n","protected":false},"excerpt":{"rendered":"<p>Docentes e Pesquisadores Livio Sansone \u00e9 professor titular do Departamento de Antropologia da UFBA, possui gradua\u00e7\u00e3o em Sociologia &#8211; Universita degli Studi La Sapienza (1980), mestrado em Antropologia &#8211; Universiteit van Amsterdam (1986) e doutorado em Antropologia &#8211; Universiteit van &hellip; <a href=\"https:\/\/blog.ufba.br\/desigualdades\/rede-de-pesquisa\/\">Continue lendo <span class=\"meta-nav\">&rarr;<\/span><\/a><\/p>\n","protected":false},"author":35,"featured_media":0,"parent":0,"menu_order":5,"comment_status":"open","ping_status":"open","template":"","meta":{"_coblocks_attr":"","_coblocks_dimensions":"","_coblocks_responsive_height":"","_coblocks_accordion_ie_support":"","_themeisle_gutenberg_block_has_review":false,"footnotes":""},"class_list":["post-36","page","type-page","status-publish","hentry"],"_links":{"self":[{"href":"https:\/\/blog.ufba.br\/desigualdades\/wp-json\/wp\/v2\/pages\/36"}],"collection":[{"href":"https:\/\/blog.ufba.br\/desigualdades\/wp-json\/wp\/v2\/pages"}],"about":[{"href":"https:\/\/blog.ufba.br\/desigualdades\/wp-json\/wp\/v2\/types\/page"}],"author":[{"embeddable":true,"href":"https:\/\/blog.ufba.br\/desigualdades\/wp-json\/wp\/v2\/users\/35"}],"replies":[{"embeddable":true,"href":"https:\/\/blog.ufba.br\/desigualdades\/wp-json\/wp\/v2\/comments?post=36"}],"version-history":[{"count":0,"href":"https:\/\/blog.ufba.br\/desigualdades\/wp-json\/wp\/v2\/pages\/36\/revisions"}],"wp:attachment":[{"href":"https:\/\/blog.ufba.br\/desigualdades\/wp-json\/wp\/v2\/media?parent=36"}],"curies":[{"name":"wp","href":"https:\/\/api.w.org\/{rel}","templated":true}]}}