{"id":34,"date":"2019-04-26T05:23:27","date_gmt":"2019-04-26T05:23:27","guid":{"rendered":"http:\/\/blog.ufba.br\/desigualdades\/?page_id=34"},"modified":"2019-04-26T05:23:27","modified_gmt":"2019-04-26T05:23:27","slug":"escolas-doutorais","status":"publish","type":"page","link":"https:\/\/blog.ufba.br\/desigualdades\/escolas-doutorais\/","title":{"rendered":"Escolas Doutorais"},"content":{"rendered":"<h3>Escolas Doutorais<\/h3>\n<ul>\n<li><strong>2019<\/strong> | XX F\u00e1brica de Id\u00e9ias &#8211; A Nova Era dos Extremos: novas formas de populismo, extremismo e forma\u00e7\u00e3o de identidades, uma perspectiva transcontinental (coordena\u00e7\u00e3o Livio Sansone) (<a href=\"http:\/\/generoesexualidade.ffch.ufba.br\/wp-content\/uploads\/2019\/04\/XX-Factory-of-Ideas.pdf\">Argumento<\/a> | <a href=\"http:\/\/generoesexualidade.ffch.ufba.br\/wp-content\/uploads\/2019\/04\/56120019_1751788978255169_5748796094855249920_n.jpg\">Cartaz<\/a> | <a href=\"https:\/\/fabricadeideias.info\">S\u00edtio Eletr\u00f4nico<\/a>)<\/li>\n<\/ul>\n","protected":false},"excerpt":{"rendered":"<p>Escolas Doutorais 2019 | XX F\u00e1brica de Id\u00e9ias &#8211; A Nova Era dos Extremos: novas formas de populismo, extremismo e forma\u00e7\u00e3o de identidades, uma perspectiva transcontinental (coordena\u00e7\u00e3o Livio Sansone) (Argumento | Cartaz | S\u00edtio Eletr\u00f4nico)<\/p>\n","protected":false},"author":35,"featured_media":0,"parent":0,"menu_order":4,"comment_status":"open","ping_status":"open","template":"","meta":{"_coblocks_attr":"","_coblocks_dimensions":"","_coblocks_responsive_height":"","_coblocks_accordion_ie_support":"","_themeisle_gutenberg_block_has_review":false,"footnotes":""},"class_list":["post-34","page","type-page","status-publish","hentry"],"_links":{"self":[{"href":"https:\/\/blog.ufba.br\/desigualdades\/wp-json\/wp\/v2\/pages\/34"}],"collection":[{"href":"https:\/\/blog.ufba.br\/desigualdades\/wp-json\/wp\/v2\/pages"}],"about":[{"href":"https:\/\/blog.ufba.br\/desigualdades\/wp-json\/wp\/v2\/types\/page"}],"author":[{"embeddable":true,"href":"https:\/\/blog.ufba.br\/desigualdades\/wp-json\/wp\/v2\/users\/35"}],"replies":[{"embeddable":true,"href":"https:\/\/blog.ufba.br\/desigualdades\/wp-json\/wp\/v2\/comments?post=34"}],"version-history":[{"count":0,"href":"https:\/\/blog.ufba.br\/desigualdades\/wp-json\/wp\/v2\/pages\/34\/revisions"}],"wp:attachment":[{"href":"https:\/\/blog.ufba.br\/desigualdades\/wp-json\/wp\/v2\/media?parent=34"}],"curies":[{"name":"wp","href":"https:\/\/api.w.org\/{rel}","templated":true}]}}