{"id":32,"date":"2019-04-26T05:22:50","date_gmt":"2019-04-26T05:22:50","guid":{"rendered":"http:\/\/blog.ufba.br\/desigualdades\/?page_id=32"},"modified":"2019-04-26T05:22:50","modified_gmt":"2019-04-26T05:22:50","slug":"editais","status":"publish","type":"page","link":"https:\/\/blog.ufba.br\/desigualdades\/editais\/","title":{"rendered":"Editais"},"content":{"rendered":"<h3>Editais internos da UFBA<\/h3>\n<ul>\n<li><strong>2018<\/strong> (<a href=\"http:\/\/www.propg.ufba.br\/sites\/propg.ufba.br\/files\/edital_capes_print_ufba_02_2019_retificado_em_01.04.19.pdf\" target=\"_blank\" rel=\"noopener\">Edital &#8211; 002\u00a02019 PrInt UFBA<\/a>\u00a0|\u00a0<a href=\"http:\/\/www.propg.ufba.br\/sites\/propg.ufba.br\/files\/anexo_i-_ufba_-_ficha_de_inscricao_02.2019_0.docx\" target=\"_blank\" rel=\"noopener\">Anexo I- UFBA &#8211; Ficha de Inscri\u00e7\u00e3o 02.2019<\/a>\u00a0|\u00a0<a href=\"http:\/\/www.propg.ufba.br\/sites\/propg.ufba.br\/files\/anexo_ii_capacitacao_-_ufba_-_ficha_de_inscricao_02.2019.docx\" target=\"_blank\" rel=\"noopener\">Anexo II- Capacita\u00e7\u00e3o UFBA &#8211; Ficha de Inscri\u00e7\u00e3o 02.2019<\/a>\u00a0|\u00a0<a href=\"http:\/\/www.propg.ufba.br\/sites\/propg.ufba.br\/files\/edital_capes_print_ufba_01.2019_retificado_em_01.04.19.pdf\" target=\"_blank\" rel=\"noopener\">Edital &#8211; 001 2019 PrInt\u00a0UFBA<\/a>\u00a0|\u00a0<a href=\"http:\/\/www.propg.ufba.br\/sites\/propg.ufba.br\/files\/anexo_i_temas_capes_print.pdf\" target=\"_blank\" rel=\"noopener\">Anexo I -Temas<\/a>\u00a0|\u00a0<a href=\"http:\/\/www.propg.ufba.br\/sites\/propg.ufba.br\/files\/anexo_ii_-_proficiencia.pdf\" target=\"_blank\" rel=\"noopener\">Anexo II &#8211;\u00a0 Proficiencia<\/a>\u00a0|\u00a0<a href=\"http:\/\/www.propg.ufba.br\/sites\/propg.ufba.br\/files\/anexo_iii_ficha_de_inscricao_print_ufba.docx\" target=\"_blank\" rel=\"noopener\">Anexo III &#8211; Ficha de Inscri\u00e7\u00e3o PrInt\u00a0UFBA<\/a>\u00a0|\u00a0<a href=\"http:\/\/www.propg.ufba.br\/sites\/propg.ufba.br\/files\/anexo_iv_termo_de_compromisso.pdf\" target=\"_blank\" rel=\"noopener\">Anexo IV\u00a0&#8211; Termo de Compromisso<\/a>)<\/li>\n<\/ul>\n<hr \/>\n<h3>Participa\u00e7\u00e3o dos Programas de P\u00f3s-Gradua\u00e7\u00e3o<\/h3>\n<ul>\n<li><strong>Programa de P\u00f3s Gradua\u00e7\u00e3o em Antropologia<\/strong> (<a href=\"http:\/\/generoesexualidade.ffch.ufba.br\/wp-content\/uploads\/2019\/04\/Resultados-Avalacao-Comissao-PPGA-PDSE-sanduiche-2019.pdf\">2019.1<\/a> | 2019.2 | 2020.1)<\/li>\n<\/ul>\n<hr \/>\n","protected":false},"excerpt":{"rendered":"<p>Editais internos da UFBA 2018 (Edital &#8211; 002\u00a02019 PrInt UFBA\u00a0|\u00a0Anexo I- UFBA &#8211; Ficha de Inscri\u00e7\u00e3o 02.2019\u00a0|\u00a0Anexo II- Capacita\u00e7\u00e3o UFBA &#8211; Ficha de Inscri\u00e7\u00e3o 02.2019\u00a0|\u00a0Edital &#8211; 001 2019 PrInt\u00a0UFBA\u00a0|\u00a0Anexo I -Temas\u00a0|\u00a0Anexo II &#8211;\u00a0 Proficiencia\u00a0|\u00a0Anexo III &#8211; Ficha de Inscri\u00e7\u00e3o PrInt\u00a0UFBA\u00a0|\u00a0Anexo &hellip; <a href=\"https:\/\/blog.ufba.br\/desigualdades\/editais\/\">Continue lendo <span class=\"meta-nav\">&rarr;<\/span><\/a><\/p>\n","protected":false},"author":35,"featured_media":0,"parent":0,"menu_order":3,"comment_status":"open","ping_status":"open","template":"","meta":{"_coblocks_attr":"","_coblocks_dimensions":"","_coblocks_responsive_height":"","_coblocks_accordion_ie_support":"","_themeisle_gutenberg_block_has_review":false,"footnotes":""},"class_list":["post-32","page","type-page","status-publish","hentry"],"_links":{"self":[{"href":"https:\/\/blog.ufba.br\/desigualdades\/wp-json\/wp\/v2\/pages\/32"}],"collection":[{"href":"https:\/\/blog.ufba.br\/desigualdades\/wp-json\/wp\/v2\/pages"}],"about":[{"href":"https:\/\/blog.ufba.br\/desigualdades\/wp-json\/wp\/v2\/types\/page"}],"author":[{"embeddable":true,"href":"https:\/\/blog.ufba.br\/desigualdades\/wp-json\/wp\/v2\/users\/35"}],"replies":[{"embeddable":true,"href":"https:\/\/blog.ufba.br\/desigualdades\/wp-json\/wp\/v2\/comments?post=32"}],"version-history":[{"count":0,"href":"https:\/\/blog.ufba.br\/desigualdades\/wp-json\/wp\/v2\/pages\/32\/revisions"}],"wp:attachment":[{"href":"https:\/\/blog.ufba.br\/desigualdades\/wp-json\/wp\/v2\/media?parent=32"}],"curies":[{"name":"wp","href":"https:\/\/api.w.org\/{rel}","templated":true}]}}