{"id":9,"date":"2010-03-14T23:34:05","date_gmt":"2010-03-14T23:34:05","guid":{"rendered":"http:\/\/blog.ufba.br\/conlab\/?page_id=7"},"modified":"2010-03-14T23:34:05","modified_gmt":"2010-03-14T23:34:05","slug":"cronograma","status":"publish","type":"page","link":"https:\/\/blog.ufba.br\/conlab\/cronograma\/","title":{"rendered":"Cronograma Atualizado"},"content":{"rendered":"<p><strong>Agosto &#8211; Setembro\/2010<\/strong><\/p>\n<p>\u2022\tReorganiza\u00e7\u00e3o da Comiss\u00e3o Organizadora e Cientif\u00edca;<br \/>\n\u2022\tReorganiza\u00e7\u00e3o e reavalia\u00e7\u00e3o de Eixos Tem\u00e1ticos, Grupos de Trabalho (GTs), Mesas Coordenadoas e Sistema de Inscri\u00e7\u00f5es;<br \/>\n\u2022\tReformula\u00e7\u00e3o do Projeto.<\/p>\n<p><strong>04 de outubro a 30 de novembro de 2010<\/strong><\/p>\n<p>\u2022\tReabertura de inscri\u00e7\u00f5es de GTs.<strong><\/strong><\/p>\n<p><strong>30 de novembro a 23 de dezembro<\/strong><\/p>\n<p>\u2022\tSele\u00e7\u00e3o dos GTs.<\/p>\n<p><strong>11 de janeiro de 2011<\/strong><\/p>\n<p>\u2022\tDivulga\u00e7\u00e3o da sele\u00e7\u00e3o de GTs;<br \/>\n\u2022\tDivulga\u00e7\u00e3o das Mesas j\u00e1 inscritas e de convidados;<br \/>\n\u2022\tEnvio de Cartas de Aceite;<br \/>\n\u2022\tAbertura de Inscri\u00e7\u00f5es Individuais.<\/p>\n<p><strong>11 de janeiro &#8211; 14 de mar\u00e7o de 2011<\/strong><\/p>\n<p>\u2022\tPer\u00edodo de Inscri\u00e7\u00e3o de Trabalhos Individuais.<\/p>\n<p><strong> 15 de mar\u00e7o &#8211; 30 de abril de 2011<\/strong><\/p>\n<p>\u2022\tSele\u00e7\u00e3o dos Trabalhos Individuais.<\/p>\n<p><strong> 30 de abril de 201<\/strong><strong>1<\/strong><\/p>\n<p>\u2022\tDivulga\u00e7\u00e3o dos Trabalhos Individuais selecionados;<br \/>\n\u2022\tEnvio de Cartas de Aceite.<\/p>\n<p><strong> Maio \u2013 Junho de 2011<\/strong><\/p>\n<p>\u2022\tAjustes finais em organiza\u00e7\u00e3o do evento<\/p>\n<p><strong> 30 de julho &#8211; 03 de agosto de 2011<\/strong><\/p>\n<p>\u2022\tRealiza\u00e7\u00e3o do XI CONLAB<\/p>\n<p><strong> At\u00e9 31 de agosto de 2011<\/strong><br \/>\n\u2022\tPresta\u00e7\u00e3o de contas<\/p>\n","protected":false},"excerpt":{"rendered":"<p>Agosto &#8211; Setembro\/2010 \u2022 Reorganiza\u00e7\u00e3o da Comiss\u00e3o Organizadora e Cientif\u00edca; \u2022 Reorganiza\u00e7\u00e3o e reavalia\u00e7\u00e3o de Eixos Tem\u00e1ticos, Grupos de Trabalho (GTs), Mesas Coordenadoas e Sistema de Inscri\u00e7\u00f5es; \u2022 Reformula\u00e7\u00e3o do Projeto. 04 de outubro a 30 de novembro de 2010 \u2022 Reabertura de inscri\u00e7\u00f5es de GTs. 30 de novembro a 23 de dezembro \u2022 Sele\u00e7\u00e3o [&hellip;]<\/p>\n","protected":false},"author":52,"featured_media":0,"parent":0,"menu_order":3,"comment_status":"closed","ping_status":"closed","template":"","meta":{"_coblocks_attr":"","_coblocks_dimensions":"","_coblocks_responsive_height":"","_coblocks_accordion_ie_support":"","_themeisle_gutenberg_block_has_review":false,"footnotes":""},"class_list":["post-9","page","type-page","status-publish","hentry"],"_links":{"self":[{"href":"https:\/\/blog.ufba.br\/conlab\/wp-json\/wp\/v2\/pages\/9"}],"collection":[{"href":"https:\/\/blog.ufba.br\/conlab\/wp-json\/wp\/v2\/pages"}],"about":[{"href":"https:\/\/blog.ufba.br\/conlab\/wp-json\/wp\/v2\/types\/page"}],"author":[{"embeddable":true,"href":"https:\/\/blog.ufba.br\/conlab\/wp-json\/wp\/v2\/users\/52"}],"replies":[{"embeddable":true,"href":"https:\/\/blog.ufba.br\/conlab\/wp-json\/wp\/v2\/comments?post=9"}],"version-history":[{"count":0,"href":"https:\/\/blog.ufba.br\/conlab\/wp-json\/wp\/v2\/pages\/9\/revisions"}],"wp:attachment":[{"href":"https:\/\/blog.ufba.br\/conlab\/wp-json\/wp\/v2\/media?parent=9"}],"curies":[{"name":"wp","href":"https:\/\/api.w.org\/{rel}","templated":true}]}}