{"id":15,"date":"2010-03-14T23:36:36","date_gmt":"2010-03-14T23:36:36","guid":{"rendered":"http:\/\/blog.ufba.br\/conlab\/?page_id=15"},"modified":"2010-03-14T23:36:36","modified_gmt":"2010-03-14T23:36:36","slug":"equipe","status":"publish","type":"page","link":"https:\/\/blog.ufba.br\/conlab\/equipe\/","title":{"rendered":"Equipe"},"content":{"rendered":"<p>Em breve conte\u00fado como a lista com o comit\u00ea cient\u00edfico, etc.<\/p>\n","protected":false},"excerpt":{"rendered":"<p>Em breve conte\u00fado como a lista com o comit\u00ea cient\u00edfico, etc.<\/p>\n","protected":false},"author":52,"featured_media":0,"parent":0,"menu_order":7,"comment_status":"closed","ping_status":"closed","template":"","meta":{"_coblocks_attr":"","_coblocks_dimensions":"","_coblocks_responsive_height":"","_coblocks_accordion_ie_support":"","_themeisle_gutenberg_block_has_review":false,"footnotes":""},"class_list":["post-15","page","type-page","status-publish","hentry"],"_links":{"self":[{"href":"https:\/\/blog.ufba.br\/conlab\/wp-json\/wp\/v2\/pages\/15"}],"collection":[{"href":"https:\/\/blog.ufba.br\/conlab\/wp-json\/wp\/v2\/pages"}],"about":[{"href":"https:\/\/blog.ufba.br\/conlab\/wp-json\/wp\/v2\/types\/page"}],"author":[{"embeddable":true,"href":"https:\/\/blog.ufba.br\/conlab\/wp-json\/wp\/v2\/users\/52"}],"replies":[{"embeddable":true,"href":"https:\/\/blog.ufba.br\/conlab\/wp-json\/wp\/v2\/comments?post=15"}],"version-history":[{"count":0,"href":"https:\/\/blog.ufba.br\/conlab\/wp-json\/wp\/v2\/pages\/15\/revisions"}],"wp:attachment":[{"href":"https:\/\/blog.ufba.br\/conlab\/wp-json\/wp\/v2\/media?parent=15"}],"curies":[{"name":"wp","href":"https:\/\/api.w.org\/{rel}","templated":true}]}}