{"id":13,"date":"2010-03-14T23:35:57","date_gmt":"2010-03-14T23:35:57","guid":{"rendered":"http:\/\/blog.ufba.br\/conlab\/?page_id=13"},"modified":"2010-03-14T23:35:57","modified_gmt":"2010-03-14T23:35:57","slug":"programa","status":"publish","type":"page","link":"https:\/\/blog.ufba.br\/conlab\/programa\/","title":{"rendered":"Programa"},"content":{"rendered":"<p style=\"text-align: justify\">Calend\u00e1rio do evento, com as respectivas sess\u00f5es tem\u00e1ticas, grupos de trabalho, palestrantes convidados, atividades culturais, etc.<\/p>\n<p style=\"text-align: justify\"><strong>EIXOS TEM\u00c1TICOS<\/strong><\/p>\n<p style=\"text-align: justify\">\n<p style=\"text-align: justify\">XI Congresso Luso-Afro-Brasileiro de Ci\u00eancias Sociais<\/p>\n<p style=\"text-align: justify\">Tema: Diversidades e (Des)Igualdades.<\/p>\n<p style=\"text-align: justify\">1. Identidade, Poder e Pol\u00edtica no mundo luso-afro-brasileiro.<br \/>\n2. Pluralismo cultural e processos de globaliza\u00e7\u00e3o.<br \/>\n3. Economias Solid\u00e1rias, incubadoras sociais e sustentabilidade.<br \/>\n4. Religi\u00f5es, religiosidades: identidades e diversidades.<br \/>\n5. Processos Educativos e diversidades culturais.<br \/>\n6. Direitos e Cidadanias: inclus\u00e3o, exclus\u00e3o e pol\u00edticas p\u00fablicas.<br \/>\n7. Sociabilidades Plurais \u2013 fam\u00edlia, gera\u00e7\u00e3o, ra\u00e7a\/ etnia.<br \/>\n8. Culturas, Sociabilidades Urbanas e Pluralismos Culturais.<br \/>\n9. Uso de Recursos Ambientais, Gest\u00f5es e Diversidade Cultural.<br \/>\n10. Patrim\u00f4nios Culturais.<br \/>\n11. Migra\u00e7\u00f5es, Deslocamentos, Identidades e Diversidade Cultural.<br \/>\n12. Hist\u00f3rias de \/ e Diversidades.<br \/>\n13. Tens\u00f5es, Campo\/ Cidade e Diversidade Cultural.<br \/>\n14. Trabalho, Diversidade Cultural, Inclus\u00f5es e Exclus\u00f5es.<br \/>\n15. Linguagens, Artes, Diferen\u00e7as e Diversidades.<br \/>\n16. Ci\u00eancias e Tecnologia.<br \/>\n17. Comunica\u00e7\u00e3o, Processos Midi\u00e1ticos e Diversidade Cultural.<br \/>\n18. \u00c1frica e Africanidades na Di\u00e1spora.<br \/>\n19. Territorialidades e Identidades.<br \/>\n20. Corpo, Sa\u00fade e Sexualidade.<br \/>\n21. Movimentos Sociais.<br \/>\n22. Rela\u00e7\u00f5es Internacionais, Estado e Pluralidade Cultural.<\/p>\n","protected":false},"excerpt":{"rendered":"<p>Calend\u00e1rio do evento, com as respectivas sess\u00f5es tem\u00e1ticas, grupos de trabalho, palestrantes convidados, atividades culturais, etc. EIXOS TEM\u00c1TICOS XI Congresso Luso-Afro-Brasileiro de Ci\u00eancias Sociais Tema: Diversidades e (Des)Igualdades. 1. Identidade, Poder e Pol\u00edtica no mundo luso-afro-brasileiro. 2. Pluralismo cultural e processos de globaliza\u00e7\u00e3o. 3. Economias Solid\u00e1rias, incubadoras sociais e sustentabilidade. 4. Religi\u00f5es, religiosidades: identidades e [&hellip;]<\/p>\n","protected":false},"author":52,"featured_media":0,"parent":0,"menu_order":6,"comment_status":"closed","ping_status":"closed","template":"","meta":{"_coblocks_attr":"","_coblocks_dimensions":"","_coblocks_responsive_height":"","_coblocks_accordion_ie_support":"","_themeisle_gutenberg_block_has_review":false,"footnotes":""},"class_list":["post-13","page","type-page","status-publish","hentry"],"_links":{"self":[{"href":"https:\/\/blog.ufba.br\/conlab\/wp-json\/wp\/v2\/pages\/13"}],"collection":[{"href":"https:\/\/blog.ufba.br\/conlab\/wp-json\/wp\/v2\/pages"}],"about":[{"href":"https:\/\/blog.ufba.br\/conlab\/wp-json\/wp\/v2\/types\/page"}],"author":[{"embeddable":true,"href":"https:\/\/blog.ufba.br\/conlab\/wp-json\/wp\/v2\/users\/52"}],"replies":[{"embeddable":true,"href":"https:\/\/blog.ufba.br\/conlab\/wp-json\/wp\/v2\/comments?post=13"}],"version-history":[{"count":0,"href":"https:\/\/blog.ufba.br\/conlab\/wp-json\/wp\/v2\/pages\/13\/revisions"}],"wp:attachment":[{"href":"https:\/\/blog.ufba.br\/conlab\/wp-json\/wp\/v2\/media?parent=13"}],"curies":[{"name":"wp","href":"https:\/\/api.w.org\/{rel}","templated":true}]}}