{"id":11,"date":"2010-03-14T23:35:26","date_gmt":"2010-03-14T23:35:26","guid":{"rendered":"http:\/\/blog.ufba.br\/conlab\/?page_id=11"},"modified":"2010-03-14T23:35:26","modified_gmt":"2010-03-14T23:35:26","slug":"inscricao","status":"publish","type":"page","link":"https:\/\/blog.ufba.br\/conlab\/inscricao\/","title":{"rendered":"Inscri\u00e7\u00e3o"},"content":{"rendered":"<p>Link para o sistema de inscri\u00e7\u00f5es (GERE).<\/p>\n","protected":false},"excerpt":{"rendered":"<p>Link para o sistema de inscri\u00e7\u00f5es (GERE).<\/p>\n","protected":false},"author":52,"featured_media":0,"parent":0,"menu_order":5,"comment_status":"closed","ping_status":"closed","template":"","meta":{"_coblocks_attr":"","_coblocks_dimensions":"","_coblocks_responsive_height":"","_coblocks_accordion_ie_support":"","_themeisle_gutenberg_block_has_review":false,"footnotes":""},"class_list":["post-11","page","type-page","status-publish","hentry"],"_links":{"self":[{"href":"https:\/\/blog.ufba.br\/conlab\/wp-json\/wp\/v2\/pages\/11"}],"collection":[{"href":"https:\/\/blog.ufba.br\/conlab\/wp-json\/wp\/v2\/pages"}],"about":[{"href":"https:\/\/blog.ufba.br\/conlab\/wp-json\/wp\/v2\/types\/page"}],"author":[{"embeddable":true,"href":"https:\/\/blog.ufba.br\/conlab\/wp-json\/wp\/v2\/users\/52"}],"replies":[{"embeddable":true,"href":"https:\/\/blog.ufba.br\/conlab\/wp-json\/wp\/v2\/comments?post=11"}],"version-history":[{"count":0,"href":"https:\/\/blog.ufba.br\/conlab\/wp-json\/wp\/v2\/pages\/11\/revisions"}],"wp:attachment":[{"href":"https:\/\/blog.ufba.br\/conlab\/wp-json\/wp\/v2\/media?parent=11"}],"curies":[{"name":"wp","href":"https:\/\/api.w.org\/{rel}","templated":true}]}}