{"id":10,"date":"2010-03-14T23:34:55","date_gmt":"2010-03-14T23:34:55","guid":{"rendered":"http:\/\/blog.ufba.br\/conlab\/?page_id=9"},"modified":"2010-03-14T23:34:55","modified_gmt":"2010-03-14T23:34:55","slug":"informacoes","status":"publish","type":"page","link":"https:\/\/blog.ufba.br\/conlab\/informacoes\/","title":{"rendered":"Informa\u00e7\u00f5es"},"content":{"rendered":"<p style=\"text-align: justify\">Em breve conte\u00fado com o mapa de Salvador com os pontos relacionados do evento (Google Maps), al\u00e9m de lista de hot\u00e9is, restaurantes, etc.<\/p>\n","protected":false},"excerpt":{"rendered":"<p>Em breve conte\u00fado com o mapa de Salvador com os pontos relacionados do evento (Google Maps), al\u00e9m de lista de hot\u00e9is, restaurantes, etc.<\/p>\n","protected":false},"author":52,"featured_media":0,"parent":0,"menu_order":4,"comment_status":"closed","ping_status":"closed","template":"","meta":{"_coblocks_attr":"","_coblocks_dimensions":"","_coblocks_responsive_height":"","_coblocks_accordion_ie_support":"","_themeisle_gutenberg_block_has_review":false,"footnotes":""},"class_list":["post-10","page","type-page","status-publish","hentry"],"_links":{"self":[{"href":"https:\/\/blog.ufba.br\/conlab\/wp-json\/wp\/v2\/pages\/10"}],"collection":[{"href":"https:\/\/blog.ufba.br\/conlab\/wp-json\/wp\/v2\/pages"}],"about":[{"href":"https:\/\/blog.ufba.br\/conlab\/wp-json\/wp\/v2\/types\/page"}],"author":[{"embeddable":true,"href":"https:\/\/blog.ufba.br\/conlab\/wp-json\/wp\/v2\/users\/52"}],"replies":[{"embeddable":true,"href":"https:\/\/blog.ufba.br\/conlab\/wp-json\/wp\/v2\/comments?post=10"}],"version-history":[{"count":0,"href":"https:\/\/blog.ufba.br\/conlab\/wp-json\/wp\/v2\/pages\/10\/revisions"}],"wp:attachment":[{"href":"https:\/\/blog.ufba.br\/conlab\/wp-json\/wp\/v2\/media?parent=10"}],"curies":[{"name":"wp","href":"https:\/\/api.w.org\/{rel}","templated":true}]}}