{"id":800,"date":"2020-07-24T23:27:51","date_gmt":"2020-07-25T02:27:51","guid":{"rendered":"http:\/\/escolamundo.ufsc.br\/?page_id=800"},"modified":"2020-07-24T23:27:51","modified_gmt":"2020-07-25T02:27:51","slug":"acoes","status":"publish","type":"page","link":"https:\/\/blog.ufba.br\/conexaoescolamundo\/acoes\/","title":{"rendered":"A\u00e7\u00f5es"},"content":{"rendered":"\n<h1 class=\"has-text-color has-text-align-center wp-block-heading\" style=\"color:#dc5e04\"><strong>A\u00e7\u00f5es nas Escolas Conectadas<\/strong><\/h1>\n\n\n\n<p><br>Esta rede de pesquisadores e institui\u00e7\u00f5es que se apresentam juntos neste projeto prop\u00f5e um trabalho colaborativo multi e interdisciplinar de a\u00e7\u00e3o e reflex\u00e3o<br>Ou seja, a <strong>investiga\u00e7\u00e3o<\/strong> e a <strong>pesquisa<\/strong> de <strong>a\u00e7\u00f5es inovadoras<\/strong> na e com as <strong>escolas<\/strong>, que partam do ch\u00e3o da escola e que proponham um outro ecossistema que oriente <strong>novas pr\u00e1ticas <\/strong>e <strong>pol\u00edticas<\/strong>.<\/p>\n\n\n\n<div class=\"wp-block-image is-style-default\"><figure class=\"aligncenter size-large is-resized\"><img fetchpriority=\"high\" decoding=\"async\" src=\"http:\/\/escolamundo.ufsc.br\/wp-content\/uploads\/2020\/07\/acoes2-1024x768.jpg\" alt=\"\" class=\"wp-image-1083\" width=\"544\" height=\"408\" srcset=\"https:\/\/blog.ufba.br\/conexaoescolamundo\/wp-content\/uploads\/sites\/47\/2020\/07\/acoes2-1024x768.jpg 1024w, https:\/\/blog.ufba.br\/conexaoescolamundo\/wp-content\/uploads\/sites\/47\/2020\/07\/acoes2-300x225.jpg 300w, https:\/\/blog.ufba.br\/conexaoescolamundo\/wp-content\/uploads\/sites\/47\/2020\/07\/acoes2-768x576.jpg 768w, https:\/\/blog.ufba.br\/conexaoescolamundo\/wp-content\/uploads\/sites\/47\/2020\/07\/acoes2.jpg 1365w\" sizes=\"(max-width: 544px) 100vw, 544px\" \/><figcaption>Fonte: Acervo do Projeto Conex\u00e3o Escola-Mundo. <br>Da esquerda para direita: Nelson Pretto (UFBA), Andrea Lapa (UFSC), Josalba Vieira (Diretora\/CA-UFSC), Antonio Bartolom\u00e9 (UB\/Espanha)<\/figcaption><\/figure><\/div>\n\n\n\n<p>O objetivo final est\u00e1 na cria\u00e7\u00e3o de <strong>metodologias transformadoras<\/strong> para a <strong>forma\u00e7\u00e3o cidad\u00e3<\/strong> que estabele\u00e7am na escola um <strong>novo paradigma<\/strong>, centrado em uma educa\u00e7\u00e3o para a <strong>autoria<\/strong>, <strong>colabora\u00e7\u00e3o<\/strong> e <strong>produ\u00e7\u00e3o<\/strong>, a escola com <em>jeito hacker de ser<\/em>.<\/p>\n\n\n\n<blockquote class=\"wp-block-quote has-text-align-right is-layout-flow wp-block-quote-is-layout-flow\"><p><em>Um hacker tem participa\u00e7\u00e3o ativa no seu grupo social: <\/em><br><em>produz conte\u00fados e os faz circular imediatamente <\/em><br><em>para que possam ser testados e aperfei\u00e7oados por todos.<\/em><\/p><cite>Projeto Conex\u00e3o Escola-Mundo, 2018.<br><\/cite><\/blockquote>\n\n\n\n<div class=\"wp-block-image\"><figure class=\"aligncenter size-large is-resized\"><img decoding=\"async\" src=\"http:\/\/escolamundo.ufsc.br\/wp-content\/uploads\/2020\/07\/acoes-4-1024x768.jpg\" alt=\"\" class=\"wp-image-1084\" width=\"519\" height=\"389\" srcset=\"https:\/\/blog.ufba.br\/conexaoescolamundo\/wp-content\/uploads\/sites\/47\/2020\/07\/acoes-4-1024x768.jpg 1024w, https:\/\/blog.ufba.br\/conexaoescolamundo\/wp-content\/uploads\/sites\/47\/2020\/07\/acoes-4-300x225.jpg 300w, https:\/\/blog.ufba.br\/conexaoescolamundo\/wp-content\/uploads\/sites\/47\/2020\/07\/acoes-4-768x576.jpg 768w, https:\/\/blog.ufba.br\/conexaoescolamundo\/wp-content\/uploads\/sites\/47\/2020\/07\/acoes-4.jpg 1365w\" sizes=\"(max-width: 519px) 100vw, 519px\" \/><figcaption>Fonte: Acervo do Projeto Conex\u00e3o Escola-Mundo, 2019.<\/figcaption><\/figure><\/div>\n\n\n\n<h5 class=\"wp-block-heading\"><br>Inspirados na forma de existir dos hacker, poder\u00edamos pensar em alguns outros elementos para o sistema educacional que estamos a vislumbrar:<br><\/h5>\n\n\n\n<ul class=\"wp-block-list\"><li>\u270e O <strong>acesso<\/strong> a <strong>todo<\/strong> e <strong>qualquer<\/strong> <strong>meio de ensino<\/strong> deve ser total aos que <strong>querem aprender<\/strong>.<\/li><\/ul>\n\n\n\n<ul class=\"wp-block-list\"><li>\u270e <strong>Desconfiar da autoridade<\/strong> significa pensar que professores, livros e qualquer fonte de informa\u00e7\u00e3o deva ser lida com <strong>cr\u00edtica<\/strong>, com uma <strong>profunda aten\u00e7\u00e3o<\/strong>, sempre se buscando <strong>comparar<\/strong> e <strong>encontrar outras poss\u00edveis fontes<\/strong> para ver os mesmos fatos a partir de <strong>outros \u00e2ngulos.<\/strong><\/li><\/ul>\n\n\n\n<ul class=\"wp-block-list\"><li>\u270e Os processos de aprendizagem precisam estar centrados, da mesma maneira que deve ser defendido o <strong>livre acesso<\/strong> a todo tipo de <strong>informa\u00e7\u00e3o<\/strong>, numa l\u00f3gica baseada na <strong>cria\u00e7\u00e3o<\/strong> e <strong>produ\u00e7\u00e3o<\/strong> de <strong>culturas<\/strong> e <strong>conhecimentos<\/strong> e n\u00e3o no mero consumo de informa\u00e7\u00e3o.<\/li><\/ul>\n\n\n\n<ul class=\"wp-block-list\"><li>\u270e \u00c9 necess\u00e1rio compreender a <strong>diversidade<\/strong> <strong>de<\/strong> <strong>saberes<\/strong>, <strong>culturas<\/strong> e <strong>conhecimentos<\/strong> trazidos para a escola por <strong>alunos<\/strong>, <strong>professores<\/strong>, <strong>m\u00eddias<\/strong> e <strong>materiais did\u00e1ticos<\/strong>.  Isso, se trabalhado na sua extens\u00e3o, favorece a forma\u00e7\u00e3o e a cria\u00e7\u00e3o. <br>Como as escolas n\u00e3o est\u00e3o preparadas para lidar com a complexidade e a <strong>pluralidade de opini\u00f5es dos seus alunos<\/strong>, elas acabam destruindo, ao longo de sua escolariza\u00e7\u00e3o, a <strong>criatividade<\/strong>, fazendo (e achando que conseguem!) com que todos os <strong>jovens<\/strong> pensem da mesma forma.<br><strong>Necess\u00e1rio se faz superar essa vis\u00e3o.<\/strong><\/li><\/ul>\n\n\n\n<ul class=\"wp-block-list\"><li>\u270e <strong>A c\u00f3pia \u00e9 parte do processo de aprendizagem <\/strong>e deve ser <strong>defendida<\/strong>, assim como o <strong>livre acesso <\/strong>a todo tipo de <strong>informa\u00e7\u00e3o<\/strong>.<br>O que vemos \u00e9 que, apesar de nas s\u00e9ries iniciais o compartilhamento dos bens, como brinquedos e materiais escolares, ser estimulado pelos professores, conforme os anos v\u00e3o avan\u00e7ando o aluno aprende que a troca de informa\u00e7\u00f5es tem certos limites e que a c\u00f3pia n\u00e3o \u00e9 bem vista no ambiente acad\u00eamico.<br><\/li><\/ul>\n\n\n\n<div class=\"wp-block-image\"><figure class=\"aligncenter size-large is-resized\"><img decoding=\"async\" src=\"http:\/\/escolamundo.ufsc.br\/wp-content\/uploads\/2020\/07\/acoes5-1024x768.jpg\" alt=\"\" class=\"wp-image-1089\" width=\"471\" height=\"353\" srcset=\"https:\/\/blog.ufba.br\/conexaoescolamundo\/wp-content\/uploads\/sites\/47\/2020\/07\/acoes5-1024x768.jpg 1024w, https:\/\/blog.ufba.br\/conexaoescolamundo\/wp-content\/uploads\/sites\/47\/2020\/07\/acoes5-300x225.jpg 300w, https:\/\/blog.ufba.br\/conexaoescolamundo\/wp-content\/uploads\/sites\/47\/2020\/07\/acoes5-768x576.jpg 768w, https:\/\/blog.ufba.br\/conexaoescolamundo\/wp-content\/uploads\/sites\/47\/2020\/07\/acoes5.jpg 1280w\" sizes=\"(max-width: 471px) 100vw, 471px\" \/><figcaption>Fonte: Acervo do Projeto Conex\u00e3o Escola-Mundo, 2019.<br><\/figcaption><\/figure><\/div>\n\n\n\n<ul class=\"wp-block-list\"><li>\u270e <strong>O erro n\u00e3o deve ser criminalizado e nem mesmo evitado<\/strong>, pois ele faz parte dos processos de aprendizagem que t\u00eam como foco a busca deformar <strong>cidad\u00e3os criadores de conhecimentos, saberes e culturas<\/strong>.<\/li><\/ul>\n\n\n\n<ul class=\"wp-block-list\"><li>\u270e A <strong>arquitetura<\/strong> das <strong>escolas<\/strong> deve ser tal que <strong>possibilite<\/strong> que as <strong>atividades<\/strong> se deem de forma muito mais <strong>livre e coletiva<\/strong><br>N\u00e3o deixando, obviamente, de haver espa\u00e7o para uma aula, um quadro negro (ou branco), uma biblioteca com livros e coisas com que estamos j\u00e1 acostumados no ambiente escolar. Mas essa n\u00e3o pode ser a domin\u00e2ncia espacial do projeto.<\/li><\/ul>\n","protected":false},"excerpt":{"rendered":"<p>A\u00e7\u00f5es nas Escolas Conectadas Esta rede de pesquisadores e institui\u00e7\u00f5es que se apresentam juntos neste projeto prop\u00f5e um trabalho colaborativo multi e interdisciplinar de a\u00e7\u00e3o e reflex\u00e3oOu seja, a investiga\u00e7\u00e3o e a pesquisa de a\u00e7\u00f5es inovadoras na e com as escolas, que partam do ch\u00e3o da escola e que proponham um outro ecossistema que oriente [&hellip;]<\/p>\n","protected":false},"author":152,"featured_media":0,"parent":0,"menu_order":0,"comment_status":"closed","ping_status":"closed","template":"pagdeconteudo.php","meta":{"_coblocks_attr":"","_coblocks_dimensions":"","_coblocks_responsive_height":"","_coblocks_accordion_ie_support":"","_themeisle_gutenberg_block_has_review":false,"footnotes":""},"class_list":["post-800","page","type-page","status-publish","hentry"],"_links":{"self":[{"href":"https:\/\/blog.ufba.br\/conexaoescolamundo\/wp-json\/wp\/v2\/pages\/800"}],"collection":[{"href":"https:\/\/blog.ufba.br\/conexaoescolamundo\/wp-json\/wp\/v2\/pages"}],"about":[{"href":"https:\/\/blog.ufba.br\/conexaoescolamundo\/wp-json\/wp\/v2\/types\/page"}],"author":[{"embeddable":true,"href":"https:\/\/blog.ufba.br\/conexaoescolamundo\/wp-json\/wp\/v2\/users\/152"}],"replies":[{"embeddable":true,"href":"https:\/\/blog.ufba.br\/conexaoescolamundo\/wp-json\/wp\/v2\/comments?post=800"}],"version-history":[{"count":0,"href":"https:\/\/blog.ufba.br\/conexaoescolamundo\/wp-json\/wp\/v2\/pages\/800\/revisions"}],"wp:attachment":[{"href":"https:\/\/blog.ufba.br\/conexaoescolamundo\/wp-json\/wp\/v2\/media?parent=800"}],"curies":[{"name":"wp","href":"https:\/\/api.w.org\/{rel}","templated":true}]}}