{"id":781,"date":"2020-07-24T20:50:56","date_gmt":"2020-07-24T23:50:56","guid":{"rendered":"http:\/\/escolamundo.ufsc.br\/?page_id=781"},"modified":"2020-07-24T20:50:56","modified_gmt":"2020-07-24T23:50:56","slug":"escolas","status":"publish","type":"page","link":"https:\/\/blog.ufba.br\/conexaoescolamundo\/escolas\/","title":{"rendered":"Escolas"},"content":{"rendered":"\n<h1 class=\"has-text-color has-text-align-center wp-block-heading\" style=\"color:#5402a1\"><strong>Escolas que se conectam com o Mundo<\/strong><\/h1>\n\n\n\n<p><br>O projeto ocorre advindo da observa\u00e7\u00e3o de pesquisadores, professores e ativistas acerca do <strong>aumento da intoler\u00e2ncia<\/strong>, o discurso de \u00f3dio e a viol\u00eancia nos ciberespa\u00e7os e plataformas digitais no mundo contempor\u00e2neo.<\/p>\n\n\n\n<p>Nesta perspectiva, universidade e escola estar\u00e3o juntas na <em>interven\u00e7\u00e3o-a\u00e7\u00e3o<\/em>. Uma pr\u00e1tica inovadora de forma\u00e7\u00e3o para a cidadania atrav\u00e9s da imers\u00e3o na <strong>cultura digital<\/strong> em uma perspectiva ativista de <strong>empoderamento<\/strong>, <strong>autoria<\/strong> e <strong>produ\u00e7\u00e3o colaborativa<\/strong>, que neste projeto associamos \u00e0 <em>cultura hacker<\/em>.<\/p>\n\n\n\n<p><br><strong><em>E quem participa?<\/em><\/strong><\/p>\n\n\n\n<blockquote class=\"wp-block-quote has-text-align-left is-style-default is-layout-flow wp-block-quote-is-layout-flow\"><p>Todos v\u00e3o participar da \u200binterven\u00e7\u00e3o que \u00e9 uma esp\u00e9cie de <em>resid\u00eancia docente<\/em> e desenvolver\u00e3o nas escolas <strong>pr\u00e1ticas transformadoras<\/strong> de conviv\u00eancia democr\u00e1tica e de aproxima\u00e7\u00e3o com o outro atrav\u00e9s de uma metodologia ativista de inclus\u00e3o na cultura digital, realizada atrav\u00e9s da implanta\u00e7\u00e3o de pr\u00e1ticas hackers nas escolas<\/p><\/blockquote>\n\n\n\n<p><br>Nossos objetivos s\u00e3o m\u00faltiplos, mas nosso foco \u00e9 <strong>criar e experimentar uma metodologia de \u200binterven\u00e7\u00e3o na escola para a forma\u00e7\u00e3o em direitos humanos dentro da perspectiva da educa\u00e7\u00e3o hacker<\/strong>.<\/p>\n\n\n\n<h3 class=\"wp-block-heading\"><br>Nossas Escolas Parceiras<\/h3>\n\n\n\n<h3 class=\"has-text-align-right wp-block-heading\"><br>BAHIA<\/h3>\n\n\n\n<h3 class=\"has-text-color has-text-align-center wp-block-heading\" style=\"color:#e25f03\"><strong> Centro Estadual de Educa\u00e7\u00e3o Profissional em Apoio Educacional e Tecnologia da Informa\u00e7\u00e3o Isa\u00edas Alves<\/strong><br>( <em>\u200bCEEP &#8211; Isa\u00edas Alves<\/em> )\u200b<\/h3>\n\n\n\n<div class=\"wp-block-image\"><figure class=\"aligncenter size-large is-resized\"><img fetchpriority=\"high\" decoding=\"async\" src=\"http:\/\/escolamundo.ufsc.br\/wp-content\/uploads\/2020\/07\/iceia-fachada.jpg\" alt=\"\" class=\"wp-image-802\" width=\"580\" height=\"290\" srcset=\"https:\/\/blog.ufba.br\/conexaoescolamundo\/wp-content\/uploads\/sites\/47\/2020\/07\/iceia-fachada.jpg 700w, https:\/\/blog.ufba.br\/conexaoescolamundo\/wp-content\/uploads\/sites\/47\/2020\/07\/iceia-fachada-300x150.jpg 300w\" sizes=\"(max-width: 580px) 100vw, 580px\" \/><figcaption>Fonte: Secretaria de Educa\u00e7\u00e3o do Estado da Bahia, xxxx<br>Endere\u00e7o: Pra\u00e7a do Barbalho &#8211; Barbalho, Salvador &#8211; BA, 40301-155<br>Contato: (71) 3242-4514<br>Site: <a rel=\"noreferrer noopener\" href=\"http:\/\/institutocentraldeeducaoisaasalves.blogspot.com.br\/\" target=\"_blank\">http:\/\/institutocentraldeeducaoisaasalves.blogspot.com.br<\/a>\/<\/figcaption><\/figure><\/div>\n\n\n\n<p>O CEEP Isa\u00edas Alves atualmente oferta cursos em 4 (quatro) eixos, s\u00e3o eles: <strong>Gest\u00e3o e Neg\u00f3cio<\/strong>, <strong>Produ\u00e7\u00e3o Cultural<\/strong> <strong>e<\/strong> <strong>Design<\/strong>, <strong>Informa\u00e7\u00e3o e Comunica\u00e7\u00e3o<\/strong>, e <strong>Desenvolvimento Social e Cultural<\/strong>.<br><br>Os cursos citados s\u00e3o articulados em 3 (tr\u00eas) modalidades:<\/p>\n\n\n\n<ul class=\"wp-block-list\"><li><strong>Educa\u00e7\u00e3o Profissional Integrada ao Ensino M\u00e9dio<\/strong> (EPI); <\/li><li><strong>Educa\u00e7\u00e3o Profissional Subsequente ao Ensino M\u00e9dio<\/strong> (PROSUB);<\/li><li><strong>Educa\u00e7\u00e3o Profissional Integrada \u00e0 Educa\u00e7\u00e3o de Jovens e Adultos<\/strong> (PROEJA).<\/li><\/ul>\n\n\n\n<h3 class=\"has-text-align-right wp-block-heading\"><br><br>SANTA CATARINA<\/h3>\n\n\n\n<h3 class=\"has-text-color has-text-align-center wp-block-heading\" style=\"color:#da5d03\"><strong>Col\u00e9gio de Aplica\u00e7\u00e3o da UFSC<\/strong><br>( <em>CA &#8211; UFSC<\/em> )<\/h3>\n\n\n\n<div class=\"wp-block-image\"><figure class=\"aligncenter size-large is-resized\"><img decoding=\"async\" src=\"http:\/\/escolamundo.ufsc.br\/wp-content\/uploads\/2020\/07\/col\u00e9gio-de-aplica\u00e7\u00e3o.jpg\" alt=\"\" class=\"wp-image-801\" width=\"590\" height=\"217\" \/><figcaption>Fonte: xxxx<br>Endere\u00e7o: Rua Engenheiro Agron\u00f4mico Andrei Cristian Ferreira &#8211; Trindade, Florian\u00f3polis &#8211; SC<br>Contato: (48) 3721-2404<br>Site: <a rel=\"noreferrer noopener\" href=\"https:\/\/www.ca.ufsc.br\/\" target=\"_blank\">https:\/\/www.ca.ufsc.br\/ <\/a><\/figcaption><\/figure><\/div>\n\n\n\n<p>O Col\u00e9gio de Aplica\u00e7\u00e3o, inserido no <strong>Centro de Ci\u00eancias da&nbsp; Educa\u00e7\u00e3o <\/strong>da <strong>Universidade Federal de Santa Catarina<\/strong>, \u00e9 uma unidade educacional que atende ao<strong> Ensino Fundamental<\/strong> e <strong>M\u00e9dio<\/strong>. Funciona em pr\u00e9dio pr\u00f3prio, no Campus Universit\u00e1rio, e est\u00e1 localizado no Bairro da&nbsp; Trindade, munic\u00edpio de <strong>Florian\u00f3polis<\/strong>.<\/p>\n\n\n\n<p>O Col\u00e9gio foi criado em 1961, com o objetivo de servir de<strong> campo de est\u00e1gio<\/strong> destinado \u00e0\u00a0 <strong>pr\u00e1tica docente<\/strong> dos alunos matriculados na Universidade e assim se expandiu at\u00e9 a configura\u00e7\u00e3o disposta atualmente.<\/p>\n","protected":false},"excerpt":{"rendered":"<p>Escolas que se conectam com o Mundo O projeto ocorre advindo da observa\u00e7\u00e3o de pesquisadores, professores e ativistas acerca do aumento da intoler\u00e2ncia, o discurso de \u00f3dio e a viol\u00eancia nos ciberespa\u00e7os e plataformas digitais no mundo contempor\u00e2neo. Nesta perspectiva, universidade e escola estar\u00e3o juntas na interven\u00e7\u00e3o-a\u00e7\u00e3o. Uma pr\u00e1tica inovadora de forma\u00e7\u00e3o para a cidadania [&hellip;]<\/p>\n","protected":false},"author":152,"featured_media":0,"parent":0,"menu_order":0,"comment_status":"closed","ping_status":"closed","template":"pagdeconteudo.php","meta":{"_coblocks_attr":"","_coblocks_dimensions":"","_coblocks_responsive_height":"","_coblocks_accordion_ie_support":"","_themeisle_gutenberg_block_has_review":false,"footnotes":""},"class_list":["post-781","page","type-page","status-publish","hentry"],"_links":{"self":[{"href":"https:\/\/blog.ufba.br\/conexaoescolamundo\/wp-json\/wp\/v2\/pages\/781"}],"collection":[{"href":"https:\/\/blog.ufba.br\/conexaoescolamundo\/wp-json\/wp\/v2\/pages"}],"about":[{"href":"https:\/\/blog.ufba.br\/conexaoescolamundo\/wp-json\/wp\/v2\/types\/page"}],"author":[{"embeddable":true,"href":"https:\/\/blog.ufba.br\/conexaoescolamundo\/wp-json\/wp\/v2\/users\/152"}],"replies":[{"embeddable":true,"href":"https:\/\/blog.ufba.br\/conexaoescolamundo\/wp-json\/wp\/v2\/comments?post=781"}],"version-history":[{"count":0,"href":"https:\/\/blog.ufba.br\/conexaoescolamundo\/wp-json\/wp\/v2\/pages\/781\/revisions"}],"wp:attachment":[{"href":"https:\/\/blog.ufba.br\/conexaoescolamundo\/wp-json\/wp\/v2\/media?parent=781"}],"curies":[{"name":"wp","href":"https:\/\/api.w.org\/{rel}","templated":true}]}}