{"id":4894,"date":"2022-11-09T19:42:46","date_gmt":"2022-11-09T22:42:46","guid":{"rendered":"http:\/\/escolamundo.ufsc.br\/?page_id=4894"},"modified":"2022-11-09T19:42:46","modified_gmt":"2022-11-09T22:42:46","slug":"seminario2022","status":"publish","type":"page","link":"https:\/\/blog.ufba.br\/conexaoescolamundo\/seminario2022\/","title":{"rendered":"II Semin\u00e1rio Internacional Conex\u00e3o Escola-Mundo"},"content":{"rendered":"\n<h2 class=\"wp-block-heading\"><strong><span class=\"has-inline-color has-luminous-vivid-orange-color\">Local:<\/span><\/strong> Audit\u00f3rio EFI &#8211; Universidade Federal de Santa Catarina, Florian\u00f3polis<br><strong><span class=\"has-inline-color has-luminous-vivid-orange-color\">Per\u00edodo:<\/span> <\/strong>21 a 24 de novembro<\/h2>\n\n\n\n<p><\/p>\n\n\n\n<h2 class=\"has-text-align-center wp-block-heading\"><strong>FA\u00c7A A SUA <a href=\"https:\/\/inscricoes.ufsc.br\/escola-mundo\"><span class=\"has-inline-color has-vivid-cyan-blue-color\">INSCRI\u00c7\u00c3O AQUI!<\/span><\/a><\/strong><\/h2>\n\n\n\n<p><\/p>\n\n\n\n<h2 class=\"wp-block-heading\"><span style=\"color:#ff8150\" class=\"has-inline-color\">Programa\u00e7\u00e3o<\/span><\/h2>\n\n\n\n<figure class=\"wp-block-table\"><table class=\"has-subtle-pale-blue-background-color has-background\" border=\"1\"><tbody><tr><td>&nbsp;<\/td><td class=\"has-text-align-center\" data-align=\"center\" colspan=\"2\"><strong>MANH\u00c3<\/strong><\/td><td class=\"has-text-align-center\" data-align=\"center\" colspan=\"2\"><strong>TARDE<\/strong><\/td><\/tr><tr><td rowspan=\"4\"><strong>SEGUNDA-FEIRA: 21\/11<\/strong><\/td><td><strong><em>8:30<\/em><\/strong><\/td><td class=\"has-text-align-center\" data-align=\"center\"><strong><em>Chegada e reencontros<\/em><\/strong><\/td><td rowspan=\"2\"><strong>14:00<\/strong><\/td><td class=\"has-text-align-center\" data-align=\"center\" rowspan=\"2\"><strong><em>Mesa: Experi\u00eancias nas escolas<\/em><\/strong><\/td><\/tr><tr><td><strong><em>9:00<\/em><\/strong><\/td><td class=\"has-text-align-center\" data-align=\"center\"><strong><em>Abertura<\/em><\/strong><\/td><\/tr><tr><td><strong><em>10:00<\/em><\/strong><\/td><td class=\"has-text-align-center\" data-align=\"center\"><strong><em> Apresenta\u00e7\u00e3o<br>Projeto Conex\u00e3o Escola-Mu<\/em><\/strong><em><strong>ndo<\/strong><\/em><\/td><td rowspan=\"2\"><em><strong>16:30<\/strong><\/em><\/td><td class=\"has-text-align-center\" data-align=\"center\" rowspan=\"2\"><em><strong>Liberte o hacker que existe em voc\u00ea!<br><\/strong>Karina Menezes (UFBA), Alexandre Aguado (IFSP), Juary Rocha (UFPel), (Daniel Pinheiro- UFSB)<\/em><\/td><\/tr><tr><td><strong>11:00<\/strong><\/td><td class=\"has-text-align-center\" data-align=\"center\"><strong>Confer\u00eancia Internacional<br><\/strong>Antonio Bartolom\u00e9\/Universitat de Barcelona<\/td><\/tr><\/tbody><\/table><\/figure>\n\n\n\n<figure class=\"wp-block-table\"><table class=\"has-subtle-pale-blue-background-color has-background\" border=\"1\" cellpadding=\"1\"><tbody><tr><td>&nbsp;<\/td><td class=\"has-text-align-center\" data-align=\"center\" colspan=\"2\"><strong>MANH\u00c3<\/strong><\/td><td class=\"has-text-align-center\" data-align=\"center\" colspan=\"2\"><strong>TARDE<\/strong><\/td><\/tr><tr><td rowspan=\"2\"><strong>TER\u00c7A-FEIRA: 22\/11<\/strong><\/td><td rowspan=\"2\"><strong><em>9:00 \u00e0s 12:00<\/em><\/strong><\/td><td class=\"has-text-align-center\" data-align=\"center\" rowspan=\"2\"><strong><em>Mesa: Dialogando nas pesquisas<\/em><\/strong><\/td><td><strong><em>14:00<\/em><\/strong><\/td><td class=\"has-text-align-center\" data-align=\"center\"><strong><em>Metodologias da a\u00e7\u00e3o hacker na escola<br><\/em><\/strong><em>(Marina Esp\u00edndola PPGECT\/UFSC; Karina Moreira Menezes\/UFBA)<\/em> <br><\/td><\/tr><tr><td><strong><em>14:30<\/em><\/strong><\/td><td class=\"has-text-align-center\" data-align=\"center\"><strong><em> Metodologias da pesquisa hacker no projeto<br><\/em><\/strong><em>Experi\u00eancias inovadoras na pesquisa em educa\u00e7\u00e3o<br>(Andrea Lapa\/UFSC, Nelson Pretto\/UFBA)<\/em> <strong><em>#Dicas\/Alinhavos<br><\/em><\/strong><em>Amarra\u00e7\u00e3o dos resultados por temas (GEC\/Comunic)<\/em><\/td><\/tr><\/tbody><\/table><\/figure>\n\n\n\n<figure class=\"wp-block-table\"><table class=\"has-subtle-pale-blue-background-color has-background\" border=\"1\" cellpadding=\"1\" align=\"center\"><thead><tr><th><\/th><th class=\"has-text-align-center\" data-align=\"center\" colspan=\"2\"><strong>MANH\u00c3<\/strong><\/th><th class=\"has-text-align-center\" data-align=\"center\" colspan=\"2\"><strong>TARDE<\/strong><\/th><\/tr><\/thead><tbody><tr><td rowspan=\"3\"><strong>QUARTA-FEIRA: 23\/11<\/strong><\/td><td><strong><em>9:00<\/em><\/strong><\/td><td class=\"has-text-align-center\" data-align=\"center\"><br><strong><em>Em busca da soberania digital<br><\/em><\/strong><em>Nelson Pretto &#8211; UFBA<br>Vinicius Ramos \u2013 UFSC<br>Juary Rocha &#8211; UFPel<\/em><br><br> &nbsp;<\/td><td><strong><em>14:30<\/em><\/strong><\/td><td class=\"has-text-align-center\" data-align=\"center\"><br><strong><em>Novos projetos\/Fios soltos<br><\/em><\/strong>Nelson Pretto &#8211; PPGE\/FACED\/UFBA<br>Andrea Lapa\/UFSC)<br><br><\/td><\/tr><tr><td><strong><em>10:30<\/em><\/strong><\/td><td class=\"has-text-align-center\" data-align=\"center\"><strong><em>Avalia\u00e7\u00e3o do Projeto<br><\/em><\/strong><em>(Antonio Bartolom\u00e9\/UB)<br>(Josenilson Araujo\/CNPq)<\/em><\/td><td><strong>15:30<\/strong><\/td><td class=\"has-text-align-center\" data-align=\"center\"><strong><em>Lan\u00e7amento de v\u00eddeos do projeto<\/em><\/strong><br><strong><em>Confer\u00eancia Internacional<\/em><br>&nbsp;<\/strong>Antonio Lafuente\/CCHS, Madrid<\/td><\/tr><tr><td><\/td><td class=\"has-text-align-center\" data-align=\"center\"><\/td><td><strong>17:30<\/strong><\/td><td class=\"has-text-align-center\" data-align=\"center\"><strong><em>Encerramento<\/em><\/strong><\/td><\/tr><\/tbody><\/table><\/figure>\n\n\n\n<h3 class=\"wp-block-heading\"><a href=\"http:\/\/blog.ufba.br\/conexaoescolamundo\/wp-content\/uploads\/sites\/47\/2022\/11\/Programa_II-SemInternacional-2022.pdf\" target=\"_blank\" rel=\"noreferrer noopener\"><span class=\"has-inline-color has-vivid-cyan-blue-color\">Programa Detalhado<\/span><\/a><\/h3>\n\n\n\n<!--more-->\n\n\n\n<hr class=\"wp-block-separator\" \/>\n\n\n\n<h2 class=\"has-text-align-left wp-block-heading\"><strong>Parceiros:<\/strong><\/h2>\n\n\n\n<p><\/p>\n\n\n\n<div class=\"wp-block-image\"><figure class=\"alignleft size-large is-resized\"><a href=\"https:\/\/egc.ufsc.br\" target=\"_blank\" rel=\"noopener noreferrer\"><img decoding=\"async\" src=\"http:\/\/blog.ufba.br\/conexaoescolamundo\/wp-content\/uploads\/sites\/47\/2022\/11\/logo-EGC-1024x298.png\" alt=\"\" class=\"wp-image-4943\" width=\"147\" height=\"42\" srcset=\"https:\/\/blog.ufba.br\/conexaoescolamundo\/wp-content\/uploads\/sites\/47\/2022\/11\/logo-EGC-1024x298.png 1024w, https:\/\/blog.ufba.br\/conexaoescolamundo\/wp-content\/uploads\/sites\/47\/2022\/11\/logo-EGC-300x87.png 300w, https:\/\/blog.ufba.br\/conexaoescolamundo\/wp-content\/uploads\/sites\/47\/2022\/11\/logo-EGC-768x224.png 768w, https:\/\/blog.ufba.br\/conexaoescolamundo\/wp-content\/uploads\/sites\/47\/2022\/11\/logo-EGC-1536x447.png 1536w, https:\/\/blog.ufba.br\/conexaoescolamundo\/wp-content\/uploads\/sites\/47\/2022\/11\/logo-EGC-2048x596.png 2048w\" sizes=\"(max-width: 147px) 100vw, 147px\" \/><\/a><figcaption><strong>PPGEGC\/UFSC<\/strong><\/figcaption><\/figure><\/div>\n\n\n\n<div class=\"wp-block-image\"><figure class=\"alignleft size-large is-resized\"><a href=\"https:\/\/ppgect.ufsc.br\" target=\"_blank\" rel=\"noopener noreferrer\"><img decoding=\"async\" src=\"http:\/\/escolamundo.ufsc.br\/wp-content\/uploads\/2022\/11\/05-878x1024.jpg\" alt=\"\" class=\"wp-image-4944\" width=\"115\" height=\"133\"><\/a><figcaption><strong>PPGECT\/UFSC<\/strong><\/figcaption><\/figure><\/div>\n","protected":false},"excerpt":{"rendered":"<p>Local: Audit\u00f3rio EFI &#8211; Universidade Federal de Santa Catarina, Florian\u00f3polisPer\u00edodo: 21 a 24 de novembro FA\u00c7A A SUA INSCRI\u00c7\u00c3O AQUI! Programa\u00e7\u00e3o &nbsp; MANH\u00c3 TARDE SEGUNDA-FEIRA: 21\/11 8:30 Chegada e reencontros 14:00 Mesa: Experi\u00eancias nas escolas 9:00 Abertura 10:00 Apresenta\u00e7\u00e3oProjeto Conex\u00e3o Escola-Mundo 16:30 Liberte o hacker que existe em voc\u00ea!Karina Menezes (UFBA), Alexandre Aguado (IFSP), Juary [&hellip;]<\/p>\n","protected":false},"author":153,"featured_media":0,"parent":0,"menu_order":0,"comment_status":"closed","ping_status":"closed","template":"pagdeconteudo.php","meta":{"_coblocks_attr":"","_coblocks_dimensions":"","_coblocks_responsive_height":"","_coblocks_accordion_ie_support":"","_themeisle_gutenberg_block_has_review":false,"footnotes":""},"class_list":["post-4894","page","type-page","status-publish","hentry"],"_links":{"self":[{"href":"https:\/\/blog.ufba.br\/conexaoescolamundo\/wp-json\/wp\/v2\/pages\/4894"}],"collection":[{"href":"https:\/\/blog.ufba.br\/conexaoescolamundo\/wp-json\/wp\/v2\/pages"}],"about":[{"href":"https:\/\/blog.ufba.br\/conexaoescolamundo\/wp-json\/wp\/v2\/types\/page"}],"author":[{"embeddable":true,"href":"https:\/\/blog.ufba.br\/conexaoescolamundo\/wp-json\/wp\/v2\/users\/153"}],"replies":[{"embeddable":true,"href":"https:\/\/blog.ufba.br\/conexaoescolamundo\/wp-json\/wp\/v2\/comments?post=4894"}],"version-history":[{"count":0,"href":"https:\/\/blog.ufba.br\/conexaoescolamundo\/wp-json\/wp\/v2\/pages\/4894\/revisions"}],"wp:attachment":[{"href":"https:\/\/blog.ufba.br\/conexaoescolamundo\/wp-json\/wp\/v2\/media?parent=4894"}],"curies":[{"name":"wp","href":"https:\/\/api.w.org\/{rel}","templated":true}]}}