{"id":2355,"date":"2020-12-08T21:15:03","date_gmt":"2020-12-09T00:15:03","guid":{"rendered":"http:\/\/escolamundo.ufsc.br\/?page_id=2355"},"modified":"2020-12-08T21:15:03","modified_gmt":"2020-12-09T00:15:03","slug":"radioweb","status":"publish","type":"page","link":"https:\/\/blog.ufba.br\/conexaoescolamundo\/radioweb\/","title":{"rendered":"R\u00e1dio Web"},"content":{"rendered":"\n<h2 class=\"has-text-align-center wp-block-heading\">Esta\u00e7\u00f5es de R\u00e1dioWeb<\/h2>\n\n\n\n<p>O desenvolvimento de WEB R\u00e1dios ocorreu afim de juntar de maneira pr\u00e1tica as <strong>teorias hackers<\/strong> e os <strong>direitos humanos<\/strong>, colocando os alunos e alunas como <strong>protagonistas <\/strong>de suas pr\u00f3prias narrativas.<\/p>\n\n\n\n<p>Atrav\u00e9s de oficinas, aulas e viv\u00eancias culminamos nesses tr\u00eas projetos inter-codependentes, as Web R\u00e1dios:<\/p>\n\n\n\n<h3 class=\"wp-block-heading\"><a href=\"https:\/\/escolamundo.ufsc.br\/radioweb-conexao-escola-mundo\/\"><span class=\"has-inline-color has-vivid-cyan-blue-color\">R\u00e1dioWeb Conex\u00e3o Escola Mundo<br><\/span><\/a><a href=\"https:\/\/escolamundo.ufsc.br\/radioweb-colegio-de-aplicacao-ufsc\/\"><span class=\"has-inline-color has-vivid-cyan-blue-color\">R\u00e1dioWeb Col\u00e9gio de Aplica\u00e7\u00e3o UFSC<br><\/span><\/a><a href=\"https:\/\/escolamundo.ufsc.br\/radioweb-iceep-isaias-alves\/\"><span class=\"has-inline-color has-vivid-cyan-blue-color\">R\u00e1dioWeb ICEEP &#8211; Isa\u00edas Alves<\/span><\/a><\/h3>\n\n\n\n<blockquote class=\"wp-block-quote has-text-align-right is-layout-flow wp-block-quote-is-layout-flow\"><p><\/p><cite>Para mais informa\u00e7\u00f5es e acessar a programa\u00e7\u00e3o de cada uma das nossas esta\u00e7\u00f5es clique sobre o nome da r\u00e1dio que voc\u00ea gostaria de conhecer mais<\/cite><\/blockquote>\n\n\n\n<p><\/p>\n\n\n\n<p>Instruindo nessas viv\u00eancias assuntos como os sistemas OpenSource, configura\u00e7\u00f5es do sistema operacional, como trabalhar com Linux e demais plataformas abertas. Apresentando as vantagens de tal conjunto de sistemas, tais como: o software livre ser aberto para estudos, passivo de adequa\u00e7\u00f5es e licenciado para ser copiado e redistribu\u00eddo, possibilitando com isso a divulga\u00e7\u00e3o cient\u00edfica e o seu amplo uso na educa\u00e7\u00e3o.<\/p>\n\n\n\n<p>A etapa de produ\u00e7\u00e3o de conte\u00fado para apresenta\u00e7\u00e3o nos programas de r\u00e1dio foi feita com software de edi\u00e7\u00e3o tamb\u00e9m livre, o Audacity, em conjunto com os formadores e turma envolvidos na oficina de Direitos Humanos e Redes sociais.<\/p>\n\n\n\n<p>O intuito foi de que durante essa etapa, os discentes gravassem pequenos programas de r\u00e1dio, com entrevistas, m\u00fasicas, informa\u00e7\u00f5es sobre a escola e comunidade ao redor, para que esses produtos fossem apresentados na r\u00e1dio n\u00e3o s\u00f3 durante a culmin\u00e2ncia, mas tamb\u00e9m no dia-a-dia comum da escola<\/p>\n","protected":false},"excerpt":{"rendered":"<p>Esta\u00e7\u00f5es de R\u00e1dioWeb O desenvolvimento de WEB R\u00e1dios ocorreu afim de juntar de maneira pr\u00e1tica as teorias hackers e os direitos humanos, colocando os alunos e alunas como protagonistas de suas pr\u00f3prias narrativas. Atrav\u00e9s de oficinas, aulas e viv\u00eancias culminamos nesses tr\u00eas projetos inter-codependentes, as Web R\u00e1dios: R\u00e1dioWeb Conex\u00e3o Escola MundoR\u00e1dioWeb Col\u00e9gio de Aplica\u00e7\u00e3o UFSCR\u00e1dioWeb [&hellip;]<\/p>\n","protected":false},"author":152,"featured_media":0,"parent":0,"menu_order":0,"comment_status":"closed","ping_status":"closed","template":"pagdeconteudo.php","meta":{"_coblocks_attr":"","_coblocks_dimensions":"","_coblocks_responsive_height":"","_coblocks_accordion_ie_support":"","_themeisle_gutenberg_block_has_review":false,"footnotes":""},"class_list":["post-2355","page","type-page","status-publish","hentry"],"_links":{"self":[{"href":"https:\/\/blog.ufba.br\/conexaoescolamundo\/wp-json\/wp\/v2\/pages\/2355"}],"collection":[{"href":"https:\/\/blog.ufba.br\/conexaoescolamundo\/wp-json\/wp\/v2\/pages"}],"about":[{"href":"https:\/\/blog.ufba.br\/conexaoescolamundo\/wp-json\/wp\/v2\/types\/page"}],"author":[{"embeddable":true,"href":"https:\/\/blog.ufba.br\/conexaoescolamundo\/wp-json\/wp\/v2\/users\/152"}],"replies":[{"embeddable":true,"href":"https:\/\/blog.ufba.br\/conexaoescolamundo\/wp-json\/wp\/v2\/comments?post=2355"}],"version-history":[{"count":0,"href":"https:\/\/blog.ufba.br\/conexaoescolamundo\/wp-json\/wp\/v2\/pages\/2355\/revisions"}],"wp:attachment":[{"href":"https:\/\/blog.ufba.br\/conexaoescolamundo\/wp-json\/wp\/v2\/media?parent=2355"}],"curies":[{"name":"wp","href":"https:\/\/api.w.org\/{rel}","templated":true}]}}