{"id":1608,"date":"2020-08-06T12:18:05","date_gmt":"2020-08-06T15:18:06","guid":{"rendered":"http:\/\/escolamundo.ufsc.br\/?page_id=1608"},"modified":"2024-03-23T16:31:17","modified_gmt":"2024-03-23T19:31:17","slug":"equipe","status":"publish","type":"page","link":"https:\/\/blog.ufba.br\/conexaoescolamundo\/equipe\/","title":{"rendered":"Equipe"},"content":{"rendered":"\n<h1 class=\"has-text-color has-text-align-center wp-block-heading\" style=\"color:#500694\"><strong>Equipe de Colaboradores<\/strong><\/h1>\n\n\n\n<p>Nossa equipa \u00e9 formada por docentes e discentes de universidades, institutos e escolas do <strong>Brasil<\/strong> e <strong>exterior<\/strong>.<\/p>\n\n\n\n<h5 class=\"has-text-align-right wp-block-heading\"><strong>Pesquisador respons\u00e1vel: Nelson De Luca Pretto (UFBA)<\/strong><\/h5>\n\n\n\n<p><br><br>Atualmente essas s\u00e3o nossas parceiras e seus respectivos pesquisadores<\/p>\n\n\n\n<h4 class=\"has-text-align-center wp-block-heading\"><br><strong>Universidade Federal da Bahia &#8211; UFBA<\/strong><\/h4>\n\n\n\n<p><strong>Coordenador: <a href=\"http:\/\/escolamundo.ufsc.br\/blog\/2020\/08\/13\/nelson-pretto\/\">Nelson De Luca Pretto<\/a><\/strong><\/p>\n\n\n\n<figure class=\"wp-block-table\"><table><tbody><tr><td><a href=\"http:\/\/escolamundo.ufsc.br\/blog\/pesquisadores\/anna-izabel\/\">Anna Izabel Santos Mariano Muniz<\/a><\/td><td class=\"has-text-align-left\" data-align=\"left\"><a href=\"http:\/\/escolamundo.ufsc.br\/blog\/pesquisadores\/bruno-gonsalves\/\">Bruno Santos Gonsalves<\/a><\/td><td class=\"has-text-align-left\" data-align=\"left\"><a href=\"http:\/\/escolamundo.ufsc.br\/blog\/pesquisadores\/carla-aragao\/\">Carla Azev\u00eado de Arag\u00e3o<\/a><\/td><\/tr><tr><td><a href=\"http:\/\/escolamundo.ufsc.br\/blog\/pesquisadores\/daniel-pinheiro\/\">Daniel Silva Pinheiro<\/a><\/td><td class=\"has-text-align-left\" data-align=\"left\">e<\/td><td class=\"has-text-align-left\" data-align=\"left\"><a href=\"http:\/\/escolamundo.ufsc.br\/blog\/pesquisadores\/felipe-sanches\/\">Felipe Bomfim Sanches dos Reis<\/a><\/td><\/tr><tr><td>g<\/td><td class=\"has-text-align-left\" data-align=\"left\"><a href=\"http:\/\/escolamundo.ufsc.br\/blog\/pesquisadores\/indiana-alves\/\">Indiana dos Santos Alves de Souza<\/a><\/td><td class=\"has-text-align-left\" data-align=\"left\"><\/td><\/tr><tr><td><a href=\"http:\/\/escolamundo.ufsc.br\/blog\/pesquisadores\/karina-menezes\/\">Karina Moreira Menezes<\/a><\/td><td class=\"has-text-align-left\" data-align=\"left\"><a href=\"http:\/\/escolamundo.ufsc.br\/blog\/pesquisadores\/karla-brunet\/\">Karla Schuch<\/a> <a href=\"http:\/\/escolamundo.ufsc.br\/blog\/pesquisadores\/karla-brunet\/\">Brunet<\/a><\/td><td class=\"has-text-align-left\" data-align=\"left\"><a href=\"http:\/\/escolamundo.ufsc.br\/blog\/pesquisadores\/fernando-paiva\/\">Luiz Fernando de Paiva<\/a><\/td><\/tr><tr><td><\/td><td class=\"has-text-align-left\" data-align=\"left\"><a href=\"http:\/\/escolamundo.ufsc.br\/blog\/pesquisadores\/maribel-silva\/\">Maribel Costa Silva<\/a><\/td><td class=\"has-text-align-left\" data-align=\"left\">o<\/td><\/tr><tr><td><a href=\"http:\/\/escolamundo.ufsc.br\/blog\/pesquisadores\/pietro-bompet\/\">Pietro Matheus Bompet Fontoura Alves<\/a><\/td><td class=\"has-text-align-left\" data-align=\"left\">q<\/td><td class=\"has-text-align-left\" data-align=\"left\"><a href=\"http:\/\/escolamundo.ufsc.br\/blog\/pesquisadores\/rejane-alves\/\">Rejane de Oliveira Alves<\/a><\/td><\/tr><tr><td><a href=\"http:\/\/escolamundo.ufsc.br\/blog\/pesquisadores\/salete-cordeiro\/\">Salete de F\u00e1tima Noro Cordeiro<\/a><\/td><td class=\"has-text-align-left\" data-align=\"left\">t<\/td><td class=\"has-text-align-left\" data-align=\"left\"><\/td><\/tr><\/tbody><\/table><figcaption><br><\/figcaption><\/figure>\n\n\n\n<h4 class=\"has-text-align-center wp-block-heading\"><strong>Universidade Federal do Esp\u00edrito Santo &#8211; UFES<\/strong><\/h4>\n\n\n\n<p><strong>Coordenador: F\u00e1bio Gouveia<\/strong><\/p>\n\n\n\n<figure class=\"wp-block-table\"><table><tbody><tr><td class=\"has-text-align-left\" data-align=\"left\">F\u00e1bio Malini<\/td><\/tr><\/tbody><\/table><figcaption><br><\/figcaption><\/figure>\n\n\n\n<h4 class=\"has-text-align-center wp-block-heading\"><strong>Universidade Federal de Santa Catarina &#8211; UFSC<\/strong><\/h4>\n\n\n\n<p><strong>Coordenadora: <a href=\"http:\/\/escolamundo.ufsc.br\/blog\/organizadores\/andrea-lapa\/\">Andrea Brand\u00e3o Lapa<\/a><\/strong><\/p>\n\n\n\n<figure class=\"wp-block-table\"><table><tbody><tr><td><a href=\"http:\/\/escolamundo.ufsc.br\/blog\/pesquisadores\/ana-carina-engerroff\/\">Ana Carina Baron Engerroff<\/a><\/td><td class=\"has-text-align-left\" data-align=\"left\"><a href=\"http:\/\/escolamundo.ufsc.br\/blog\/pesquisadores\/andre-leonel\/\">Andr\u00e9 Ary Leonel<\/a><\/td><td class=\"has-text-align-left\" data-align=\"left\">Andr\u00e9 Peron de Morais<\/td><\/tr><tr><td><a href=\"http:\/\/escolamundo.ufsc.br\/blog\/pesquisadores\/andre-lopes\/\">Andreson Lopes Lacerda<\/a><\/td><td class=\"has-text-align-left\" data-align=\"left\"><a href=\"http:\/\/escolamundo.ufsc.br\/blog\/pesquisadores\/carla-loureiro\/\">Carla Cristiane Loureiro<\/a><\/td><td class=\"has-text-align-left\" data-align=\"left\"><a href=\"http:\/\/escolamundo.ufsc.br\/blog\/pesquisadores\/christian-roos\/\">Christian Carlos dos Santos Roos<\/a><\/td><\/tr><tr><td><a href=\"http:\/\/escolamundo.ufsc.br\/blog\/pesquisadores\/corina-espindola\/\">Corina Martins Esp\u00edndola<\/a><\/td><td class=\"has-text-align-left\" data-align=\"left\">Evelyn Oliveira Andrade<\/td><td class=\"has-text-align-left\" data-align=\"left\">Fab\u00edola Cirimbelli B\u00farigo Costa<\/td><\/tr><tr><td><a href=\"http:\/\/escolamundo.ufsc.br\/blog\/pesquisadores\/florencia-rakos\/\">Florencia Medina Rakos<\/a><\/td><td class=\"has-text-align-left\" data-align=\"left\">Ian Narciso Rocha Lima<\/td><td class=\"has-text-align-left\" data-align=\"left\">Iasmin da Rosa Rodrigues<\/td><\/tr><tr><td>Ingrid Nicola Souto<\/td><td class=\"has-text-align-left\" data-align=\"left\"><a href=\"http:\/\/escolamundo.ufsc.br\/blog\/pesquisadores\/isabel-coelho\/\">Isabel Colucci Coelho<\/a><\/td><td class=\"has-text-align-left\" data-align=\"left\">Jaqueline Padilha<\/td><\/tr><tr><td><a href=\"http:\/\/escolamundo.ufsc.br\/blog\/pesquisadores\/josalba-vieira\/\">Josalba Ramalho Vieira<\/a><\/td><td class=\"has-text-align-left\" data-align=\"left\"><a href=\"http:\/\/escolamundo.ufsc.br\/blog\/pesquisadores\/juary-costa\/\">Juary Costa Rocha<\/a><\/td><td class=\"has-text-align-left\" data-align=\"left\">Luana de Melo Romani<\/td><\/tr><tr><td><a href=\"http:\/\/escolamundo.ufsc.br\/blog\/pesquisadores\/marina-bazzo\/\">Marina Bazzo de Esp\u00edndola<\/a><\/td><td class=\"has-text-align-left\" data-align=\"left\">Marina Guazzelli Soligo<\/td><td class=\"has-text-align-left\" data-align=\"left\">Marivone Piana<\/td><\/tr><tr><td>Monique d\u2019\u00c1vila<\/td><td class=\"has-text-align-left\" data-align=\"left\"><a href=\"http:\/\/escolamundo.ufsc.br\/blog\/pesquisadores\/natalia-curci-2\/\">Natalia Benatti Zardo de Curci<\/a><\/td><td class=\"has-text-align-left\" data-align=\"left\"><a href=\"http:\/\/escolamundo.ufsc.br\/blog\/pesquisadores\/rafaella-lisboa\/\">Rafaella Dietrich Lisboa Soares<\/a><\/td><\/tr><tr><td><a href=\"http:\/\/escolamundo.ufsc.br\/blog\/pesquisadores\/sabrina-silva\/\">Sabrina Severo da Silva<\/a><\/td><td class=\"has-text-align-left\" data-align=\"left\"><a href=\"http:\/\/escolamundo.ufsc.br\/blog\/pesquisadores\/siliara-borges\/\">Siliara Borges Ritta<\/a><\/td><td class=\"has-text-align-left\" data-align=\"left\"><a href=\"http:\/\/escolamundo.ufsc.br\/blog\/pesquisadores\/taina-vital\/\">Tain\u00e1 Revelles Vital<\/a><\/td><\/tr><tr><td>Thereza Cristina Bertazzo Silveira Viana<\/td><td class=\"has-text-align-left\" data-align=\"left\"><a href=\"http:\/\/escolamundo.ufsc.br\/blog\/pesquisadores\/vinicius-ramos\/\">Vinicius Faria Culmant Ramos<\/a><\/td><td class=\"has-text-align-left\" data-align=\"left\"><\/td><\/tr><\/tbody><\/table><\/figure>\n\n\n\n<h4 class=\"has-text-align-center wp-block-heading\"><br><strong>Universidade Federal do Rio Grande do Sul &#8211; UFRGS<\/strong><\/h4>\n\n\n\n<p><strong>Coordenador: <a href=\"http:\/\/escolamundo.ufsc.br\/blog\/pesquisadores\/rafael-pezzi\/\">Rafael Peretti Pezzi<\/a><\/strong><\/p>\n\n\n\n<p><\/p>\n\n\n\n<h4 class=\"has-text-align-center wp-block-heading\"><strong>Instituto de Desenvolvimento e<br>Direitos Humanos &#8211; IDDH<\/strong><\/h4>\n\n\n\n<p><strong>Coordenadora: Fernanda Lapa<\/strong><\/p>\n\n\n\n<figure class=\"wp-block-table\"><table><tbody><tr><td class=\"has-text-align-left\" data-align=\"left\">Camila Koch<\/td><td class=\"has-text-align-left\" data-align=\"left\">Daniela Rosendo<\/td><\/tr><\/tbody><\/table><figcaption><br><\/figcaption><\/figure>\n\n\n\n<h4 class=\"has-text-align-center wp-block-heading\"><strong>Universitat de Barcelona<\/strong><\/h4>\n\n\n\n<p><strong>Coordenador: Antonio Bartolom\u00e9 Pina<\/strong><\/p>\n\n\n\n<figure class=\"wp-block-table\"><table><tbody><tr><td class=\"has-text-align-left\" data-align=\"left\">Lucrezia Crescenzi Lanna<\/td><td class=\"has-text-align-left\" data-align=\"left\">Marco-Antonio Rodr\u00edguez<\/td><td class=\"has-text-align-left\" data-align=\"left\">Mariona Gran\u00e9<\/td><\/tr><tr><td class=\"has-text-align-left\" data-align=\"left\">Riccardo Valente<\/td><td class=\"has-text-align-left\" data-align=\"left\"><\/td><td class=\"has-text-align-left\" data-align=\"left\"><\/td><\/tr><\/tbody><\/table><\/figure>\n\n\n\n<p><\/p>\n\n\n\n<h4 class=\"has-text-align-center wp-block-heading\"><strong>Universidade Roma Tre<\/strong><\/h4>\n\n\n\n<p><strong>Coordenador: Mario Pireddu<\/strong><\/p>\n\n\n\n<p><\/p>\n","protected":false},"excerpt":{"rendered":"<p>Equipe de Colaboradores Nossa equipa \u00e9 formada por docentes e discentes de universidades, institutos e escolas do Brasil e exterior. Pesquisador respons\u00e1vel: Nelson De Luca Pretto (UFBA) Atualmente essas s\u00e3o nossas parceiras e seus respectivos pesquisadores Universidade Federal da Bahia &#8211; UFBA Coordenador: Nelson De Luca Pretto Anna Izabel Santos Mariano Muniz Bruno Santos Gonsalves [&hellip;]<\/p>\n","protected":false},"author":152,"featured_media":0,"parent":0,"menu_order":0,"comment_status":"closed","ping_status":"closed","template":"pagdeconteudo.php","meta":{"_coblocks_attr":"","_coblocks_dimensions":"","_coblocks_responsive_height":"","_coblocks_accordion_ie_support":"","_themeisle_gutenberg_block_has_review":false,"footnotes":""},"class_list":["post-1608","page","type-page","status-publish","hentry"],"_links":{"self":[{"href":"https:\/\/blog.ufba.br\/conexaoescolamundo\/wp-json\/wp\/v2\/pages\/1608"}],"collection":[{"href":"https:\/\/blog.ufba.br\/conexaoescolamundo\/wp-json\/wp\/v2\/pages"}],"about":[{"href":"https:\/\/blog.ufba.br\/conexaoescolamundo\/wp-json\/wp\/v2\/types\/page"}],"author":[{"embeddable":true,"href":"https:\/\/blog.ufba.br\/conexaoescolamundo\/wp-json\/wp\/v2\/users\/152"}],"replies":[{"embeddable":true,"href":"https:\/\/blog.ufba.br\/conexaoescolamundo\/wp-json\/wp\/v2\/comments?post=1608"}],"version-history":[{"count":1,"href":"https:\/\/blog.ufba.br\/conexaoescolamundo\/wp-json\/wp\/v2\/pages\/1608\/revisions"}],"predecessor-version":[{"id":6794,"href":"https:\/\/blog.ufba.br\/conexaoescolamundo\/wp-json\/wp\/v2\/pages\/1608\/revisions\/6794"}],"wp:attachment":[{"href":"https:\/\/blog.ufba.br\/conexaoescolamundo\/wp-json\/wp\/v2\/media?parent=1608"}],"curies":[{"name":"wp","href":"https:\/\/api.w.org\/{rel}","templated":true}]}}