{"id":1593,"date":"2020-08-06T11:52:36","date_gmt":"2020-08-06T14:52:37","guid":{"rendered":"http:\/\/escolamundo.ufsc.br\/?page_id=1593"},"modified":"2020-08-06T11:52:36","modified_gmt":"2020-08-06T14:52:37","slug":"bolsista","status":"publish","type":"page","link":"https:\/\/blog.ufba.br\/conexaoescolamundo\/bolsista\/","title":{"rendered":"\u00c1rea do Bolsista"},"content":{"rendered":"\n<h1 class=\"has-text-color has-text-align-center wp-block-heading\" style=\"color:#43037f\"><strong>Bolsistas<\/strong><\/h1>\n\n\n\n<p>Criamos este espa\u00e7o em especial para todos nossos colaboradores <strong>bolsistas<\/strong> do <strong>CNPq<\/strong> que nos auxiliaram no <strong>planejamento<\/strong> e <strong>execu\u00e7\u00e3o<\/strong> de muitas, se n\u00e3o todas, as a\u00e7\u00f5es que executamos por este percurso.<\/p>\n\n\n\n<p>A seguir dispomos em ordem alfab\u00e9tica o o nome, a foto, lattes e colabora\u00e7\u00f5es em nosso projeto de cada sujeito dessa enorme equipa.<\/p>\n\n\n\n<p><\/p>\n\n\n\n<figure class=\"wp-block-table\"><table><tbody><tr><td class=\"has-text-align-center\" data-align=\"center\"><a href=\"http:\/\/escolamundo.ufsc.br\/blog\/pesquisadores\/bruno-gonsalves\/\">Bruno Gonsalves<\/a><br><img decoding=\"async\" src=\"http:\/\/escolamundo.ufsc.br\/wp-content\/uploads\/2020\/07\/bruno.jpeg\" alt=\"O atributo alt desta imagem est\u00e1 vazio. O nome do arquivo \u00e9 bruno.jpeg\"><\/td><td class=\"has-text-align-center\" data-align=\"center\"><strong><strong>Lattes iD<\/strong>&nbsp;<img decoding=\"async\" src=\"http:\/\/escolamundo.ufsc.br\/wp-content\/uploads\/2020\/06\/icone_lattes.gif\" alt=\"\"> <\/strong> <a href=\"http:\/\/lattes.cnpq.br\/4833582403403711\">http:\/\/lattes.cnpq.br\/4833582403403711<\/a><\/td><td class=\"has-text-align-center\" data-align=\"center\">Desenvolvimento de plataformas OpenSource, suporte t\u00e9cnico, editor de materiais \u00e1udio-visuais<\/td><\/tr><tr><td class=\"has-text-align-center\" data-align=\"center\"><a href=\"http:\/\/escolamundo.ufsc.br\/blog\/pesquisadores\/christian-roos\/\">Christian Ross<\/a><br><img decoding=\"async\" src=\"http:\/\/blog.ufba.br\/conexaoescolamundo\/files\/2020\/06\/chris_roos.png\" alt=\"chris_roos\" width=\"166\" height=\"166\"><\/td><td class=\"has-text-align-center\" data-align=\"center\"><strong><strong>Lattes iD<\/strong>&nbsp;<img decoding=\"async\" src=\"http:\/\/escolamundo.ufsc.br\/wp-content\/uploads\/2020\/06\/icone_lattes.gif\" alt=\"\"><\/strong><a href=\"http:\/\/lattes.cnpq.br\/1536973649544259\">http:\/\/lattes.cnpq.br\/1536973649544259<\/a><\/td><td class=\"has-text-align-center\" data-align=\"center\">Desenvolvimento de plataformas OpenSource, suporte t\u00e9cnico<\/td><\/tr><tr><td class=\"has-text-align-center\" data-align=\"center\"><a href=\"http:\/\/escolamundo.ufsc.br\/blog\/pesquisadores\/fernando-paiva\/\">Fernando Paiva<\/a><br><img decoding=\"async\" src=\"http:\/\/blog.ufba.br\/conexaoescolamundo\/files\/2020\/06\/fernando_paiva.png\" alt=\"fernando_paiva\" width=\"166\" height=\"166\"><\/td><td class=\"has-text-align-center\" data-align=\"center\"><strong><strong>Lattes iD<\/strong>&nbsp;<img decoding=\"async\" src=\"http:\/\/escolamundo.ufsc.br\/wp-content\/uploads\/2020\/06\/icone_lattes.gif\" alt=\"\"><\/strong><a href=\"http:\/\/lattes.cnpq.br\/7652097223224548\">http:\/\/lattes.cnpq.br\/7652097223224548<\/a><\/td><td class=\"has-text-align-center\" data-align=\"center\">Atuante na organiza\u00e7\u00e3o de dados de pesquisa, a\u00e7\u00f5es em campo e coleta de dados na escola.<\/td><\/tr><tr><td class=\"has-text-align-center\" data-align=\"center\"><a href=\"http:\/\/escolamundo.ufsc.br\/blog\/pesquisadores\/juary-costa\/\"><span class=\"has-inline-color has-very-dark-gray-color\">Juary Rocha<\/span><\/a><br><img decoding=\"async\" src=\"https:\/\/blog.ufba.br\/conexaoescolamundo\/files\/2020\/06\/image12.png\" alt=\"https:\/\/blog.ufba.br\/conexaoescolamundo\/files\/2020\/06\/image12.png\"><\/td><td class=\"has-text-align-center\" data-align=\"center\"><strong><strong><strong>Lattes iD<\/strong>&nbsp;<img decoding=\"async\" src=\"http:\/\/escolamundo.ufsc.br\/wp-content\/uploads\/2020\/06\/icone_lattes.gif\" alt=\"\"><\/strong><\/strong> <a href=\"http:\/\/lattes.cnpq.br\/6356849291622946\">http:\/\/lattes.cnpq.br\/6356849291622946<\/a><\/td><td class=\"has-text-align-center\" data-align=\"center\">Desenvolvimento de plataformas OpenSource, suporte t\u00e9cnico<\/td><\/tr><tr><td class=\"has-text-align-center\" data-align=\"center\"><a href=\"http:\/\/escolamundo.ufsc.br\/blog\/pesquisadores\/pietro-bompet\/\">Pietro Bompet<\/a><br><img decoding=\"async\" src=\"http:\/\/blog.ufba.br\/conexaoescolamundo\/files\/2020\/06\/Pietro_Bompet-300x300.jpg\" alt=\"Pietro_Bompet\" style=\"width: 175px\"><\/td><td class=\"has-text-align-center\" data-align=\"center\"><strong><strong><strong>Lattes iD<\/strong>&nbsp;<img decoding=\"async\" src=\"http:\/\/escolamundo.ufsc.br\/wp-content\/uploads\/2020\/06\/icone_lattes.gif\" alt=\"\"><\/strong><\/strong><a href=\"http:\/\/lattes.cnpq.br\/3935834525982637\">http:\/\/lattes.cnpq.br\/3935834525982637<\/a><\/td><td class=\"has-text-align-center\" data-align=\"center\">Atuante na organiza\u00e7\u00e3o de dados de pesquisa, a\u00e7\u00f5es em campo e coleta de dados na escola.<\/td><\/tr><tr><td class=\"has-text-align-center\" data-align=\"center\"><a href=\"http:\/\/escolamundo.ufsc.br\/blog\/pesquisadores\/rafaella-lisboa\/\">Rafaella Lisboa<\/a><br><img decoding=\"async\" src=\"http:\/\/blog.ufba.br\/conexaoescolamundo\/files\/2020\/06\/rafaella_lisboa1-.png\" alt=\"rafaella_lisboa1\" width=\"166\" height=\"166\"><\/td><td class=\"has-text-align-center\" data-align=\"center\"><strong><strong><strong><strong>Lattes iD&nbsp;<\/strong><\/strong><\/strong><\/strong><br><a href=\"http:\/\/lattes.cnpq.br\/5115470140010362\">http:\/\/lattes.cnpq.br\/5115470140010362<\/a><\/td><td class=\"has-text-align-center\" data-align=\"center\">Atuante nas a\u00e7\u00f5es em campo , coleta de dados nas Institui\u00e7\u00f5es e suporte t\u00e9cnico <\/td><\/tr><tr><td class=\"has-text-align-center\" data-align=\"center\"><a href=\"http:\/\/lattes.cnpq.br\/5252714583097888\">Karolaine<br>Heckler<\/a><br><img decoding=\"async\" class=\"wp-image-4720\" style=\"width: 150px\" src=\"http:\/\/escolamundo.ufsc.br\/wp-content\/uploads\/2022\/07\/WhatsApp-Image-2022-07-23-at-11.41.31.jpeg\" alt=\"\"><br><img loading=\"lazy\" decoding=\"async\" width=\"1202\" height=\"1600\" class=\"wp-image-4852\" style=\"width: 150px\" src=\"http:\/\/blog.ufba.br\/conexaoescolamundo\/wp-content\/uploads\/sites\/47\/2022\/08\/WhatsApp-Image-2022-07-23-at-11.41.31.jpeg\" alt=\"\" srcset=\"https:\/\/blog.ufba.br\/conexaoescolamundo\/wp-content\/uploads\/sites\/47\/2022\/08\/WhatsApp-Image-2022-07-23-at-11.41.31.jpeg 1202w, https:\/\/blog.ufba.br\/conexaoescolamundo\/wp-content\/uploads\/sites\/47\/2022\/08\/WhatsApp-Image-2022-07-23-at-11.41.31-225x300.jpeg 225w, https:\/\/blog.ufba.br\/conexaoescolamundo\/wp-content\/uploads\/sites\/47\/2022\/08\/WhatsApp-Image-2022-07-23-at-11.41.31-769x1024.jpeg 769w, https:\/\/blog.ufba.br\/conexaoescolamundo\/wp-content\/uploads\/sites\/47\/2022\/08\/WhatsApp-Image-2022-07-23-at-11.41.31-768x1022.jpeg 768w, https:\/\/blog.ufba.br\/conexaoescolamundo\/wp-content\/uploads\/sites\/47\/2022\/08\/WhatsApp-Image-2022-07-23-at-11.41.31-1154x1536.jpeg 1154w\" sizes=\"(max-width: 1202px) 100vw, 1202px\" \/><\/td><td class=\"has-text-align-center\" data-align=\"center\"><strong><strong>Lattes iD&nbsp;<\/strong><\/strong><br><a href=\"http:\/\/lattes.cnpq.br\/5252714583097888\">http:\/\/lattes.cnpq.br\/5252714583097888<\/a><\/td><td class=\"has-text-align-center\" data-align=\"center\">Atuante na \u00e1rea de analise de dados, comunica\u00e7\u00e3o e suporte t\u00e9cnico. <\/td><\/tr><tr><td class=\"has-text-align-center\" data-align=\"center\"><\/td><td class=\"has-text-align-center\" data-align=\"center\"><\/td><td class=\"has-text-align-center\" data-align=\"center\"><\/td><\/tr><tr><td class=\"has-text-align-center\" data-align=\"center\"><\/td><td class=\"has-text-align-center\" data-align=\"center\"><\/td><td class=\"has-text-align-center\" data-align=\"center\"><\/td><\/tr><tr><td class=\"has-text-align-center\" data-align=\"center\"><\/td><td class=\"has-text-align-center\" data-align=\"center\"><\/td><td class=\"has-text-align-center\" data-align=\"center\"><\/td><\/tr><tr><td class=\"has-text-align-center\" data-align=\"center\"><\/td><td class=\"has-text-align-center\" data-align=\"center\"><\/td><td class=\"has-text-align-center\" data-align=\"center\"><\/td><\/tr><tr><td class=\"has-text-align-center\" data-align=\"center\"><\/td><td class=\"has-text-align-center\" data-align=\"center\"><\/td><td class=\"has-text-align-center\" data-align=\"center\"><\/td><\/tr><\/tbody><\/table><\/figure>\n\n\n\n<p><\/p>\n","protected":false},"excerpt":{"rendered":"<p>Bolsistas Criamos este espa\u00e7o em especial para todos nossos colaboradores bolsistas do CNPq que nos auxiliaram no planejamento e execu\u00e7\u00e3o de muitas, se n\u00e3o todas, as a\u00e7\u00f5es que executamos por este percurso. A seguir dispomos em ordem alfab\u00e9tica o o nome, a foto, lattes e colabora\u00e7\u00f5es em nosso projeto de cada sujeito dessa enorme equipa. [&hellip;]<\/p>\n","protected":false},"author":142,"featured_media":0,"parent":0,"menu_order":0,"comment_status":"closed","ping_status":"closed","template":"pagdeconteudo.php","meta":{"_coblocks_attr":"","_coblocks_dimensions":"","_coblocks_responsive_height":"","_coblocks_accordion_ie_support":"","_themeisle_gutenberg_block_has_review":false,"footnotes":""},"class_list":["post-1593","page","type-page","status-publish","hentry"],"_links":{"self":[{"href":"https:\/\/blog.ufba.br\/conexaoescolamundo\/wp-json\/wp\/v2\/pages\/1593"}],"collection":[{"href":"https:\/\/blog.ufba.br\/conexaoescolamundo\/wp-json\/wp\/v2\/pages"}],"about":[{"href":"https:\/\/blog.ufba.br\/conexaoescolamundo\/wp-json\/wp\/v2\/types\/page"}],"author":[{"embeddable":true,"href":"https:\/\/blog.ufba.br\/conexaoescolamundo\/wp-json\/wp\/v2\/users\/142"}],"replies":[{"embeddable":true,"href":"https:\/\/blog.ufba.br\/conexaoescolamundo\/wp-json\/wp\/v2\/comments?post=1593"}],"version-history":[{"count":0,"href":"https:\/\/blog.ufba.br\/conexaoescolamundo\/wp-json\/wp\/v2\/pages\/1593\/revisions"}],"wp:attachment":[{"href":"https:\/\/blog.ufba.br\/conexaoescolamundo\/wp-json\/wp\/v2\/media?parent=1593"}],"curies":[{"name":"wp","href":"https:\/\/api.w.org\/{rel}","templated":true}]}}