{"id":1515,"date":"2020-08-04T04:32:29","date_gmt":"2020-08-04T07:32:29","guid":{"rendered":"http:\/\/escolamundo.ufsc.br\/?page_id=1515"},"modified":"2020-08-04T04:32:29","modified_gmt":"2020-08-04T07:32:29","slug":"publicacoes","status":"publish","type":"page","link":"https:\/\/blog.ufba.br\/conexaoescolamundo\/projeto\/publicacoes\/","title":{"rendered":"Publica\u00e7\u00f5es"},"content":{"rendered":"\n<h1 class=\"has-luminous-vivid-orange-color has-text-color has-text-align-center wp-block-heading\"><strong>Conhe\u00e7a Nossas Publica\u00e7\u00f5es ao Longo do Projeto<\/strong><\/h1>\n\n\n\n<p><\/p>\n\n\n\n<div class=\"wp-block-file\"><a href=\"http:\/\/escolamundo.ufsc.br\/projetoescolamundoprettolapacompletoenviadoportuguesparacircular\/\"><strong><span class=\"has-inline-color has-vivid-cyan-blue-color\">Projeto completo submetido e aprovado pelo CNPq <\/span><\/strong><\/a><a href=\"http:\/\/escolamundo.ufsc.br\/wp-content\/uploads\/2020\/08\/projetoEscolaMundoPrettoLapaCompletoEnviadoPortuguesParaCircular.pdf\" class=\"wp-block-file__button\" download>Baixar<\/a><\/div>\n\n\n\n<p><\/p>\n\n\n\n<h5 class=\"wp-block-heading\">Conte\u00fados produzidos e publicados pelos integrantes do projeto<\/h5>\n\n\n\n<h3 class=\"wp-block-heading\">2020 &#8211; Jornais e Revistas<\/h3>\n\n\n\n<figure class=\"wp-block-image size-large\"><a href=\"https:\/\/heyzine.com\/flip-book\/9e24ef8a97.html#page\/23\"><img fetchpriority=\"high\" decoding=\"async\" width=\"879\" height=\"585\" src=\"http:\/\/blog.ufba.br\/conexaoescolamundo\/wp-content\/uploads\/sites\/47\/2022\/09\/photo_4918376400696748650_y-1.jpg\" alt=\"\" class=\"wp-image-4854\" srcset=\"https:\/\/blog.ufba.br\/conexaoescolamundo\/wp-content\/uploads\/sites\/47\/2022\/09\/photo_4918376400696748650_y-1.jpg 879w, https:\/\/blog.ufba.br\/conexaoescolamundo\/wp-content\/uploads\/sites\/47\/2022\/09\/photo_4918376400696748650_y-1-300x200.jpg 300w, https:\/\/blog.ufba.br\/conexaoescolamundo\/wp-content\/uploads\/sites\/47\/2022\/09\/photo_4918376400696748650_y-1-768x511.jpg 768w\" sizes=\"(max-width: 879px) 100vw, 879px\" \/><\/a><\/figure>\n\n\n\n<h3 class=\"wp-block-heading\">2020 &#8211; Jornais e Revistas<\/h3>\n\n\n\n<div class=\"wp-block-group\"><div class=\"wp-block-group__inner-container is-layout-flow wp-block-group-is-layout-flow\">\n<figure class=\"wp-block-gallery columns-2 is-cropped\">\n<ul class=\"blocks-gallery-grid\">\n<li class=\"blocks-gallery-item\">\n<figure><a href=\"http:\/\/escolamundo.ufsc.br\/wp-content\/uploads\/2020\/08\/Artigo_Daniel_ATARDE-150x150.jpg\"><img decoding=\"async\" width=\"150\" height=\"150\" class=\"wp-image-1770 aligncenter\" src=\"http:\/\/escolamundo.ufsc.br\/wp-content\/uploads\/2020\/08\/Artigo_Daniel_ATARDE-150x150.jpg\" alt=\"\" data-id=\"1770\" data-link=\"http:\/\/escolamundo.ufsc.br\/projeto\/referencias\/artigo_daniel_atarde\/\" srcset=\"https:\/\/blog.ufba.br\/conexaoescolamundo\/wp-content\/uploads\/sites\/47\/2020\/08\/Artigo_Daniel_ATARDE-150x150.jpg 150w, https:\/\/blog.ufba.br\/conexaoescolamundo\/wp-content\/uploads\/sites\/47\/2020\/08\/Artigo_Daniel_ATARDE-600x600.jpg 600w\" sizes=\"(max-width: 150px) 100vw, 150px\" \/><\/a><\/figure>\n<\/li>\n<li class=\"blocks-gallery-item\">\n<figure><a href=\"http:\/\/escolamundo.ufsc.br\/wp-content\/uploads\/2020\/08\/ArtigoJornal_Daniel_pginteira-2.jpg\"><img decoding=\"async\" width=\"150\" height=\"150\" class=\"wp-image-1773 aligncenter\" src=\"http:\/\/escolamundo.ufsc.br\/wp-content\/uploads\/2020\/08\/ArtigoJornal_Daniel_pginteira-2-150x150.jpg\" alt=\"\" data-id=\"1773\" data-full-url=\"http:\/\/escolamundo.ufsc.br\/wp-content\/uploads\/2020\/08\/ArtigoJornal_Daniel_pginteira-2.jpg\" data-link=\"http:\/\/escolamundo.ufsc.br\/projeto\/referencias\/artigojornal_daniel_pginteira-2\/\" srcset=\"https:\/\/blog.ufba.br\/conexaoescolamundo\/wp-content\/uploads\/sites\/47\/2020\/08\/ArtigoJornal_Daniel_pginteira-2-150x150.jpg 150w, https:\/\/blog.ufba.br\/conexaoescolamundo\/wp-content\/uploads\/sites\/47\/2020\/08\/ArtigoJornal_Daniel_pginteira-2-600x600.jpg 600w\" sizes=\"(max-width: 150px) 100vw, 150px\" \/><\/a><\/figure>\n<\/li>\n<\/ul>\n<\/figure>\n<\/div><\/div>\n\n\n\n<h3 class=\"wp-block-heading\">2020 \u2013 Teses (Doutorado)<strong><br><\/strong><\/h3>\n\n\n\n<p class=\"has-background has-very-light-gray-background-color\">Programa de P\u00f3s-Gradua\u00e7\u00e3o em Educa\u00e7\u00e3o (Educa\u00e7\u00e3o e Comunica\u00e7\u00e3o)<br><span style=\"color:#475159\" class=\"has-inline-color\">Autor: <\/span>Andreson Lopes de Lacerda | <span style=\"color:#475159\" class=\"has-inline-color\">Orientadora:<\/span> Profa. Dra. Andrea Lapa<br><span style=\"color:#475159\" class=\"has-inline-color\">Como citar:<\/span> LACERDA, Andreson Lopes de. <strong>Forma\u00e7\u00e3o do sujeito-arquiautor em pr\u00e1ticas de empoderamento na escola&nbsp; por meio de audiovisualidades da cultura digital<\/strong>. Tese (Doutorado em Educa\u00e7\u00e3o). Programa de P\u00f3s-Gradua\u00e7\u00e3o em Educa\u00e7\u00e3o, Universidade Federal de Santa Catarina. Florian\u00f3polis, 2020.<\/p>\n\n\n\n<p class=\"has-background has-very-light-gray-background-color\"><strong><a href=\"https:\/\/comunic.paginas.ufsc.br\/files\/2020\/04\/tese_isabel_corrigida_final2_SUBMETIDA_PDFA.pdf\"><span class=\"has-inline-color has-vivid-cyan-blue-color\">N\u00e3o \u00e9 mimimi. Proposta de educa\u00e7\u00e3o intercultural em direitos humanos na cultura digital<\/span><br><\/a><\/strong><br>Programa de P\u00f3s-Gradua\u00e7\u00e3o em Educa\u00e7\u00e3o<br><span style=\"color:#475159\" class=\"has-inline-color\">Autora: <\/span>Isabel Colucci Coelho | <span style=\"color:#475159\" class=\"has-inline-color\">Orientadora:<\/span> Profa. Dra. Andrea Lapa | <span style=\"color:#475159\" class=\"has-inline-color\">Coorientadora:<\/span> Profa. Dra. Fernanda Lapa<br><span style=\"color:#475159\" class=\"has-inline-color\">Como citar: <\/span>COELHO, Isabel Colucci. <strong>N\u00e3o \u00e9 mimimi. Proposta de educa\u00e7\u00e3o intercultural em direitos humanos na cultura digital. <\/strong>Tese (Doutorado em Educa\u00e7\u00e3o). Programa de P\u00f3s-Gradua\u00e7\u00e3o em Educa\u00e7\u00e3o, Universidade Federal de Santa Catarina. Florian\u00f3polis, 2020.<\/p>\n\n\n\n<h3 class=\"wp-block-heading\">2019 \u2013 Peri\u00f3dicos<\/h3>\n\n\n\n<p class=\"has-background has-very-light-gray-background-color\"><a href=\"https:\/\/polipapers.upv.es\/index.php\/REDU\/article\/view\/11240\"><strong><span class=\"has-inline-color has-vivid-cyan-blue-color\">La comunicaci\u00f3n en disputa: el rol de educadores y cientificos<\/span><\/strong><\/a><br><br><span style=\"color:#475159\" class=\"has-inline-color\">Autores:<\/span> Andrea Lapa e Nelson Pretto.<br><span style=\"color:#475159\" class=\"has-inline-color\">Como citar:<\/span> LAPA, Andrea; PRETTO, Nelson. La comunicaci\u00f3n en disputa: el rol de educadores y cientificos. <strong>Revista de Docencia Universitaria,<\/strong> v. 17, 2019.<\/p>\n\n\n\n<p class=\"has-background has-very-light-gray-background-color\"><strong><a href=\"https:\/\/www.e-publicacoes.uerj.br\/index.php\/revistateias\/article\/view\/43336\"><span class=\"has-inline-color has-vivid-cyan-blue-color\">Desafios da Pesquisa Ativista em Educa\u00e7\u00e3o<\/span><\/a><\/strong><br><br><span style=\"color:#475159\" class=\"has-inline-color\">Autoras:<\/span><span class=\"has-inline-color has-cyan-bluish-gray-color\"> <\/span>Andrea Lapa; Lucrezia Lanna Crescenzi e Sabrina Severo da Silva.<br><span style=\"color:#475159\" class=\"has-inline-color\">Como citar:<\/span> Revista Teias, v. 20LAPA, Andrea; CRESCENZI, Lucrezia Lanna; SILVA, Sabrina Severo da. Desafios da pesquisa ativista em educa\u00e7\u00e3o. <strong>Revista Teias<\/strong>, v. 20, 2019.<\/p>\n\n\n\n<p class=\"has-background has-very-light-gray-background-color\"><a href=\"https:\/\/www.e-publicacoes.uerj.br\/index.php\/revistateias\/article\/view\/46457\"><strong><span class=\"has-inline-color has-vivid-cyan-blue-color\">Educa\u00e7\u00e3o Ativista na Cibercultura: experi\u00eancias plurais nas redes educativas<\/span><\/strong><\/a><br><br><span style=\"color:#475159\" class=\"has-inline-color\">Autoras:<\/span> Andrea Lapa, Cristiane Porto e Maria Luiza Oswald.<br><span style=\"color:#475159\" class=\"has-inline-color\">Como citar:<\/span> LAPA, Andrea; PORTO, Cristiane; OSWALD, Maria Luiza. Educa\u00e7\u00e3o ativista na cibercultura: Experi\u00eancias plurais nas redes educativas. <strong>Revista Teias<\/strong>, v. 20, 2019.<\/p>\n\n\n\n<p class=\"has-background has-very-light-gray-background-color\"><a href=\"https:\/\/www.e-publicacoes.uerj.br\/index.php\/revistateias\/article\/view\/45769\"><strong><span class=\"has-inline-color has-vivid-cyan-blue-color\">Educa\u00e7\u00e3o para a Democracia no Contexto da Cultura Digital: pervers\u00f5es e oportunidades<\/span><\/strong><br><\/a><br><span style=\"color:#475159\" class=\"has-inline-color\">Autora:<\/span><span class=\"has-inline-color has-vivid-purple-color\"> <\/span>Isabel Colucci Coelho<br><span style=\"color:#475159\" class=\"has-inline-color\">Como citar: <\/span>COELHO, Isabel Colucci. Educa\u00e7\u00e3o para democracia no contexto da cultura digital: pervers\u00f5es e oportunidades. <strong>Revista Teias<\/strong>, v. 20, 2019.<\/p>\n\n\n\n<h3 class=\"wp-block-heading\">2019 \u2013 Disserta\u00e7\u00e3o (Mestrado)<\/h3>\n\n\n\n<p class=\"has-background has-very-light-gray-background-color\"><a href=\"http:\/\/comunic.paginas.ufsc.br\/files\/2020\/04\/Florencia-Rakos-2.pdf\"><strong><span class=\"has-inline-color has-vivid-cyan-blue-color\">Educa\u00e7\u00e3o em Direitos Humanos e \u201cConex\u00e3o Escola-Mundo\u201d: desafios e oportunidades no processo de empoderamento juvenil<\/span><\/strong><\/a><br><br>Programa de P\u00f3s-Gradua\u00e7\u00e3o em Educa\u00e7\u00e3o<br><span style=\"color:#475159\" class=\"has-inline-color\">Autora:<\/span> Florencia Medina Rakos | <span style=\"color:#475159\" class=\"has-inline-color\">Orientadora:<\/span> Profa. Dra. Andrea Lapa<br><span style=\"color:#475159\" class=\"has-inline-color\">Como citar:<\/span> RAKOS, Florencia Medina. Educa\u00e7\u00e3o em Direitos Humanos e \u201cConex\u00e3o Escola-Mundo\u201d: desafios e oportunidades no processo de empoderamento juvenil. Disserta\u00e7\u00e3o (Mestrado em Educa\u00e7\u00e3o). Programa de P\u00f3s-Gradua\u00e7\u00e3o em Educa\u00e7\u00e3o, Universidade Federal de Santa Catarina. Florian\u00f3polis, 2019.<\/p>\n\n\n\n<h3 class=\"wp-block-heading\">2019 \u2013 Trabalhos de Conclus\u00e3o de Curso (Gradua\u00e7\u00e3o)<br><\/h3>\n\n\n\n<p class=\"has-background has-very-light-gray-background-color\"><a href=\"https:\/\/repositorio.ufsc.br\/handle\/123456789\/199698\"><strong><span class=\"has-inline-color has-vivid-cyan-blue-color\">M\u00eddias Digitais nos Anos Iniciais: uma pesquisa no col\u00e9gio de aplica\u00e7\u00e3o da UFSC<\/span><\/strong><\/a><br><br>Gradua\u00e7\u00e3o em Pedagogia<br><span style=\"color:#475159\" class=\"has-inline-color\">Autora:<\/span> Mariana de Oliveira | <span style=\"color:#475159\" class=\"has-inline-color\">Orientadora:<\/span> Profa. Dra. Andrea Lapa<br><span style=\"color:#475159\" class=\"has-inline-color\">Como citar:<\/span> OLIVEIRA, Mariana. M\u00eddias digitais nos anos iniciais: uma pesquisa no Col\u00e9gio de Aplica\u00e7\u00e3o da UFSC. Monografia (Trabalho de Conclus\u00e3o de Curso de Pedagogia). Curso de Pedagogia, Universidade Federal de Santa Catarina. Florian\u00f3polis, 2019.<\/p>\n\n\n\n<h3 class=\"wp-block-heading\">2019 \u2013 Anais de Congressos e Eventos<\/h3>\n\n\n\n<p class=\"has-background has-very-light-gray-background-color\"><a href=\"https:\/\/proceedings.ciaiq.org\/index.php\/CIAIQ2019\/article\/view\/2440\"><span class=\"has-inline-color has-vivid-cyan-blue-color\"><strong>Processo de pesquisa e desenvolvimento de a\u00e7\u00f5es educativas a partir de metodologias colaborativas no \u00e2mbito do projeto Conex\u00e3o Escola-Mundo: espa\u00e7os inovadores para a forma\u00e7\u00e3o cidad\u00e3<\/strong><br><\/span><\/a><br><span style=\"color:#475159\" class=\"has-inline-color\">Autoras:<\/span> Marina Bazzo de Esp\u00edndola e Sabrina Severo da Silva<br><span style=\"color:#475159\" class=\"has-inline-color\">Como citar:<\/span> ESP\u00cdNDOLA, Marina Bazzo de; SILVA, Sabrina Severo da. Processo de pesquisa e desenvolvimento de a\u00e7\u00f5es educativas a partir de metodologias colaborativas no \u00e2mbito do projeto Conex\u00e3o Escola-Mundo: espa\u00e7os inovadores para forma\u00e7\u00e3o cidad\u00e3. <strong>Anais do 8o Congresso Ibero-Americano em Investiga\u00e7\u00e3o Qualitativa.<\/strong> Lisboa, 2019.<\/p>\n\n\n\n<p class=\"has-background has-very-light-gray-background-color\"><a href=\"https:\/\/comunic.paginas.ufsc.br\/files\/2020\/04\/ArtigoCompleto_Marivone.docx.pdf\"><strong><span class=\"has-inline-color has-vivid-cyan-blue-color\">Estrat\u00e9gias pedag\u00f3gicas em sociologia: desafios e possibilidades para trabalhar direitos humanos e educa\u00e7\u00e3o hacker<\/span><\/strong><\/a><br><br><span style=\"color:#475159\" class=\"has-inline-color\">Autora:<\/span> Marivone Piana<br><span style=\"color:#475159\" class=\"has-inline-color\">Como citar:<\/span> PIANA, Marivone. Estrat\u00e9gias pedag\u00f3gicas em sociologia: desafios e possibilidades para trabalhar direitos humanos e educa\u00e7\u00e3o hacker. <strong>Anais do 19 Congresso Brasileiro de Sociologia.<\/strong> Florian\u00f3polis, 2019.<\/p>\n","protected":false},"excerpt":{"rendered":"<p>Conhe\u00e7a Nossas Publica\u00e7\u00f5es ao Longo do Projeto Conte\u00fados produzidos e publicados pelos integrantes do projeto 2020 &#8211; Jornais e Revistas 2020 &#8211; Jornais e Revistas 2020 \u2013 Teses (Doutorado) Programa de P\u00f3s-Gradua\u00e7\u00e3o em Educa\u00e7\u00e3o (Educa\u00e7\u00e3o e Comunica\u00e7\u00e3o)Autor: Andreson Lopes de Lacerda | Orientadora: Profa. Dra. Andrea LapaComo citar: LACERDA, Andreson Lopes de. Forma\u00e7\u00e3o do sujeito-arquiautor [&hellip;]<\/p>\n","protected":false},"author":64,"featured_media":0,"parent":848,"menu_order":0,"comment_status":"closed","ping_status":"closed","template":"pagdeconteudo.php","meta":{"_coblocks_attr":"","_coblocks_dimensions":"","_coblocks_responsive_height":"","_coblocks_accordion_ie_support":"","_themeisle_gutenberg_block_has_review":false,"footnotes":""},"class_list":["post-1515","page","type-page","status-publish","hentry"],"_links":{"self":[{"href":"https:\/\/blog.ufba.br\/conexaoescolamundo\/wp-json\/wp\/v2\/pages\/1515"}],"collection":[{"href":"https:\/\/blog.ufba.br\/conexaoescolamundo\/wp-json\/wp\/v2\/pages"}],"about":[{"href":"https:\/\/blog.ufba.br\/conexaoescolamundo\/wp-json\/wp\/v2\/types\/page"}],"author":[{"embeddable":true,"href":"https:\/\/blog.ufba.br\/conexaoescolamundo\/wp-json\/wp\/v2\/users\/64"}],"replies":[{"embeddable":true,"href":"https:\/\/blog.ufba.br\/conexaoescolamundo\/wp-json\/wp\/v2\/comments?post=1515"}],"version-history":[{"count":0,"href":"https:\/\/blog.ufba.br\/conexaoescolamundo\/wp-json\/wp\/v2\/pages\/1515\/revisions"}],"up":[{"embeddable":true,"href":"https:\/\/blog.ufba.br\/conexaoescolamundo\/wp-json\/wp\/v2\/pages\/848"}],"wp:attachment":[{"href":"https:\/\/blog.ufba.br\/conexaoescolamundo\/wp-json\/wp\/v2\/media?parent=1515"}],"curies":[{"name":"wp","href":"https:\/\/api.w.org\/{rel}","templated":true}]}}