{"id":1171,"date":"2020-07-27T00:07:29","date_gmt":"2020-07-27T03:07:29","guid":{"rendered":"http:\/\/escolamundo.ufsc.br\/?page_id=1171"},"modified":"2020-07-27T00:07:29","modified_gmt":"2020-07-27T03:07:29","slug":"lp01","status":"publish","type":"page","link":"https:\/\/blog.ufba.br\/conexaoescolamundo\/lp01\/","title":{"rendered":"Construindo uma escola com um jeito hacker de ser &#8211; LP1-1"},"content":{"rendered":"\n<h3 class=\"has-text-color wp-block-heading\" style=\"color:#5f04b5\">LP1: Escola Hacker\/Educa\u00e7\u00e3o hacker<\/h3>\n\n\n\n<h4 class=\"has-text-color has-text-align-right wp-block-heading\" style=\"color:#5f02b6\"><strong> LP1 -1<\/strong><\/h4>\n\n\n\n<h1 class=\"has-text-color has-text-align-center wp-block-heading\" style=\"color:#6204ba\"><strong>Construindo uma escola com um jeito hacker de ser<\/strong><\/h1>\n\n\n\n<p class=\"has-text-align-right\"><br><strong>Pesquisadores: <strong><a href=\"http:\/\/escolamundo.ufsc.br\/blog\/2020\/08\/13\/nelson-pretto\/\"><span class=\"has-inline-color has-vivid-cyan-blue-color\">Nelson De Luca Pretto<\/span><\/a><\/strong>,<span class=\"has-inline-color has-vivid-cyan-blue-color\"> <\/span><a href=\"http:\/\/escolamundo.ufsc.br\/blog\/pesquisadores\/karina-menezes\/\"><span class=\"has-inline-color has-vivid-cyan-blue-color\">Karina Moreira Menezes<\/span><\/a>,<a href=\"http:\/\/escolamundo.ufsc.br\/blog\/pesquisadores\/daniel-pinheiro\/\"> <\/a><\/strong><a style=\"font-weight: bold\" href=\"http:\/\/escolamundo.ufsc.br\/blog\/pesquisadores\/pietro-bompet\/\"><span class=\"has-inline-color has-vivid-cyan-blue-color\">Pietro Matheus Bompet Fontoura Alves<\/span><\/a><b>, <\/b><a style=\"font-weight: bold\" href=\"http:\/\/escolamundo.ufsc.br\/blog\/pesquisadores\/felipe-sanches\/\"><span class=\"has-inline-color has-vivid-cyan-blue-color\">Felipe Bomfim Sanches dos Reis<\/span><\/a>,<strong> <strong><a href=\"http:\/\/escolamundo.ufsc.br\/blog\/pesquisadores\/daniel-pinheiro\/\"><span class=\"has-inline-color has-vivid-cyan-blue-color\">Daniel Silva Pinheiro<\/span><\/a>,<\/strong><\/strong><span class=\"has-inline-color has-vivid-cyan-blue-color\"> <\/span><strong><a href=\"http:\/\/escolamundo.ufsc.br\/blog\/pesquisadores\/carla-aragao\/\"><span class=\"has-inline-color has-vivid-cyan-blue-color\">Carla Azev\u00eado de Arag\u00e3o<\/span><\/a>, <a href=\"http:\/\/escolamundo.ufsc.br\/blog\/pesquisadores\/bruno-gonsalves\/\"><span class=\"has-inline-color has-vivid-cyan-blue-color\">Bruno Santos Gonsalves<\/span><\/a>, <strong>Rafael Pezzi<\/strong> e<\/strong> <strong>Karla Brunet.<\/strong><\/p>\n\n\n\n<p><br><strong>Objetivo geral<\/strong>: Compreender contribui\u00e7\u00f5es e limita\u00e7\u00f5es da gest\u00e3o colaborativa de espa\u00e7os comuns entre estudantes e professores no contexto da Escola P\u00fablica<\/p>\n\n\n\n<p><strong>Metodologia<\/strong>: Qualitativa. Pesquisa-a\u00e7\u00e3o com meta de cria\u00e7\u00e3o de espa\u00e7o tecnol\u00f3gico coletivo em di\u00e1logo com as demandas apontadas pelas escolas e adequadas \u00e0s particularidades de cada institui\u00e7\u00e3o.<\/p>\n\n\n\n<p><strong>M\u00e9todos e T\u00e9cnicas<\/strong>: Projeto de interven\u00e7\u00e3o para diagn\u00f3stico situacional, elaborado inicialmente, a partir de grupos focais, per\u00edodo de observa\u00e7\u00e3o e registro escrito necess\u00e1rios ao levantamento de informa\u00e7\u00f5es sobre infraestrutura, mapeamento de objetivos e interesses dos participantes, an\u00e1lise dos tempos, curr\u00edculo e PPP da escola. Defini\u00e7\u00e3o de per\u00edodos de forma\u00e7\u00e3o continuada integrada com professores, estudantes e demais profissionais da escola. Per\u00edodos esses adequados \u00e0s demandas e interesses sistematizados nos grupos focais e nas observa\u00e7\u00f5es. Implanta\u00e7\u00e3o dos espa\u00e7os tecnol\u00f3gicos coletivos (ETC) com a inser\u00e7\u00e3o das pr\u00e1ticas fazedoras (cultura maker) e oficinas de produ\u00e7\u00e3o e cria\u00e7\u00e3o tecnol\u00f3gica. Aplica\u00e7\u00e3o de formul\u00e1rio online sobre a experi\u00eancia de estudantes e professores.<\/p>\n\n\n\n<p><strong>Resultado previsto para o projeto:<\/strong><\/p>\n\n\n\n<ol class=\"wp-block-list\" type=\"a\"><li>Espa\u00e7os tecnol\u00f3gicos coletivos gestados por estudantes e profissionais da escola;<\/li><li>Produ\u00e7\u00e3o coletiva e colaborativa de projetos a partir das tecnologias livres;<\/li><li>An\u00e1lise de desdobramentos do espa\u00e7o tecnol\u00f3gico coletivo (ETC) no cotidiano na escola;<\/li><li>An\u00e1lise dos espa\u00e7os tecnol\u00f3gicos como geradores de interesse para o aluno frequentar a escola e\/ou ampliar sua jornada educativa;<\/li><li>Compara\u00e7\u00e3o do processo de apropria\u00e7\u00e3o de tecnologias no cotidiano das escolas com processos similares que ocorrem nos Centros Juvenis de Ci\u00eancia e Cultura de Salvador e Vit\u00f3ria da Conquista (BA);<\/li><li>Sistematiza\u00e7\u00e3o da metodologia de implanta\u00e7\u00e3o do espa\u00e7o;<\/li><li>Sistematiza\u00e7\u00e3o de metodologias de gest\u00e3o colaborativa do espa\u00e7o.<\/li><\/ol>\n","protected":false},"excerpt":{"rendered":"<p>LP1: Escola Hacker\/Educa\u00e7\u00e3o hacker LP1 -1 Construindo uma escola com um jeito hacker de ser Pesquisadores: Nelson De Luca Pretto, Karina Moreira Menezes, Pietro Matheus Bompet Fontoura Alves, Felipe Bomfim Sanches dos Reis, Daniel Silva Pinheiro, Carla Azev\u00eado de Arag\u00e3o, Bruno Santos Gonsalves, Rafael Pezzi e Karla Brunet. Objetivo geral: Compreender contribui\u00e7\u00f5es e limita\u00e7\u00f5es da [&hellip;]<\/p>\n","protected":false},"author":152,"featured_media":0,"parent":0,"menu_order":0,"comment_status":"closed","ping_status":"closed","template":"pagdeconteudo.php","meta":{"_coblocks_attr":"","_coblocks_dimensions":"","_coblocks_responsive_height":"","_coblocks_accordion_ie_support":"","_themeisle_gutenberg_block_has_review":false,"footnotes":""},"class_list":["post-1171","page","type-page","status-publish","hentry"],"_links":{"self":[{"href":"https:\/\/blog.ufba.br\/conexaoescolamundo\/wp-json\/wp\/v2\/pages\/1171"}],"collection":[{"href":"https:\/\/blog.ufba.br\/conexaoescolamundo\/wp-json\/wp\/v2\/pages"}],"about":[{"href":"https:\/\/blog.ufba.br\/conexaoescolamundo\/wp-json\/wp\/v2\/types\/page"}],"author":[{"embeddable":true,"href":"https:\/\/blog.ufba.br\/conexaoescolamundo\/wp-json\/wp\/v2\/users\/152"}],"replies":[{"embeddable":true,"href":"https:\/\/blog.ufba.br\/conexaoescolamundo\/wp-json\/wp\/v2\/comments?post=1171"}],"version-history":[{"count":0,"href":"https:\/\/blog.ufba.br\/conexaoescolamundo\/wp-json\/wp\/v2\/pages\/1171\/revisions"}],"wp:attachment":[{"href":"https:\/\/blog.ufba.br\/conexaoescolamundo\/wp-json\/wp\/v2\/media?parent=1171"}],"curies":[{"name":"wp","href":"https:\/\/api.w.org\/{rel}","templated":true}]}}