{"id":719,"date":"2014-04-10T18:08:19","date_gmt":"2014-04-10T21:08:19","guid":{"rendered":"http:\/\/blog.ufba.br\/compusoc\/?page_id=719"},"modified":"2014-04-10T18:08:19","modified_gmt":"2014-04-10T21:08:19","slug":"faq-2","status":"publish","type":"page","link":"https:\/\/blog.ufba.br\/compusoc\/palestrasindex\/faq-2\/","title":{"rendered":"FAQ"},"content":{"rendered":"<h1><strong>Perguntas Frequentes<\/strong><\/h1>\n<ol>\n<li>O<span style=\"font-family: arial, sans-serif\"> que \u00e9 o Ciclo de Palestras <\/span><span style=\"color: #373737\"><span style=\"font-family: arial, sans-serif\"><strong>Computa\u00e7\u00e3o e \u00e9tica na sociedade contempor\u00e2nea<\/strong><\/span><\/span><span style=\"font-family: arial, sans-serif\"><span style=\"font-family: arial, sans-serif\"><span style=\"font-family: arial, sans-serif\">? \u00a0 \u00a0 \u00a0\u00a0<\/span><\/span><\/span>\n<p align=\"JUSTIFY\"><span style=\"font-family: arial, sans-serif\"><span style=\"font-size: small\"><em><span style=\"color: #0000ff\">\u00c9 um projeto de extens\u00e3o\u00a0do Departamento de Ci\u00eancia da Computa\u00e7\u00e3o apoiado pela\u00a0Pr\u00f3-Reitoria de Extens\u00e3o da UFBA e organizado pelas docentes Anna Friedericka Schwarzelmuller \u00a0e D\u00e9bora Abdalla\u00a0com objetivo de: \u201c&#8230;despertar uma consci\u00eancia cr\u00edtica e respons\u00e1vel sobre os diversos aspectos associados aos desenvolvimentos das tecnologias digitais que v\u00eam modificando a sociedade em seus aspectos sociais, econ\u00f4micos, pol\u00edticos, ecol\u00f3gicos e \u00e9ticos, observando as dimens\u00f5es individual, regional, nacional e internacional.\u201d conta com o apoio de\u00a0especialistas, professores, estudantes trazendo conhecimentos adquiridos e produzidos ao longo de sua vida acad\u00eamica e profissional acerca dos temas relacionados a computa\u00e7\u00e3o, \u00e9tica e sociedade.<\/span><\/em><\/span><\/span><\/p>\n<\/li>\n<li>Como posso participar?\u00a0<em><span style=\"color: #0000ff\">Realizando a pr\u00e9-inscri\u00e7\u00e3o atrav\u00e9s de um formul\u00e1rio online a ser divulgado alguns dias\u00a0antes da realiza\u00e7\u00e3o do evento.<\/span><\/em><\/li>\n<\/ol>\n<ol start=\"3\">\n<li><span style=\"font-family: arial, sans-serif\">Como ficarei sabendo da pr\u00e9-inscri\u00e7\u00e3o?\u00a0<\/span><span style=\"color: #0000ff\"><span style=\"font-family: arial, sans-serif\"><span style=\"font-size: small\"><em>Atrav\u00e9s de canais de comunica\u00e7\u00e3o como: UFBA em pauta, redes sociais, <\/em><\/span><\/span><\/span><a href=\"https:\/\/blog.ufba.br\/compusoc\/\"><span style=\"color: #1155cc\"><span style=\"font-family: arial, sans-serif\"><span style=\"font-size: small\"><em><span style=\"text-decoration: underline\">Blog Compusoc<\/span><\/em><\/span><\/span><\/span><\/a><span style=\"color: #0000ff\"><span style=\"font-family: arial, sans-serif\"><span style=\"font-size: small\"><em> e listas de e-maiI.<\/em><\/span><\/span><\/span><\/li>\n<\/ol>\n<ol start=\"4\">\n<li>\n<p align=\"JUSTIFY\"><span style=\"color: #000000\">Como ter acesso ao formul\u00e1rio de pr\u00e9-inscri\u00e7\u00e3o?\u00a0<\/span><span style=\"color: #0000ff\"><em>Na chamada para divulga\u00e7\u00e3o da palestra, que conter\u00e1 o link para inscri\u00e7\u00e3o.<\/em><\/span><\/p>\n<\/li>\n<li>\n<p align=\"JUSTIFY\"><span style=\"color: #000000\">Quando e onde ser\u00e1 realizado o Ciclo de Palestras ?<span style=\"color: #0000ff\"><em> O Ciclo ser\u00e1 realizado no per\u00edodo de abril a julho, todas \u00e0s quartas-feira no hor\u00e1rio das 19h \u00e0s 20:30 com o local a ser definido na divulga\u00e7\u00e3o da pr\u00e9-inscri\u00e7\u00e3o.<\/em><\/span><\/span><\/p>\n<\/li>\n<li>\n<p align=\"JUSTIFY\"><span style=\"color: #000000\">Uma vez inscrito em uma palestra significa que j\u00e1 posso participar de todas as palestras do Ciclo?\u00a0<\/span><span style=\"color: #0000ff\"><em>N\u00e3o, a inscri\u00e7\u00e3o \u00e9 individual. Ou seja, cada palestra ter\u00e1 um formul\u00e1rio individual para inscri\u00e7\u00e3o.<\/em>\u00a0<\/span><\/p>\n<\/li>\n<li>\n<p align=\"JUSTIFY\"><span style=\"font-family: arial, sans-serif\">Uma vez realizada a minha pr\u00e9-inscri\u00e7\u00e3o on-line \u00e9 garantida minha participa\u00e7\u00e3o do Ciclo de Palestras?\u00a0<\/span><span style=\"color: #0000ff\"><em>N\u00e3o, a participa\u00e7\u00e3o do pr\u00e9-inscrito s\u00f3 ser\u00e1 validada presencialmente e estar\u00e1 condicionada a quantidade de vagas.<\/em>\u00a0<\/span><\/p>\n<\/li>\n<li>\n<p align=\"JUSTIFY\"><span style=\"font-family: arial, sans-serif\">N\u00e3o realizei a pr\u00e9-inscri\u00e7\u00e3o on-line, mas posso participar do Ciclo de Palestras?\u00a0<\/span><span style=\"color: #0000ff\"><em>Sim, mas estar\u00e1 sujeito a n\u00e3o participar no dia do evento devido a disponibilidade de vagas.<\/em>\u00a0<\/span><\/p>\n<\/li>\n<li>\n<p align=\"JUSTIFY\"><span style=\"font-family: arial, sans-serif\">Qual a import\u00e2ncia de se realizar uma pr\u00e9-inscri\u00e7\u00e3o on-line ?\u00a0<\/span><span style=\"color: #0000ff\"><em>A pr\u00e9-inscri\u00e7\u00e3o on-line permite aos organizadores ter uma pr\u00e9via sobre :\u00a0<\/em><\/span><\/p>\n<ul>\n<li><span style=\"color: #0000ff\"><em>a quantidade de convidados que participar\u00e3o do evento;<\/em><\/span><\/li>\n<li><span style=\"color: #0000ff\"><em>o interesse do p\u00fablico em saber sobre os temas apresentados;<\/em><\/span><\/li>\n<li><span style=\"color: #0000ff\"><em>quantidade de atestados de presen\u00e7a a serem entregues no dia;<\/em><\/span><\/li>\n<li><span style=\"color: #0000ff\"><em>resultado para fonte pesquisa e justificativa para promover outros Ciclos de Palestras futuramente.<\/em><\/span><\/li>\n<\/ul>\n<p align=\"JUSTIFY\">\n<\/li>\n<li>\n<p align=\"JUSTIFY\"><span style=\"color: #000000\">Somente minha inscri\u00e7\u00e3o no Ciclo de Palestras garante a entrega de certificado?\u00a0<\/span><span style=\"color: #0000ff\"><em>N\u00e3o, o inscrito dever\u00e1 ter participado presencialmente de pelo menos 75% das palestras realizadas<\/em>\u00a0<\/span><\/p>\n<\/li>\n<li>\n<p align=\"JUSTIFY\"><span style=\"color: #000000\">Minha presen\u00e7a em uma \u00fanica palestra garantir\u00e1 a entrega do meu certificado emitido pela PROEXT?\u00a0<\/span><span style=\"color: #0000ff\"><em>N\u00e3o. Mas, o participante receber\u00e1 ao final de cada palestra um atestado declarando a presen\u00e7a do mesmo no dia do evento.<\/em>\u00a0<\/span><\/p>\n<\/li>\n<li>\n<p align=\"JUSTIFY\"><span style=\"font-family: arial, sans-serif\">Quando, como e onde receberei meu certificado pela PROEXT :\u00a0<\/span><span style=\"color: #0000ff\"><em>Os participantes com 75% de presen\u00e7a no Ciclo de Palestras recebera\u00e7\u00e3o um comunicado por e-mail, ap\u00f3s o t\u00e9rmino do Ciclo, com informa\u00e7\u00f5es quando, como e onde ir\u00e1 receber o certificado.<\/em><\/span><\/p>\n<\/li>\n<\/ol>\n<p align=\"JUSTIFY\"><span style=\"color: #0000ff\"><em>\u00a0 \u00a0 \u00a0<\/em><\/span><\/p>\n<p style=\"text-align: right\" align=\"JUSTIFY\"><em><strong>Organiza\u00e7\u00e3o Ciclo de Palestras\u00a0<\/strong><\/em><\/p>\n<p align=\"RIGHT\"><em><a href=\"http:\/\/blog.ufba.br\/compusoc\/wp-content\/uploads\/sites\/66\/2015\/03\/semnada.png\"><img loading=\"lazy\" decoding=\"async\" class=\"alignright wp-image-995\" src=\"http:\/\/blog.ufba.br\/compusoc\/wp-content\/uploads\/sites\/66\/2015\/03\/semnada.png\" alt=\"semnada\" width=\"74\" height=\"74\" srcset=\"https:\/\/blog.ufba.br\/compusoc\/wp-content\/uploads\/sites\/66\/2015\/03\/semnada.png 579w, https:\/\/blog.ufba.br\/compusoc\/wp-content\/uploads\/sites\/66\/2015\/03\/semnada-300x300.png 300w, https:\/\/blog.ufba.br\/compusoc\/wp-content\/uploads\/sites\/66\/2015\/03\/semnada-150x150.png 150w\" sizes=\"(max-width: 74px) 100vw, 74px\" \/><\/a><\/em><\/p>\n","protected":false},"excerpt":{"rendered":"<p>Perguntas Frequentes O que \u00e9 o Ciclo de Palestras Computa\u00e7\u00e3o e \u00e9tica na sociedade contempor\u00e2nea? \u00a0 \u00a0 \u00a0\u00a0 \u00c9 um projeto de extens\u00e3o\u00a0do Departamento de Ci\u00eancia da Computa\u00e7\u00e3o apoiado pela\u00a0Pr\u00f3-Reitoria de Extens\u00e3o da UFBA e organizado pelas docentes Anna Friedericka &hellip; <a href=\"https:\/\/blog.ufba.br\/compusoc\/palestrasindex\/faq-2\/\">Continue lendo <span class=\"meta-nav\">&rarr;<\/span><\/a><\/p>\n","protected":false},"author":1,"featured_media":0,"parent":1072,"menu_order":0,"comment_status":"closed","ping_status":"closed","template":"","meta":{"_coblocks_attr":"","_coblocks_dimensions":"","_coblocks_responsive_height":"","_coblocks_accordion_ie_support":"","_themeisle_gutenberg_block_has_review":false,"footnotes":""},"class_list":["post-719","page","type-page","status-publish","hentry"],"_links":{"self":[{"href":"https:\/\/blog.ufba.br\/compusoc\/wp-json\/wp\/v2\/pages\/719"}],"collection":[{"href":"https:\/\/blog.ufba.br\/compusoc\/wp-json\/wp\/v2\/pages"}],"about":[{"href":"https:\/\/blog.ufba.br\/compusoc\/wp-json\/wp\/v2\/types\/page"}],"author":[{"embeddable":true,"href":"https:\/\/blog.ufba.br\/compusoc\/wp-json\/wp\/v2\/users\/1"}],"replies":[{"embeddable":true,"href":"https:\/\/blog.ufba.br\/compusoc\/wp-json\/wp\/v2\/comments?post=719"}],"version-history":[{"count":0,"href":"https:\/\/blog.ufba.br\/compusoc\/wp-json\/wp\/v2\/pages\/719\/revisions"}],"up":[{"embeddable":true,"href":"https:\/\/blog.ufba.br\/compusoc\/wp-json\/wp\/v2\/pages\/1072"}],"wp:attachment":[{"href":"https:\/\/blog.ufba.br\/compusoc\/wp-json\/wp\/v2\/media?parent=719"}],"curies":[{"name":"wp","href":"https:\/\/api.w.org\/{rel}","templated":true}]}}