{"id":1072,"date":"2013-07-16T12:06:35","date_gmt":"2013-07-16T15:06:35","guid":{"rendered":"http:\/\/blog.ufba.br\/compusoc\/?page_id=2"},"modified":"2013-07-16T12:06:35","modified_gmt":"2013-07-16T15:06:35","slug":"palestrasindex","status":"publish","type":"page","link":"https:\/\/blog.ufba.br\/compusoc\/palestrasindex\/","title":{"rendered":"Palestras"},"content":{"rendered":"<p style=\"text-align: left\">O ciclo de palestras Computa\u00e7\u00e3o e \u00c9tica na Sociedade Contempor\u00e2nea \u00e9 realizado semestralmente e\u00a0\u00a0s\u00e3o debatidos temas que est\u00e3o em grande repercuss\u00e3o na sociedade e que influenciam na forma\u00e7\u00e3o do estudante da \u00e1rea de computa\u00e7\u00e3o e afins. Confira o quais temas foram debatidos nos Ciclos anteriores.<\/p>\n<p style=\"text-align: justify\"><strong>Ciclo de Palestras 2014.1<\/strong><\/p>\n<p style=\"text-align: justify\"><strong>Ciclo de Palestras 2014.2<\/strong><\/p>\n<p style=\"text-align: justify\">\n","protected":false},"excerpt":{"rendered":"<p>O ciclo de palestras Computa\u00e7\u00e3o e \u00c9tica na Sociedade Contempor\u00e2nea \u00e9 realizado semestralmente e\u00a0\u00a0s\u00e3o debatidos temas que est\u00e3o em grande repercuss\u00e3o na sociedade e que influenciam na forma\u00e7\u00e3o do estudante da \u00e1rea de computa\u00e7\u00e3o e afins. Confira o quais temas &hellip; <a href=\"https:\/\/blog.ufba.br\/compusoc\/palestrasindex\/\">Continue lendo <span class=\"meta-nav\">&rarr;<\/span><\/a><\/p>\n","protected":false},"author":1,"featured_media":0,"parent":0,"menu_order":0,"comment_status":"closed","ping_status":"closed","template":"","meta":{"_coblocks_attr":"","_coblocks_dimensions":"","_coblocks_responsive_height":"","_coblocks_accordion_ie_support":"","_themeisle_gutenberg_block_has_review":false,"footnotes":""},"class_list":["post-1072","page","type-page","status-publish","hentry"],"_links":{"self":[{"href":"https:\/\/blog.ufba.br\/compusoc\/wp-json\/wp\/v2\/pages\/1072"}],"collection":[{"href":"https:\/\/blog.ufba.br\/compusoc\/wp-json\/wp\/v2\/pages"}],"about":[{"href":"https:\/\/blog.ufba.br\/compusoc\/wp-json\/wp\/v2\/types\/page"}],"author":[{"embeddable":true,"href":"https:\/\/blog.ufba.br\/compusoc\/wp-json\/wp\/v2\/users\/1"}],"replies":[{"embeddable":true,"href":"https:\/\/blog.ufba.br\/compusoc\/wp-json\/wp\/v2\/comments?post=1072"}],"version-history":[{"count":0,"href":"https:\/\/blog.ufba.br\/compusoc\/wp-json\/wp\/v2\/pages\/1072\/revisions"}],"wp:attachment":[{"href":"https:\/\/blog.ufba.br\/compusoc\/wp-json\/wp\/v2\/media?parent=1072"}],"curies":[{"name":"wp","href":"https:\/\/api.w.org\/{rel}","templated":true}]}}