{"id":1000,"date":"2015-03-22T18:33:07","date_gmt":"2015-03-22T21:33:07","guid":{"rendered":"http:\/\/blog.ufba.br\/compusoc\/?page_id=1000"},"modified":"2015-03-22T18:33:07","modified_gmt":"2015-03-22T21:33:07","slug":"sobre","status":"publish","type":"page","link":"https:\/\/blog.ufba.br\/compusoc\/sobre\/","title":{"rendered":"Sobre"},"content":{"rendered":"<p style=\"text-align: justify\">O ciclo de palestras Computa\u00e7\u00e3o e \u00c9tica na Sociedade Contempor\u00e2nea tem como objetivo informar e despertar uma consci\u00eancia cr\u00edtica e respons\u00e1vel sobre os diversos aspectos associados aos desenvolvimentos das tecnologias digitais que v\u00eam modificando a sociedade em seus aspectos sociais, econ\u00f4micos, pol\u00edticos, ecol\u00f3gicos e \u00e9ticos, observando as dimens\u00f5es individual, regional, nacional e internacional.<\/p>\n<p style=\"text-align: justify\"><span style=\"color: #222222\"><span style=\"font-family: arial, sans-serif\">Com inscri\u00e7\u00f5es gratuitas e abertas ao p\u00fablico externo, o ciclo ocorrer\u00e1 no per\u00edodo de mar\u00e7o\u00a0a julho de 2015 nas quartas-feiras das 19:00 \u00e0s 20:20 horas e conta com certificados emitidos pela Proext\/UFBA para frequ\u00eancia em 75% das palestras realizadas.<\/span><\/span><\/p>\n<p style=\"text-align: justify\">Esse ciclo de palestras \u00e9 promovido pelo Departamento de Ci\u00eancia da Computa\u00e7\u00e3o sob a coordena\u00e7\u00e3o das docentes Anna Friedericka Schwarzelmuller e D\u00e9bora Abdalla Santos, que tamb\u00e9m coordenam o programa de extens\u00e3o Onda Digital.<\/p>\n<p><span style=\"color: #222222\">\u00a0Gostaria de participar do Ciclo de Palestras?\u00a0<a href=\"http:\/\/http:\/\/blog.ufba.br\/compusoc\/?p=719\">Clique aqui\u00a0<\/a><\/span><\/p>\n<p>&nbsp;<\/p>\n","protected":false},"excerpt":{"rendered":"<p>O ciclo de palestras Computa\u00e7\u00e3o e \u00c9tica na Sociedade Contempor\u00e2nea tem como objetivo informar e despertar uma consci\u00eancia cr\u00edtica e respons\u00e1vel sobre os diversos aspectos associados aos desenvolvimentos das tecnologias digitais que v\u00eam modificando a sociedade em seus aspectos sociais, &hellip; <a href=\"https:\/\/blog.ufba.br\/compusoc\/sobre\/\">Continue lendo <span class=\"meta-nav\">&rarr;<\/span><\/a><\/p>\n","protected":false},"author":1,"featured_media":0,"parent":0,"menu_order":0,"comment_status":"closed","ping_status":"closed","template":"","meta":{"_coblocks_attr":"","_coblocks_dimensions":"","_coblocks_responsive_height":"","_coblocks_accordion_ie_support":"","_themeisle_gutenberg_block_has_review":false,"footnotes":""},"class_list":["post-1000","page","type-page","status-publish","hentry"],"_links":{"self":[{"href":"https:\/\/blog.ufba.br\/compusoc\/wp-json\/wp\/v2\/pages\/1000"}],"collection":[{"href":"https:\/\/blog.ufba.br\/compusoc\/wp-json\/wp\/v2\/pages"}],"about":[{"href":"https:\/\/blog.ufba.br\/compusoc\/wp-json\/wp\/v2\/types\/page"}],"author":[{"embeddable":true,"href":"https:\/\/blog.ufba.br\/compusoc\/wp-json\/wp\/v2\/users\/1"}],"replies":[{"embeddable":true,"href":"https:\/\/blog.ufba.br\/compusoc\/wp-json\/wp\/v2\/comments?post=1000"}],"version-history":[{"count":0,"href":"https:\/\/blog.ufba.br\/compusoc\/wp-json\/wp\/v2\/pages\/1000\/revisions"}],"wp:attachment":[{"href":"https:\/\/blog.ufba.br\/compusoc\/wp-json\/wp\/v2\/media?parent=1000"}],"curies":[{"name":"wp","href":"https:\/\/api.w.org\/{rel}","templated":true}]}}