{"id":8,"date":"2013-03-13T16:02:03","date_gmt":"2013-03-13T19:02:03","guid":{"rendered":"http:\/\/blog.ufba.br\/cinform\/?page_id=7"},"modified":"2013-03-13T16:02:03","modified_gmt":"2013-03-13T19:02:03","slug":"programa","status":"publish","type":"page","link":"https:\/\/blog.ufba.br\/cinform\/programa\/","title":{"rendered":"Programa"},"content":{"rendered":"<p><strong>LOCAL<br \/>\n<\/strong>Escola Polit\u00e9cnica &#8211; UFBA<br \/>\nRua Aristides Novis, 02, Federa\u00e7\u00e3o<br \/>\nSalvador &#8211; Bahia &#8211; Brasil<\/p>\n<p><span style=\"color: #3366ff\"><strong>19 ago. 2013<\/strong><\/span><\/p>\n<p><span style=\"color: #339966\"><strong>8h &#8211; 8h30<\/strong><\/span><strong>\u00a0<\/strong>Credenciamento<\/p>\n<p><span style=\"color: #339966\"><strong>8h30<\/strong><\/span>\u00a0Abertura oficial, com a presen\u00e7a da Reitora da Universidade Federal da Bahia<\/p>\n<p><span style=\"color: #339966\"><strong>9h<\/strong><\/span>\u00a0 CONFER\u00caNCIA DE ABERTURA<br \/>\nMundo digital: uma sociedade sem fronteira?<br \/>\nMari-Carmen Marcos (Universidad Pompeu Fabra, Barcelona)<\/p>\n<p><span style=\"color: #339966\"><strong>9h50<\/strong><\/span> Coffee break<\/p>\n<p><span style=\"color: #339966\"><strong>10h10<\/strong><\/span>\u00a0Subtema 1<br \/>\nAcesso ao conhecimento: quebra das barreiras por meio de tecnologias digitais<\/p>\n<p><strong>Palestrante<\/strong>: Profa. L\u00eddia Oliveira<strong> <\/strong>(Universidade de Aveiro)<\/p>\n<p><strong>Mesa-redonda<\/strong>:<br \/>\nMiguel \u00c1ngel Arellano (Ibict)<strong><br \/>\n<\/strong>Luiz Atilio Vicentini (Unicamp)<br \/>\nSimone Weitzel (Unirio)<\/p>\n<p><strong>Moderador<\/strong>:\u00a0Teresinha Fr\u00f3es (UFBA)<\/p>\n<p><span style=\"color: #339966\"><strong>14h &#8211; 17h30<br \/>\n<\/strong><\/span>Comunica\u00e7\u00f5es selecionadas pelo comit\u00ea cient\u00edfico, segundo as modalidades que seguem:<br \/>\n&#8211; Comunica\u00e7\u00f5es orais de profissionais e pesquisadores<br \/>\n&#8211; Sess\u00e3o de casos<\/p>\n<p><span style=\"color: #3366ff\"><strong>20 ago. 2013<\/strong><\/span><\/p>\n<p><span style=\"color: #339966\"><strong>8h30 &#8211; 12h30 <\/strong><\/span>Subtema 2<br \/>\nTranspar\u00eancia e opacidade da informa\u00e7\u00e3o: reflex\u00f5es sobre a atual conjuntura pol\u00edtica<\/p>\n<p><strong>Palestrante<\/strong>:\u00a0Prof.\u00a0Vania Baldi (Universidade de Aveiro)<\/p>\n<p><strong>Mesa-redonda<\/strong><br \/>\nJos\u00e9 Maria Jardim (UNIRIO)<strong><br \/>\n<\/strong>Leilah Bufrem (UFPE)<br \/>\nNanci Oddone (Unirio)<\/p>\n<p><strong>Moderador<\/strong>:\u00a0Ana Lucia Gomes da Silva (UNEB)<\/p>\n<p><span style=\"color: #339966\"><strong>12h30 &#8211; 13h<\/strong>\u00a0<\/span>Apresenta\u00e7\u00e3o e demonstra\u00e7\u00e3o de produtos<\/p>\n<p><span style=\"color: #339966\"><strong><strong>14h &#8211; 17h30<\/strong><br \/>\n<\/strong><\/span>Comunica\u00e7\u00f5es selecionadas pelo comit\u00ea cient\u00edfico, segundo as modalidades que seguem:<br \/>\n&#8211; Comunica\u00e7\u00f5es orais de profissionais e pesquisadores<br \/>\n&#8211; Sess\u00e3o de casos<\/p>\n<p><span style=\"color: #339966\"><strong>17h30<\/strong><\/span> Lan\u00e7amento de livros<\/p>\n<p><span style=\"color: #3366ff\"><strong>21 ago. 2013<\/strong><\/span><\/p>\n<p><span style=\"color: #339966\"><strong>8h30 &#8211; 12h30\u00a0<\/strong><\/span>Subtema 3<br \/>\nMidiatiza\u00e7\u00e3o da informa\u00e7\u00e3o: aplica\u00e7\u00f5es e implica\u00e7\u00f5es<\/p>\n<p><strong>Palestrante<\/strong>:\u00a0Marcos Pal\u00e1cios (UFBA)<\/p>\n<p><strong>Mesa-redonda<\/strong>:<br \/>\nMaria das Gra\u00e7as Targino (UFPI)<br \/>\nIsa Maria Freire (UFPB)<br \/>\nAntonio Miranda (UnB)<\/p>\n<p><strong>Moderador<\/strong>:\u00a0Jussara Borges (UFBA)<\/p>\n<p><span style=\"color: #339966\"><strong>12h30 &#8211; 13h<\/strong><strong>:<\/strong><\/span> Apresenta\u00e7\u00e3o e demonstra\u00e7\u00e3o de produtos<\/p>\n<p><span style=\"color: #339966\"><strong>14h &#8211; 17h30<br \/>\n<\/strong><\/span>Comunica\u00e7\u00f5es selecionadas pelo comit\u00ea cient\u00edfico, segundo as modalidades que seguem:<br \/>\n&#8211; Comunica\u00e7\u00f5es orais de profissionais e pesquisadores<br \/>\n&#8211; Sess\u00e3o de casos<\/p>\n<p><span style=\"color: #339966\"><strong>17h30<\/strong><\/span>\u00a0<strong>Sess\u00e3o de encerramento e agradecimentos<\/strong><\/p>\n<p>COQUETEL<br \/>\nApresenta\u00e7\u00e3o art\u00edstica<\/p>\n<p>&nbsp;<\/p>\n<p><span style=\"color: #3366ff\"><strong>CURSOS<\/strong><\/span><\/p>\n<p><strong>Per\u00edodo:<\/strong>\u00a017 e 18 de agosto 2013, das de 8h \u00e0s 12h ou de 14h \u00e0s 18h\u00a0(total de 8 horas cada), o que possibilita uma pessoa inscrever-se em 2 cursos <span style=\"color: #000000\">sendo um em cada dia.\u00a0<\/span><\/p>\n<p><strong>Condi\u00e7\u00e3o de realiza\u00e7\u00e3o:<\/strong>\u00a0cada turma contar com o m\u00ednimo de 15 inscritos e m\u00e1ximo de 40.<br \/>\n<strong>Valores:<\/strong><br \/>\nProfissionais: R$ 100,00<br \/>\nEstudante de p\u00f3s: R$: 60,00<br \/>\nEstudante de Gradua\u00e7\u00e3o: R$ 30,00<\/p>\n<p><strong>Local de realiza\u00e7\u00e3o dos cursos:<\/strong>\u00a0Instituto Ci\u00eancia da Informa\u00e7\u00e3o (ICI) \u2013 a confirmar.<br \/>\nAv. Reitor Miguel Calmon s\/n Campus Universit\u00e1rio do Canela.<\/p>\n<p>Programa\u00e7\u00e3o preliminar. Existe a possibilidade de confirma\u00e7\u00e3o de novos cursos.<br \/>\n<span style=\"color: #ff0000\">Aberto a congressistas e a demais interessados.\u00a0<\/span><\/p>\n<p><strong><span style=\"color: #339966\">CURSOS\u2013 XI CINFORM<\/span><br \/>\n<\/strong><strong>PERIODO DE INSCRI\u00c7\u00c3O<\/strong>: 08\/07\/2013 \u00c0 16\/08\/2013<br \/>\n<strong>HORARIO<\/strong>: 9 \u00e0s 12\u00a0\u00a0e das 13 \u00e0s 15<br \/>\n<strong>LOCAL<\/strong>: GERENCIA ADMINISTRATIVA\/ GERAF\/ICI<br \/>\n<strong>FONE:<\/strong>\u00a03283-7748<br \/>\n<strong>CONTATO<\/strong>: MARILENE LUZIA \u2013 EMAIL:\u00a0<a href=\"mailto:mariluzi@ufba.br\" target=\"_blank\" rel=\"noopener\">mariluzi@ufba.br<\/a>\u00a0e\u00a0<a href=\"mailto:ici@ufba.br\" target=\"_blank\" rel=\"noopener\">ici@ufba.br<\/a><\/p>\n<p><strong>\u00a0<\/strong><\/p>\n<table border=\"1\" cellspacing=\"0\" cellpadding=\"0\" align=\"left\">\n<tbody>\n<tr>\n<td valign=\"top\" width=\"149\"><strong>TEMA<\/strong><\/td>\n<td valign=\"top\" width=\"36\"><strong>DIA<\/strong><\/td>\n<td valign=\"top\" width=\"72\"><strong>HORARIO<\/strong><\/td>\n<td valign=\"top\" width=\"45\"><strong>LOCAL<\/strong><\/td>\n<td valign=\"top\" width=\"130\"><strong>FACILITADOR<\/strong><\/td>\n<\/tr>\n<tr>\n<td valign=\"top\" width=\"149\"><strong>Normaliza\u00e7\u00e3o document\u00e1ria: ABNT, Vancouver e APA<\/strong><br \/>\n<strong><\/strong><\/td>\n<td valign=\"top\" width=\"36\"><strong>18<\/strong><\/td>\n<td valign=\"top\" width=\"72\"><strong>8:00 \u00e0s\u00a0 12<\/strong><strong>14:00 \u00e0s 18<\/strong><\/td>\n<td valign=\"top\" width=\"45\"><strong>ICI<\/strong><\/td>\n<td valign=\"top\" width=\"130\"><em>Maria Isabel de Jesus Sousa Barreira<\/em><strong><\/strong><\/td>\n<\/tr>\n<\/tbody>\n<\/table>\n<p><strong>Ementa<\/strong>: Atualizar bibliotec\u00e1rios, pesquisadores, alunos de gradua\u00e7\u00e3o e p\u00f3s gradua\u00e7\u00e3o quanto \u00e0 normaliza\u00e7\u00e3o e estrutura\u00e7\u00e3o de trabalhos cient\u00edficos (trabalho de conclus\u00e3o de curso, disserta\u00e7\u00e3o e tese) de acordo com as normas e padr\u00f5es de documenta\u00e7\u00e3o nacionais, a ABNT: refer\u00eancia bibliogr\u00e1fica (NBR 6023), resumo (NBR 6028), cita\u00e7\u00e3o (NBR 10520 e trabalho acad\u00eamico (NBR 14724). Outras normas da ISO: Vancouver e APA.<\/p>\n<p><strong>CV \u2013 Facilitador:<\/strong><strong>\u00a0<\/strong>Gradua\u00e7\u00e3o em Biblioteconomia e Documenta\u00e7\u00e3o. Mestrado em Ci\u00eancia da Informa\u00e7\u00e3o. Doutorado em Educa\u00e7\u00e3o. Prof\u00aa. do Instituto de Ci\u00eancia da Informa\u00e7\u00e3o.Experi\u00eancia docente nas disciplinas: Normaliza\u00e7\u00e3o da Documenta\u00e7\u00e3o e Documenta\u00e7\u00e3o Cient\u00edfica; cursos de capacita\u00e7\u00e3o para bibliotec\u00e1rios UFBA e Biblioteca P\u00fablica dos Barris. Experi\u00eancia T\u00e9cnica: Normaliza\u00e7\u00e3o de trabalhos acad\u00eamicos (Disserta\u00e7\u00f5es e teses em diversas \u00e1reas). Revisora da Revista Ponto de Acesso.<\/p>\n<p>&nbsp;<\/p>\n<table border=\"1\" cellspacing=\"0\" cellpadding=\"0\" align=\"left\">\n<tbody>\n<tr>\n<td valign=\"top\" width=\"149\"><strong>TEMA<\/strong><\/td>\n<td valign=\"top\" width=\"36\"><strong>DIA<\/strong><\/td>\n<td valign=\"top\" width=\"72\"><strong>HORARIO<\/strong><\/td>\n<td valign=\"top\" width=\"45\"><strong>LOCAL<\/strong><\/td>\n<td valign=\"top\" width=\"130\"><strong>FACILITADOR<\/strong><\/td>\n<\/tr>\n<tr>\n<td valign=\"top\" width=\"149\"><strong>Pesquisa Referencial em Bancos e Bases de Dados Cient\u00edficos <\/strong><strong><br \/>\n<\/strong><strong><\/strong><\/td>\n<td valign=\"top\" width=\"36\"><strong>18<\/strong><\/td>\n<td valign=\"top\" width=\"72\"><strong>8:00 \u00e0s\u00a0 12<\/strong><strong>14:00 \u00e0s 18<\/strong><\/td>\n<td valign=\"top\" width=\"45\"><strong>ICI<\/strong><\/td>\n<td valign=\"top\" width=\"130\">Jos\u00e9 Carlos Sales dos Santos<\/td>\n<\/tr>\n<\/tbody>\n<\/table>\n<p><strong>EMENTA:<\/strong> A partir da abordagem cr\u00edtica, ser\u00e3o apresentados aos cursistas os princ\u00edpios da recupera\u00e7\u00e3o da informa\u00e7\u00e3o na internet.\u00a0 Os objetivos do curso compreendem:<\/p>\n<p>&#8211; discutir as estrat\u00e9gias de pesquisa (conceitos e pr\u00e1ticas);<\/p>\n<p>&#8211; apresentar o <em>Ciclo da Pesquisa Referencial<\/em> para a pesquisa de refer\u00eancias;<\/p>\n<p>&#8211; praticar a pesquisa em bancos e bases de dados previamente selecionados<\/p>\n<p>&nbsp;<\/p>\n<p><strong>CV \u2013 Facilitador &#8211; <\/strong>Bibliotec\u00e1rio Servidor da UFBA (Membro do N\u00facleo Cient\u00edfico SIBI). Doutorando e Mestre em Ci\u00eancia da Informa\u00e7\u00e3o \u2013 PPGCI\/UFBA, especialista em Gest\u00e3o da Comunica\u00e7\u00e3o Organizacional Integrada \u2013 NPGA\/UFBA e graduado em Biblioteconomia e Documenta\u00e7\u00e3o \u2013 ICI\/UFBA.<\/p>\n<table border=\"1\" cellspacing=\"0\" cellpadding=\"0\" align=\"left\">\n<tbody>\n<tr>\n<td valign=\"top\" width=\"149\"><strong>TEMA<\/strong><\/td>\n<td valign=\"top\" width=\"36\"><strong>DIA<\/strong><\/td>\n<td valign=\"top\" width=\"72\"><strong>HORARIO<\/strong><\/td>\n<td valign=\"top\" width=\"45\"><strong>LOCAL<\/strong><\/td>\n<td valign=\"top\" width=\"130\"><strong>FACILITADOR<\/strong><\/td>\n<\/tr>\n<tr>\n<td valign=\"top\" width=\"149\"><strong>Descri\u00e7\u00e3o Arquivistica <\/strong><strong><br \/>\n<\/strong><strong><\/strong><\/td>\n<td valign=\"top\" width=\"36\"><strong>17<\/strong><\/td>\n<td valign=\"top\" width=\"72\"><strong>8:00 \u00e0s\u00a0 12<\/strong><strong>14:00 \u00e0s 18<\/strong><\/td>\n<td valign=\"top\" width=\"45\"><strong>ICI<\/strong><\/td>\n<td valign=\"top\" width=\"130\">\n<h2>Francisco Jos\u00e9 Arag\u00e3o Pedroza Cunha<\/h2>\n<\/td>\n<\/tr>\n<\/tbody>\n<\/table>\n<p>&nbsp;<\/p>\n<p><strong>Ementa<\/strong>: Introdu\u00e7\u00e3o sobre o processo de representa\u00e7\u00e3o da informa\u00e7\u00e3o arquiv\u00edstica. Normas e padr\u00f5es de descri\u00e7\u00e3o arquiv\u00edstica. Instrumentos de pesquisas.<strong> Objetivos<\/strong>:<\/p>\n<ol>\n<li>Compreender o conceito e os objetivos da representa\u00e7\u00e3o descritiva;<\/li>\n<li>Conhecer normas e padr\u00f5es de descri\u00e7\u00e3o arquiv\u00edstica;<\/li>\n<li>Identificar instrumentos de pesquisas de acervos documentais.<\/li>\n<\/ol>\n<p><strong>Conte\u00fado Program\u00e1tico I<\/strong>: Conceitos e objetivos da descri\u00e7\u00e3o arquiv\u00edstica. A descri\u00e7\u00e3o como fun\u00e7\u00e3o arquiv\u00edstica. Normas e padr\u00f5es de descri\u00e7\u00e3o arquiv\u00edstica internacionais.<\/p>\n<p><strong>Conte\u00fado Program\u00e1tico II: <\/strong>NOBRADE. Instrumentos de pesquisa: modelos e formatos.<\/p>\n<p>Doutor em Difus\u00e3o do Conhecimento pelo Programa de P\u00f3s-gradu\u00e7\u00e3o Multi-institucional e Multidiciplinar da Faculdade de Educa\u00e7\u00e3o da UFBA (2012). Possui gradua\u00e7\u00e3o em Administra\u00e7\u00e3o de Empresas pela Universidade Cat\u00f3lica do Salvador (1985) e mestrado em Ci\u00eancia da Informa\u00e7\u00e3o pela Universidade Federal da Bahia (2005). Professor Adjunto do Departamento de Documenta\u00e7\u00e3o e Informa\u00e7\u00e3o da Universidade Federal da Bahia. Professor colaborador do Programa de P\u00f3s-gradua\u00e7\u00e3o em Ci\u00eancia da Informa\u00e7\u00e3o (PPGCI) da UFBA. \u00c9 professor convidado do NCPA\/NPGA da Escola de Administra\u00e7\u00e3o da UFBA no Curso de Gest\u00e3o dos Servi\u00e7os de Sa\u00fade. \u00c9 especialista em Auditoria Interna (UCSAL\/UNEB\/1994), Administra\u00e7\u00e3o Hospitalar (CEDAS\/2001) e Gest\u00e3o da Inova\u00e7\u00e3o Tecnologica em Arranjos Produtivos Locais (APLs) (Escola de Administra\u00e7\u00e3o\/UFBA) . Colaborador da Rede de Inova\u00e7\u00e3o e Aprendizagem em Gest\u00e3o Hospitalar (Rede InovarH-BA).\u00a0 \u00c1reas de Atua\u00e7\u00e3o: gest\u00e3o de documentos, gest\u00e3o da informa\u00e7\u00e3o, gest\u00e3o do conhecimento, gest\u00e3o hospitalar, sistemas de informa\u00e7\u00e3o, aprendizagem e comunica\u00e7\u00e3o organizacional, ci\u00eancia da informa\u00e7\u00e3o, redes sociais,<\/p>\n<p>&nbsp;<\/p>\n<table border=\"1\" cellspacing=\"0\" cellpadding=\"0\" align=\"left\">\n<tbody>\n<tr>\n<td valign=\"top\" width=\"149\"><strong>TEMA<\/strong><\/td>\n<td valign=\"top\" width=\"36\"><strong>DIA<\/strong><\/td>\n<td valign=\"top\" width=\"72\"><strong>HORARIO<\/strong><\/td>\n<td valign=\"top\" width=\"45\"><strong>LOCAL<\/strong><\/td>\n<td valign=\"top\" width=\"130\"><strong>FACILITADOR<\/strong><\/td>\n<\/tr>\n<tr>\n<td valign=\"top\" width=\"149\">Metodologia da Pesquisa para TCC e Monografia<strong><br \/>\n<\/strong><strong><\/strong><\/td>\n<td valign=\"top\" width=\"36\"><strong>17<\/strong><\/td>\n<td valign=\"top\" width=\"72\"><strong>8:00 \u00c0S 12<\/strong><strong>14;oo \u00e0s 18<\/strong><\/td>\n<td valign=\"top\" width=\"45\"><strong>ICI<\/strong><\/td>\n<td valign=\"top\" width=\"130\">Nanci Oddone<\/td>\n<\/tr>\n<\/tbody>\n<\/table>\n<p>&nbsp;<\/p>\n<p><strong>EMENTA<\/strong>: Oferece um roteiro pr\u00e1tico para a estrutura\u00e7\u00e3o de TCC ou Monografia na \u00e1rea da Biblioteconomia &amp; Ci\u00eancia da Informa\u00e7\u00e3o. Discute e exemplifica as principais etapas do processo de pesquisa, indicando passo a passo as dificuldades a serem superadas para a conclus\u00e3o do projeto dentro do cronograma<\/p>\n<p><strong>CV \u2013 Facilitador:<\/strong>\u00a0Professora adjunta do ICI\/UFBA, com bolsa de Produtividade em Pesquisa do CNPq. Foi professora visitante na Escola de Direito da Universidade de Kent, Reino Unido (2008-2009). \u00c9 membro do Conselho Fiscal da International Society for Knowledge Organization, Cap\u00edtulo Brasil (2009-2013). Integrou a Comiss\u00e3o da \u00c1rea das Ci\u00eancias Sociais Aplicadas I que examinou o desempenho dos programas de p\u00f3s-gradua\u00e7\u00e3o em Ci\u00eancia da Informa\u00e7\u00e3o no tri\u00eanio 2007-2009 para a Avalia\u00e7\u00e3o Trienal da Capes (2010). Atua como docente na gradua\u00e7\u00e3o em Biblioteconomia, ministrando regularmente as disciplinas Hist\u00f3ria do Livro e das Bibliotecas e Editora\u00e7\u00e3o. No mestrado em Ci\u00eancia da Informa\u00e7\u00e3o leciona a disciplina obrigat\u00f3ria Epistemologia e Ci\u00eancia da Informa\u00e7\u00e3o, al\u00e9m de optativas como Infopol\u00edtica: T\u00f3picos Contempor\u00e2neos em Direito Autoral; Livros &amp; Livros Eletr\u00f4nicos: Produ\u00e7\u00e3o, Impacto e Avalia\u00e7\u00e3o e Redes e Sistemas de Informa\u00e7\u00e3o. Coordena o Grupo de Pesquisa Infoci\u00eancia. Atualmente est\u00e1 envolvida nos projetos O livro eletr\u00f4nico na sociedade em rede: entre inova\u00e7\u00e3o e inquieta\u00e7\u00e3o (CNPq, 2010-2013), The north-to-south transplantation of copyright laws and values (Leverhulme Trust, 2010-2013) e Avalia\u00e7\u00e3o da pol\u00edtica nacional de ICT: o papel do Portal de Peri\u00f3dicos da Capes (Fapesb, 2005-2012).<\/p>\n<p>&nbsp;<\/p>\n<table border=\"1\" cellspacing=\"0\" cellpadding=\"0\" align=\"left\">\n<tbody>\n<tr>\n<td valign=\"top\" width=\"149\"><strong>TEMA<\/strong><\/td>\n<td valign=\"top\" width=\"36\"><strong>DIA<\/strong><\/td>\n<td valign=\"top\" width=\"72\"><strong>HORARIO<\/strong><\/td>\n<td valign=\"top\" width=\"45\"><strong>LOCAL<\/strong><\/td>\n<td valign=\"top\" width=\"130\"><strong>FACILITADOR<\/strong><\/td>\n<\/tr>\n<tr>\n<td valign=\"top\" width=\"149\"><strong>Arquitetura da Informa\u00e7\u00e3o <\/strong><\/td>\n<td valign=\"top\" width=\"36\"><strong>17<\/strong><\/td>\n<td valign=\"top\" width=\"72\"><strong>8:00 \u00e0s 12<\/strong><strong><\/strong><strong>14:00 \u00e0s 18<\/strong><\/td>\n<td valign=\"top\" width=\"45\"><strong>ICI<\/strong><\/td>\n<td valign=\"top\" width=\"130\">Rafael Marinho<\/td>\n<\/tr>\n<\/tbody>\n<\/table>\n<p>&nbsp;<\/p>\n<p><strong>Ementa<\/strong>: O Curso Introdut\u00f3rio de Arquitetura de Informa\u00e7\u00e3o traz um panorama geral sobre a Arquitetura de Informa\u00e7\u00e3o, bem como t\u00e9cnicas de gera\u00e7\u00e3o e organiza\u00e7\u00e3o de id\u00e9ias, disponibilizando recursos para que os participantes coloquem em pr\u00e1tica o que est\u00e1 sendo mostrado, concebendo rapidamente os aspectos essenciais e aplicando a metodologia para modelar a estrutura, o conte\u00fado e o comportamento no ambiente digital.<\/p>\n<p><strong>CV-FACILITADOR<\/strong> &#8211; Mestre em Ci\u00eancia da Informa\u00e7\u00e3o pela Universidade Federal da Bahia;Bacharel em Biblioteconomia e Documenta\u00e7\u00e3o pela Universidade Federal da Bahia;UX Information Architect em diversos projetos de intera\u00e7\u00e3o;Co-founder da Interaction Design Association board Salvador; Colunista de Usabilidade, AI, UX do Webinsider UOL;<\/p>\n<p>Estreitamente familiarizado com os conceitos de arquitetura de informa\u00e7\u00e3o, usabilidade, gest\u00e3o e organiza\u00e7\u00e3o da informa\u00e7\u00e3o para m\u00eddias interativas de grande porte.<\/p>\n<p>&nbsp;<\/p>\n<p>&nbsp;<\/p>\n<table border=\"1\" cellspacing=\"0\" cellpadding=\"0\" align=\"left\">\n<tbody>\n<tr>\n<td valign=\"top\" width=\"149\"><strong>TEMA<\/strong><\/td>\n<td valign=\"top\" width=\"36\"><strong>DIA<\/strong><\/td>\n<td valign=\"top\" width=\"72\"><strong>HORARIO<\/strong><\/td>\n<td valign=\"top\" width=\"45\"><strong>LOCAL<\/strong><\/td>\n<td valign=\"top\" width=\"130\"><strong>FACILITADOR<\/strong><\/td>\n<\/tr>\n<tr>\n<td valign=\"top\" width=\"149\"><strong>COMPET\u00caNCIA INFORMACIONAL NA PESQUISA JURIDICA <\/strong><strong><br \/>\n<\/strong><strong><\/strong><\/td>\n<td valign=\"top\" width=\"36\"><strong>18<\/strong><\/td>\n<td valign=\"top\" width=\"72\"><strong>8:00 \u00e0s\u00a0 12<\/strong><strong>14:00 \u00e0s 18<\/strong><\/td>\n<td valign=\"top\" width=\"45\"><strong>ICI<\/strong><\/td>\n<td valign=\"top\" width=\"130\">Antonio Edilberto<\/td>\n<\/tr>\n<\/tbody>\n<\/table>\n<p><strong>Ementa:\u00a0<\/strong>No\u00e7\u00f5es sobre compet\u00eancia informacional e sobre\u00a0 compet\u00eancia informacional jur\u00eddica. Aspectos pr\u00e1ticos sobre pesquisa jur\u00eddica online no contexto da informa\u00e7\u00e3o jur\u00eddica no Brasil, enfocando: legisla\u00e7\u00e3o,jurisprud\u00eancia, doutrina.<\/p>\n<p><strong>CV-FACILITADOR:<\/strong>\u00a0Mestre em Ci\u00eancia da Informa\u00e7\u00e3o pelo Programa de P\u00f3s-Gradua\u00e7\u00e3o em Ci\u00eancia da Informa\u00e7\u00e3o da UFBA (PPGCI\/UFBA). Especialista em Administra\u00e7\u00e3o P\u00fablica &#8211; Qualidade em Servi\u00e7os pela Universidade Cat\u00f3lica do Salvador(UCsal). Bacharel em Biblioteconomia pela UFBA., 1995. Atualmente \u00e9 Analista de Biblioteconomia da Procuradoria Regional do Trabalho da 5\u00aa Regi\u00e3o. Experi\u00eancia na \u00e1rea de Ci\u00eancia da Informa\u00e7\u00e3o, com \u00eanfase em Biblioteconomia, Organiza\u00e7\u00e3o e Representa\u00e7\u00e3o Tem\u00e1tica da Informa\u00e7\u00e3o, tem\u00e1tica da informa\u00e7\u00e3o, Compet\u00eancia informacional, Compet\u00eancia informacional jur\u00eddica, Pesquisa jur\u00eddica<\/p>\n<p>&nbsp;<\/p>\n","protected":false},"excerpt":{"rendered":"<p>LOCAL Escola Polit\u00e9cnica &#8211; UFBA Rua Aristides Novis, 02, Federa\u00e7\u00e3o Salvador &#8211; Bahia &#8211; Brasil 19 ago. 2013 8h &#8211; 8h30\u00a0Credenciamento 8h30\u00a0Abertura oficial, com a presen\u00e7a da Reitora da Universidade Federal da Bahia 9h\u00a0 CONFER\u00caNCIA DE ABERTURA Mundo digital: uma &hellip; <a href=\"https:\/\/blog.ufba.br\/cinform\/programa\/\">Continue lendo <span class=\"meta-nav\">&rarr;<\/span><\/a><\/p>\n","protected":false},"author":1,"featured_media":0,"parent":0,"menu_order":0,"comment_status":"closed","ping_status":"open","template":"","meta":{"_coblocks_attr":"","_coblocks_dimensions":"","_coblocks_responsive_height":"","_coblocks_accordion_ie_support":"","_themeisle_gutenberg_block_has_review":false,"footnotes":""},"class_list":["post-8","page","type-page","status-publish","hentry"],"_links":{"self":[{"href":"https:\/\/blog.ufba.br\/cinform\/wp-json\/wp\/v2\/pages\/8"}],"collection":[{"href":"https:\/\/blog.ufba.br\/cinform\/wp-json\/wp\/v2\/pages"}],"about":[{"href":"https:\/\/blog.ufba.br\/cinform\/wp-json\/wp\/v2\/types\/page"}],"author":[{"embeddable":true,"href":"https:\/\/blog.ufba.br\/cinform\/wp-json\/wp\/v2\/users\/1"}],"replies":[{"embeddable":true,"href":"https:\/\/blog.ufba.br\/cinform\/wp-json\/wp\/v2\/comments?post=8"}],"version-history":[{"count":0,"href":"https:\/\/blog.ufba.br\/cinform\/wp-json\/wp\/v2\/pages\/8\/revisions"}],"wp:attachment":[{"href":"https:\/\/blog.ufba.br\/cinform\/wp-json\/wp\/v2\/media?parent=8"}],"curies":[{"name":"wp","href":"https:\/\/api.w.org\/{rel}","templated":true}]}}