{"id":7,"date":"2013-03-13T16:01:42","date_gmt":"2013-03-13T19:01:42","guid":{"rendered":"http:\/\/blog.ufba.br\/cinform\/?page_id=5"},"modified":"2013-03-13T16:01:42","modified_gmt":"2013-03-13T19:01:42","slug":"apresentacao","status":"publish","type":"page","link":"https:\/\/blog.ufba.br\/cinform\/apresentacao\/","title":{"rendered":"Apresenta\u00e7\u00e3o"},"content":{"rendered":"<p style=\"text-align: left\">Algum tempo j\u00e1 nos distancia do per\u00edodo cr\u00edtico de instala\u00e7\u00e3o da festejada, ou temida, sociedade digital. Foram muitos os t\u00edtulos que recebeu: sociedade p\u00f3s-industrial, p\u00f3s-moderna, da informa\u00e7\u00e3o, do conhecimento, da aprendizagem, e mais outras alcunhas, de acordo com a face que nos mostrou em algum momento, dando ensejo a que correntes de pensadores a considerassem a salva\u00e7\u00e3o ou a destrui\u00e7\u00e3o da humanidade, tal a for\u00e7a de seu fetiche. Seus atributos foram decisivos para transformar o mundo produtivo, dos neg\u00f3cios e do trabalho, garantir os interesses pol\u00edticos e a pol\u00edtica econ\u00f4mica, remodelar a educa\u00e7\u00e3o, a arte, a cultura, os h\u00e1bitos e as rela\u00e7\u00f5es sociais. Vivemos hoje uma outra realidade, um outro cen\u00e1rio. E n\u00e3o podemos deixar passar a oportunidade de refletir sobre esta complexa conjuntura. Afinal, alcan\u00e7amos mesmo uma sociedade sem fronteiras, com acesso pleno \u00e0 informa\u00e7\u00e3o, \u00e0 educa\u00e7\u00e3o, ao conhecimento, \u00e0 cultura, ao lazer, com garantias de uma vida melhor?<\/p>\n<p>O <strong>XI CINFORM <\/strong>lhes convida a discutir sobre esta tem\u00e1tica:<\/p>\n<div>\n<p>Tema &#8211;<strong>\u00a0Mundo digital: uma sociedade sem fronteira?<\/strong><\/p>\n<p>Subtema 1-\u00a0<strong>Acesso\u00a0\u00a0ao conhecimento: quebra das barreiras por meio de tecnologias digitais<\/strong><\/p>\n<p>Facilidades de acesso \u00e0 informa\u00e7\u00e3o e comunica\u00e7\u00e3o, propiciadas pela internet, como determinantes na promo\u00e7\u00e3o e constru\u00e7\u00e3o do conhecimento e inova\u00e7\u00e3o tecnol\u00f3gica. Pr\u00e1ticas de compartilhamento, intera\u00e7\u00e3o e participa\u00e7\u00e3o, que se intensificam ou se reformulam a partir das tecnologias digitais. Quebra de barreiras no acesso \u00e0 informa\u00e7\u00e3o, propiciadas pelas tecnologias de informa\u00e7\u00e3o e comunica\u00e7\u00e3o. Surgimento de novos condicionantes \u2013 pol\u00edticos, econ\u00f4micos, sociais, cient\u00edficos tecnol\u00f3gicos e de infraestrutura \u2013\u00a0 para o acesso ao conhecimento. Compet\u00eancias digitais. Compet\u00eancias infocomunicacionais.<\/p>\n<p>Subtema 2 &#8211;\u00a0<strong>Transpar\u00eancia e opacidade da informa\u00e7\u00e3o: reflex\u00f5es sobre a atual conjuntura pol\u00edtica<\/strong><\/p>\n<p>Potencialidades e condicionantes da internet para pr\u00e1ticas relacionadas \u00e0 transpar\u00eancia,<em>accountability<\/em>, mobiliza\u00e7\u00e3o de grupos e delibera\u00e7\u00e3o p\u00fablica. Novas formas de controle e opacidade da informa\u00e7\u00e3o. Efeito \u201cbolha\u201d, gerado por sistemas de busca. Lei de acesso \u00e0 informa\u00e7\u00e3o: avan\u00e7os e limita\u00e7\u00f5es.<\/p>\n<p>Subtema 3 \u2013\u00a0<strong>Midiatiza\u00e7\u00e3o da informa\u00e7\u00e3o: aplica\u00e7\u00f5es e implica\u00e7\u00f5es\u00a0<\/strong><\/p>\n<p>Compartilhamento, etiquetagem, entrela\u00e7amento, converg\u00eancia, avalia\u00e7\u00e3o e organiza\u00e7\u00e3o da informa\u00e7\u00e3o em ambientes digitais, levando \u00e0 interpenetra\u00e7\u00e3o dos pap\u00e9is de produtores, consumidores, cr\u00edticos, editores e gestores. Prosumidores de informa\u00e7\u00e3o. Redes sociais como espa\u00e7os de constru\u00e7\u00e3o de rela\u00e7\u00f5es, grupos de trabalho, compartilhamento de interesses, gest\u00e3o do conhecimento, divulga\u00e7\u00e3o de produtos e servi\u00e7os etc. M\u00eddias digitais como recursos para produ\u00e7\u00e3o e divulga\u00e7\u00e3o de manifesta\u00e7\u00f5es culturais de toda natureza.<\/p>\n<p>&nbsp;<\/p>\n<\/div>\n","protected":false},"excerpt":{"rendered":"<p>Algum tempo j\u00e1 nos distancia do per\u00edodo cr\u00edtico de instala\u00e7\u00e3o da festejada, ou temida, sociedade digital. Foram muitos os t\u00edtulos que recebeu: sociedade p\u00f3s-industrial, p\u00f3s-moderna, da informa\u00e7\u00e3o, do conhecimento, da aprendizagem, e mais outras alcunhas, de acordo com a face &hellip; <a href=\"https:\/\/blog.ufba.br\/cinform\/apresentacao\/\">Continue lendo <span class=\"meta-nav\">&rarr;<\/span><\/a><\/p>\n","protected":false},"author":1,"featured_media":0,"parent":0,"menu_order":0,"comment_status":"closed","ping_status":"open","template":"","meta":{"_coblocks_attr":"","_coblocks_dimensions":"","_coblocks_responsive_height":"","_coblocks_accordion_ie_support":"","_themeisle_gutenberg_block_has_review":false,"footnotes":""},"class_list":["post-7","page","type-page","status-publish","hentry"],"_links":{"self":[{"href":"https:\/\/blog.ufba.br\/cinform\/wp-json\/wp\/v2\/pages\/7"}],"collection":[{"href":"https:\/\/blog.ufba.br\/cinform\/wp-json\/wp\/v2\/pages"}],"about":[{"href":"https:\/\/blog.ufba.br\/cinform\/wp-json\/wp\/v2\/types\/page"}],"author":[{"embeddable":true,"href":"https:\/\/blog.ufba.br\/cinform\/wp-json\/wp\/v2\/users\/1"}],"replies":[{"embeddable":true,"href":"https:\/\/blog.ufba.br\/cinform\/wp-json\/wp\/v2\/comments?post=7"}],"version-history":[{"count":0,"href":"https:\/\/blog.ufba.br\/cinform\/wp-json\/wp\/v2\/pages\/7\/revisions"}],"wp:attachment":[{"href":"https:\/\/blog.ufba.br\/cinform\/wp-json\/wp\/v2\/media?parent=7"}],"curies":[{"name":"wp","href":"https:\/\/api.w.org\/{rel}","templated":true}]}}