{"id":51,"date":"2013-03-13T19:25:40","date_gmt":"2013-03-13T22:25:40","guid":{"rendered":"http:\/\/blog.ufba.br\/cinform\/?page_id=51"},"modified":"2013-03-13T19:25:40","modified_gmt":"2013-03-13T22:25:40","slug":"hospedagem","status":"publish","type":"page","link":"https:\/\/blog.ufba.br\/cinform\/hospedagem\/","title":{"rendered":"Hospedagem"},"content":{"rendered":"<p><strong>SOL VICT\u00d3RIA MARINA<\/strong><\/p>\n<p>Apto. SGL \/ DBL<br \/>\nR$ 170,00<br \/>\nIncluso caf\u00e9 da manh\u00e3<\/p>\n<p>Tel: +55 71 3418-2170\/2171<br \/>\n+55 71 3336-0507<br \/>\n<a href=\"mailto:reservassvm@solexpress.com.br\">reservassvm@solexpress.com.br<\/a><\/p>\n<p>&nbsp;<\/p>\n<p><strong>PORTO BELO ONDINA PRAIA<\/strong><\/p>\n<p>Apto. SGL \/ DBL<br \/>\nR$ 150,00 + 5% ISS<\/p>\n<p>Apto. TPL<br \/>\nR$ 190,00 + 5% ISS<br \/>\nIncluso caf\u00e9 da manh\u00e3<\/p>\n<p>tel: + 55 71 2203-6701<br \/>\nFax: + 55 71 3245-3742<br \/>\nToll free :0800 7071033<br \/>\n<a href=\"mailto:reservasalvador@portobellohoteis.com.br\">reservasalvador@portobellohoteis.com.br<\/a><\/p>\n<p>&nbsp;<\/p>\n<p><strong>MARAZUL HOTEL<\/strong><\/p>\n<p>Apto. SGL STD &#8211; R$\u00a0 158,00<br \/>\nApto. DBL STD &#8211; R$ 177,00<\/p>\n<p>Phone: 71-3264.8151<br \/>\nFax:\u00a0\u00a0\u00a0\u00a0\u00a0\u00a0 71-3264.8193<br \/>\nReservas: grupos@marazulhotel.com.br<\/p>\n<p>Di\u00e1rias dep\u00f3sito banc\u00e1rio ate 30 dias antes do check-in<\/p>\n","protected":false},"excerpt":{"rendered":"<p>SOL VICT\u00d3RIA MARINA Apto. SGL \/ DBL R$ 170,00 Incluso caf\u00e9 da manh\u00e3 Tel: +55 71 3418-2170\/2171 +55 71 3336-0507 reservassvm@solexpress.com.br &nbsp; PORTO BELO ONDINA PRAIA Apto. SGL \/ DBL R$ 150,00 + 5% ISS Apto. TPL R$ 190,00 + &hellip; <a href=\"https:\/\/blog.ufba.br\/cinform\/hospedagem\/\">Continue lendo <span class=\"meta-nav\">&rarr;<\/span><\/a><\/p>\n","protected":false},"author":1,"featured_media":0,"parent":0,"menu_order":0,"comment_status":"closed","ping_status":"open","template":"","meta":{"_coblocks_attr":"","_coblocks_dimensions":"","_coblocks_responsive_height":"","_coblocks_accordion_ie_support":"","_themeisle_gutenberg_block_has_review":false,"footnotes":""},"class_list":["post-51","page","type-page","status-publish","hentry"],"_links":{"self":[{"href":"https:\/\/blog.ufba.br\/cinform\/wp-json\/wp\/v2\/pages\/51"}],"collection":[{"href":"https:\/\/blog.ufba.br\/cinform\/wp-json\/wp\/v2\/pages"}],"about":[{"href":"https:\/\/blog.ufba.br\/cinform\/wp-json\/wp\/v2\/types\/page"}],"author":[{"embeddable":true,"href":"https:\/\/blog.ufba.br\/cinform\/wp-json\/wp\/v2\/users\/1"}],"replies":[{"embeddable":true,"href":"https:\/\/blog.ufba.br\/cinform\/wp-json\/wp\/v2\/comments?post=51"}],"version-history":[{"count":0,"href":"https:\/\/blog.ufba.br\/cinform\/wp-json\/wp\/v2\/pages\/51\/revisions"}],"wp:attachment":[{"href":"https:\/\/blog.ufba.br\/cinform\/wp-json\/wp\/v2\/media?parent=51"}],"curies":[{"name":"wp","href":"https:\/\/api.w.org\/{rel}","templated":true}]}}