{"id":169,"date":"2013-05-06T09:45:26","date_gmt":"2013-05-06T12:45:26","guid":{"rendered":"http:\/\/blog.ufba.br\/cinform\/?page_id=169"},"modified":"2013-05-06T09:45:26","modified_gmt":"2013-05-06T12:45:26","slug":"submissao","status":"publish","type":"page","link":"https:\/\/blog.ufba.br\/cinform\/submissao\/","title":{"rendered":"Submiss\u00e3o"},"content":{"rendered":"<p>PRORROGA\u00c7\u00c3O DAS SUBMISS\u00d5ES: \u00a0<span style=\"color: #ac193d;font-size: x-large\">dia 30 de junho\u00a0<\/span><\/p>\n<p>O XI CINFORM receber\u00e1 duas formas de trabalhos para apresenta\u00e7\u00e3o:\u00a0Comunica\u00e7\u00e3o oral e relato de experi\u00eancia<\/p>\n<p>Poder\u00e3o submeter trabalhos de pesquisa ou relato de experi\u00eancia: Professores, pesquisadores, profissionais, \u00a0alunos de p\u00f3s-gradua\u00e7\u00e3o e alunos de gradua\u00e7\u00e3o*<\/p>\n<ul>\n<li><span style=\"color: #ff0000\">ALUNOS DE GRADUA\u00c7\u00c3O PODER\u00c3O SUBMETER TRABALHOS DESDE QUE\u00a0EM CO-AUTORIA COMUM\u00a0PROFESSOR PESQUISADOR.<\/span><\/li>\n<\/ul>\n<p>A resposta para os trabalhos aceitos ser\u00e1 \u00a0at\u00e9 dia\u00a0<strong><span style=\"color: #ac193d\">19\/07\/2013<\/span><\/strong><\/p>\n<p>Para efetivar a submiss\u00e3o de uma atividade, o proponente deve estar previamente inscrito e ter dispon\u00edvel o n\u00famero do CPF, o e-mail e o nome da Institui\u00e7\u00e3o de cada um dos co-autores de trabalhos. \u00c9 facultado a cada inscrito propor at\u00e9 tr\u00eas trabalhos, n\u00e3o havendo restri\u00e7\u00e3o \u00e0 quantidade de trabalhos em que a pessoa pode participar como co-autor.<\/p>\n<p>Est\u00e3o dispon\u00edveis em <a href=\"http:\/\/www.cinform.ufba.br\">www.cinform.ufba.br<\/a> os modelos para download. Voc\u00ea pode fazer o download no formato de edi\u00e7\u00e3o (.doc) que pode ser salvo diretamente em algum diret\u00f3rio no seu computador para edi\u00e7\u00e3o no Word para Windows ou outro editor com padr\u00e3o DOC. Para a submiss\u00e3o, os arquivos devem ser convertidos para o formato PDF.<br \/>\n<strong><\/strong><\/p>\n<p><strong>ATEN\u00c7\u00c3O:<\/strong><br \/>\n<strong>(1)\u00a0 <\/strong>Inscreva-se usando a barra do menu INSCRI\u00c7\u00c3O. <a href=\"http:\/\/www.cinform2013.ufba.br\">www.cinform2013.ufba.br<br \/>\n<\/a><strong>(2)\u00a0 <\/strong>Clique em ACESSO AO SISTEMA na barra do menu.<br \/>\n<strong>(3)\u00a0 <\/strong>Digite seu CPF e SENHA.<br \/>\n<strong>(4)\u00a0 <\/strong>Siga os passos indicados pelo sistema.<\/p>\n<p><strong><a href=\"https:\/\/www.dropbox.com\/s\/91y8n4moskadgnu\/cinform2013_modelo_apresenta%C3%A7%C3%A3o_oral.ppt\" target=\"_blank\" rel=\"noopener\">Modelo Apresenta\u00e7\u00e3o Oral<\/a><\/strong><\/p>\n<p><a href=\"https:\/\/www.dropbox.com\/s\/uqrbkliucqi375g\/cinform2013_modelo_texto_completo.doc\" target=\"_blank\" rel=\"noopener\"><strong>Modelo Texto Completo<\/strong><\/a><\/p>\n<p><strong>Trabalho completo:<\/strong><\/p>\n<p>a) \u00a0 os\u00a0trabalhos t\u00e9cnico-cient\u00edficos dever\u00e3o conter de 9 a 15 p\u00e1ginas, incluindo anexos, tabelas e gr\u00e1ficos<br \/>\nb)\u00a0\u00a0\u00a0os relatos de experi\u00eancia dever\u00e3o conter de 7 a 10 p\u00e1ginas, incluindo anexos, tabelas e gr\u00e1ficos<br \/>\nc)\u00a0\u00a0\u00a0as\u00a0margens superior e esquerda de 3 cm; margens inferior e direita de 2 cm<br \/>\nd)\u00a0\u00a0\u00a0as\u00a0notas\u00a0devem ser colocadas no rodap\u00e9<\/p>\n<p>Todos os trabalhos a serem apresentados devem contemplar as exig\u00eancias das Normas da ABNT<\/p>\n<p>Apresenta\u00e7\u00e3o Tabular do IBGE e das seguintes normas da ABNT:<\/p>\n<p>\uf0b7\u00a0\u00a0\u00a0NBR 6022:2003 \u2013 Informa\u00e7\u00e3o e documenta\u00e7\u00e3o: artigo em publica\u00e7\u00e3o peri\u00f3dica cient\u00edfica impressa. Apresenta\u00e7\u00e3o;<\/p>\n<p>\uf0b7\u00a0\u00a0\u00a0NBR 6023:2002 \u2013 Informa\u00e7\u00e3o e documenta\u00e7\u00e3o: elabora\u00e7\u00e3o de refer\u00eancias;<\/p>\n<p>\uf0b7\u00a0\u00a0\u00a0NBR 6024\/2012 \u2013 Numera\u00e7\u00e3o progressiva das se\u00e7\u00f5es de um documento;<\/p>\n<p>\uf0b7\u00a0\u00a0\u00a0NBR 6028:2003 \u2013 Resumo (Tipo Informativo);<\/p>\n<p>\uf0b7\u00a0\u00a0NBR 10520:2002 \u2013 Informa\u00e7\u00e3o e documenta\u00e7\u00e3o: cita\u00e7\u00f5es em documento<\/p>\n<p><strong><span style=\"color: #ff0000\">APRESENTA\u00c7\u00c3O DOS TRABALHOS<\/span><\/strong><\/p>\n<ul>\n<li><strong>Tempo:<\/strong> 20 minutos de exposi\u00e7\u00e3o para os trabalhos t\u00e9cnico-cient\u00edficos, dando prioridade ao problema da pesquisa, \u00e0 metodologia e aos resultados obtidos.<\/li>\n<li><strong>Tempo:<\/strong> 15 minutos para os relatos de experi\u00eancia, podendo o autor utilizar, em sua apresenta\u00e7\u00e3o, slides, filmes, p\u00f4steres.<\/li>\n<li>Ap\u00f3s a apresenta\u00e7\u00e3o de cada trabalho, a plat\u00e9ia ter\u00e1 5min para perguntas<\/li>\n<\/ul>\n<p><span style=\"color: #ff0000\"><strong>INSCRI\u00c7\u00c3O POR EMPENHO<\/strong>:<\/span><\/p>\n<p>Os participantes que ter\u00e3o a inscri\u00e7\u00e3o paga atrav\u00e9s de empenho devem encaminhar os dados da institui\u00e7\u00e3o empenhadora (<strong>raz\u00e3o social, CNPJ, endere\u00e7o completo, nome e CPF dos funcion\u00e1rios beneficiados<\/strong>) assim como a Autoriza\u00e7\u00e3o de empenho em nome da UFBa para o email:\u00a0<a href=\"mailto:cinform@ufba.br\">cinform@ufba.br<\/a>. O empenho deve ser emitido conforme dados abaixo:<\/p>\n<p>Credor: Universidade Federal da Bahia<br \/>\nCNPJ: 15.180.714\/0001-04<br \/>\nEndere\u00e7o: Rua Reitor Miguel Calmon, s\/n, Vale do Canela, Salvador\/Ba<br \/>\nCEP: 40.110-100<br \/>\nFinalidade: Na descri\u00e7\u00e3o, informar a quantidade de\u00a0 servidor(es) inscritos, bem como nome e CPF de cada um<\/p>\n<p>Para emiss\u00e3o da GRU, a UFBA precisa dos seguintes dados:<br \/>\nEmitente, CNPJ, Endere\u00e7o completo, Contatos: nome da pessoa, e-mail e telefone.<\/p>\n<p>D\u00favidas e outras informa\u00e7\u00f5es sobre pagamentos atrav\u00e9s de Nota de Empenho, gentileza entrar em contato com o Sr. Ariston:\u00a0fone (71)\u00a03283-7762 ou 3283-7754<\/p>\n<p><strong><span style=\"color: #3366ff\">Importante:<\/span><\/strong>\u00a0<span style=\"color: #ff0000\">A CONFIRMA\u00c7\u00c3O DA INSCRI\u00c7\u00c3O DAR-SE-\u00c1 MEDIANTE O ENVIO DO COMPROVANTE DO PAGAMENTO PARA O EMAIL<\/span>\u00a0<a href=\"mailto:cinform@ufba.br\">cinform@ufba.br<\/a>\u00a0OU PARA O FAX N\u00ba\u00a0 71 3283 7748<\/p>\n","protected":false},"excerpt":{"rendered":"<p>PRORROGA\u00c7\u00c3O DAS SUBMISS\u00d5ES: \u00a0dia 30 de junho\u00a0 O XI CINFORM receber\u00e1 duas formas de trabalhos para apresenta\u00e7\u00e3o:\u00a0Comunica\u00e7\u00e3o oral e relato de experi\u00eancia Poder\u00e3o submeter trabalhos de pesquisa ou relato de experi\u00eancia: Professores, pesquisadores, profissionais, \u00a0alunos de p\u00f3s-gradua\u00e7\u00e3o e alunos de &hellip; <a href=\"https:\/\/blog.ufba.br\/cinform\/submissao\/\">Continue lendo <span class=\"meta-nav\">&rarr;<\/span><\/a><\/p>\n","protected":false},"author":1,"featured_media":0,"parent":0,"menu_order":0,"comment_status":"closed","ping_status":"open","template":"","meta":{"_coblocks_attr":"","_coblocks_dimensions":"","_coblocks_responsive_height":"","_coblocks_accordion_ie_support":"","_themeisle_gutenberg_block_has_review":false,"footnotes":""},"class_list":["post-169","page","type-page","status-publish","hentry"],"_links":{"self":[{"href":"https:\/\/blog.ufba.br\/cinform\/wp-json\/wp\/v2\/pages\/169"}],"collection":[{"href":"https:\/\/blog.ufba.br\/cinform\/wp-json\/wp\/v2\/pages"}],"about":[{"href":"https:\/\/blog.ufba.br\/cinform\/wp-json\/wp\/v2\/types\/page"}],"author":[{"embeddable":true,"href":"https:\/\/blog.ufba.br\/cinform\/wp-json\/wp\/v2\/users\/1"}],"replies":[{"embeddable":true,"href":"https:\/\/blog.ufba.br\/cinform\/wp-json\/wp\/v2\/comments?post=169"}],"version-history":[{"count":0,"href":"https:\/\/blog.ufba.br\/cinform\/wp-json\/wp\/v2\/pages\/169\/revisions"}],"wp:attachment":[{"href":"https:\/\/blog.ufba.br\/cinform\/wp-json\/wp\/v2\/media?parent=169"}],"curies":[{"name":"wp","href":"https:\/\/api.w.org\/{rel}","templated":true}]}}