{"id":10,"date":"2013-03-13T16:05:42","date_gmt":"2013-03-13T19:05:42","guid":{"rendered":"http:\/\/blog.ufba.br\/cinform\/?page_id=10"},"modified":"2013-03-13T16:05:42","modified_gmt":"2013-03-13T19:05:42","slug":"anterior","status":"publish","type":"page","link":"https:\/\/blog.ufba.br\/cinform\/anterior\/","title":{"rendered":"Anterior"},"content":{"rendered":"<p style=\"text-align: left\" align=\"center\"><strong><a href=\"http:\/\/www.cinform2011.ici.ufba.br\/\" target=\"_blank\" rel=\"noopener\">X Cinform<\/a><\/strong>\u00a0<strong>&#8211;\u00a02011 &#8211;\u00a0<em><strong>Responsabilidade social na representa\u00e7\u00e3o, preserva\u00e7\u00e3o e dissemina\u00e7\u00e3o de conte\u00fados.<\/strong><br \/>\n<\/em><\/strong><\/p>\n<p style=\"text-align: left\" align=\"center\"><strong><a href=\"http:\/\/www.cinform2009.ufba.br\/site\/\" target=\"_blank\" rel=\"noopener\">IX Cinform<\/a><\/strong>\u00a0<strong>&#8211; 2009 &#8211;\u00a0<em>Baia, Baie&#8230;d&#8217;un rivage a l&#8217;autre: cultura e percep\u00e7\u00e3o<br \/>\n(Eco)logia e (Eco)nomia da informa\u00e7\u00e3o: at\u00e9 onde vai nossa responsabilidade?<\/em><\/strong><\/p>\n<p style=\"text-align: left\" align=\"center\"><strong><a href=\"http:\/\/www.cinform2008.ici.ufba.br\/\" target=\"_blank\" rel=\"noopener\">VIII Cinform<\/a><\/strong>\u00a0<strong>&#8211; 2008 &#8211;\u00a0<em>Ensino, Curr\u00edculo e Pesquisa em Informa\u00e7\u00e3o: Reflex\u00f5es, novos temas\u00a0e propostas prospectivas<\/em><\/strong><\/p>\n<p style=\"text-align: left\" align=\"center\"><strong><a href=\"http:\/\/www.cinform-anteriores.ufba.br\/7cinform\/\" target=\"_blank\" rel=\"noopener\">VII Cinform<\/a><\/strong><strong><a href=\"http:\/\/www.cinform-anteriores.ufba.br\/7cinform\/\">\u00a0<\/a>&#8211; 2007 &#8211;\u00a0<em>Informa\u00e7\u00e3o, Humanismo e Desenvolvimento Cient\u00edfico e Tecnol\u00f3gico<\/em><\/strong><\/p>\n<p style=\"text-align: left\" align=\"center\"><strong><a href=\"http:\/\/www.cinform-anteriores.ufba.br\/vi_anais\/\" target=\"_blank\" rel=\"noopener\">VI Cinform<\/a><\/strong><strong><a href=\"http:\/\/www.cinform-anteriores.ufba.br\/vi_anais\/\" target=\"_blank\" rel=\"noopener\">\u00a0<\/a>&#8211; 2005 &#8211;\u00a0<em>Informa\u00e7\u00e3o, Conhecimento e Sociedade Digital<\/em><\/strong><\/p>\n<p style=\"text-align: left\" align=\"center\"><strong><a href=\"http:\/\/www.cinform-anteriores.ufba.br\/v_anais\/frames.html\" target=\"_blank\" rel=\"noopener\">V Cinform<\/a><\/strong><strong>\u00a0&#8211; 2004 &#8211;\u00a0<em>Pol\u00edticas da Informa\u00e7\u00e3o<\/em><\/strong><\/p>\n<p style=\"text-align: left\" align=\"center\"><strong><a href=\"http:\/\/www.cinform-anteriores.ufba.br\/iv_anais\/frames.html\" target=\"_blank\" rel=\"noopener\">IV Cinform<\/a><\/strong><strong>\u00a0&#8211; 2003 &#8211;\u00a0<em>Ci\u00eancia da Informa\u00e7\u00e3o: Fronteiras e Tend\u00eancias<\/em><\/strong><\/p>\n<p style=\"text-align: left\" align=\"center\"><strong>III Cinform\u00a0&#8211; 2001 &#8211;\u00a0<em>Informa\u00e7\u00e3o e Conhecimento para o 3\u00ba Mil\u00eanio<\/em><\/strong><\/p>\n<p style=\"text-align: left\" align=\"center\"><strong>II Cinform\u00a0&#8211; 1999 &#8211;\u00a0<em>(In)forma\u00e7\u00e3o &#8211; Estrat\u00e9gias e Tecnologias<\/em><\/strong><\/p>\n<p style=\"text-align: left\" align=\"center\"><strong>I Cinform\u00a0&#8211; 1998<\/strong><\/p>\n","protected":false},"excerpt":{"rendered":"<p>X Cinform\u00a0&#8211;\u00a02011 &#8211;\u00a0Responsabilidade social na representa\u00e7\u00e3o, preserva\u00e7\u00e3o e dissemina\u00e7\u00e3o de conte\u00fados. IX Cinform\u00a0&#8211; 2009 &#8211;\u00a0Baia, Baie&#8230;d&#8217;un rivage a l&#8217;autre: cultura e percep\u00e7\u00e3o (Eco)logia e (Eco)nomia da informa\u00e7\u00e3o: at\u00e9 onde vai nossa responsabilidade? VIII Cinform\u00a0&#8211; 2008 &#8211;\u00a0Ensino, Curr\u00edculo e Pesquisa em &hellip; <a href=\"https:\/\/blog.ufba.br\/cinform\/anterior\/\">Continue lendo <span class=\"meta-nav\">&rarr;<\/span><\/a><\/p>\n","protected":false},"author":1,"featured_media":0,"parent":0,"menu_order":0,"comment_status":"closed","ping_status":"open","template":"","meta":{"_coblocks_attr":"","_coblocks_dimensions":"","_coblocks_responsive_height":"","_coblocks_accordion_ie_support":"","_themeisle_gutenberg_block_has_review":false,"footnotes":""},"class_list":["post-10","page","type-page","status-publish","hentry"],"_links":{"self":[{"href":"https:\/\/blog.ufba.br\/cinform\/wp-json\/wp\/v2\/pages\/10"}],"collection":[{"href":"https:\/\/blog.ufba.br\/cinform\/wp-json\/wp\/v2\/pages"}],"about":[{"href":"https:\/\/blog.ufba.br\/cinform\/wp-json\/wp\/v2\/types\/page"}],"author":[{"embeddable":true,"href":"https:\/\/blog.ufba.br\/cinform\/wp-json\/wp\/v2\/users\/1"}],"replies":[{"embeddable":true,"href":"https:\/\/blog.ufba.br\/cinform\/wp-json\/wp\/v2\/comments?post=10"}],"version-history":[{"count":0,"href":"https:\/\/blog.ufba.br\/cinform\/wp-json\/wp\/v2\/pages\/10\/revisions"}],"wp:attachment":[{"href":"https:\/\/blog.ufba.br\/cinform\/wp-json\/wp\/v2\/media?parent=10"}],"curies":[{"name":"wp","href":"https:\/\/api.w.org\/{rel}","templated":true}]}}