{"id":536,"date":"2012-11-25T13:47:50","date_gmt":"2012-11-25T16:47:50","guid":{"rendered":"http:\/\/blog.ufba.br\/cepejdir\/?page_id=536"},"modified":"2012-11-25T13:47:50","modified_gmt":"2012-11-25T16:47:50","slug":"missao-e-visao","status":"publish","type":"page","link":"https:\/\/blog.ufba.br\/cepejdir\/oqueeocepej\/missao-e-visao\/","title":{"rendered":"Miss\u00e3o, Vis\u00e3o, Valores"},"content":{"rendered":"<p style=\"text-align: justify\">Com o objetivo de aprimorar suas atividades o CEPEJ decidiu incluir o Planejamento Estrat\u00e9gico (PE) em seu calend\u00e1rio anual. Nessa oportunidade, s\u00e3o definidas as atividades a serem realizadas naquele ano por cada Diretoria e GT, al\u00e9m disso s\u00e3o discutidos e repensados elementos internos d\u00e1 pr\u00f3pria institui\u00e7\u00e3o.<\/p>\n<p style=\"text-align: justify\">O primeiro PE, realizado no in\u00edcio de 2012, concretizou a miss\u00e3o e a vis\u00e3o da institi\u00e7\u00e3o:<\/p>\n<ul>\n<li>\n<div><strong>MISS\u00c3O:<\/strong> Fomentar, realizar e divulgar a pesquisa acad\u00eamica entre os discentes para fortalecer a gradua\u00e7\u00e3o em direito da UBFA<\/div>\n<\/li>\n<li>\n<div style=\"text-align: justify\"><strong>VIS\u00c3O<\/strong>: Atingir um grau \u00f3timo de capacita\u00e7\u00e3o e comprometimento para atender \u00e0s demandas de pesquisa da FDUFBA<\/div>\n<\/li>\n<li>\n<div style=\"text-align: justify\"><strong>VALORES<\/strong>: Vestir a Camisa; Comprometimento; Integra\u00e7\u00e3o; Proatividade; \u00c9tica e Transpar\u00eancia<\/div>\n<\/li>\n<\/ul>\n","protected":false},"excerpt":{"rendered":"<p>Com o objetivo de aprimorar suas atividades o CEPEJ decidiu incluir o Planejamento Estrat\u00e9gico (PE) em seu calend\u00e1rio anual. Nessa oportunidade, s\u00e3o definidas as atividades a serem realizadas naquele ano por cada Diretoria e GT, al\u00e9m disso s\u00e3o discutidos e &hellip; <a href=\"https:\/\/blog.ufba.br\/cepejdir\/oqueeocepej\/missao-e-visao\/\">Continue lendo <span class=\"meta-nav\">&rarr;<\/span><\/a><\/p>\n","protected":false},"author":42,"featured_media":0,"parent":1112,"menu_order":2,"comment_status":"open","ping_status":"closed","template":"","meta":{"_coblocks_attr":"","_coblocks_dimensions":"","_coblocks_responsive_height":"","_coblocks_accordion_ie_support":"","_themeisle_gutenberg_block_has_review":false,"footnotes":""},"class_list":["post-536","page","type-page","status-publish","hentry"],"_links":{"self":[{"href":"https:\/\/blog.ufba.br\/cepejdir\/wp-json\/wp\/v2\/pages\/536"}],"collection":[{"href":"https:\/\/blog.ufba.br\/cepejdir\/wp-json\/wp\/v2\/pages"}],"about":[{"href":"https:\/\/blog.ufba.br\/cepejdir\/wp-json\/wp\/v2\/types\/page"}],"author":[{"embeddable":true,"href":"https:\/\/blog.ufba.br\/cepejdir\/wp-json\/wp\/v2\/users\/42"}],"replies":[{"embeddable":true,"href":"https:\/\/blog.ufba.br\/cepejdir\/wp-json\/wp\/v2\/comments?post=536"}],"version-history":[{"count":0,"href":"https:\/\/blog.ufba.br\/cepejdir\/wp-json\/wp\/v2\/pages\/536\/revisions"}],"up":[{"embeddable":true,"href":"https:\/\/blog.ufba.br\/cepejdir\/wp-json\/wp\/v2\/pages\/1112"}],"wp:attachment":[{"href":"https:\/\/blog.ufba.br\/cepejdir\/wp-json\/wp\/v2\/media?parent=536"}],"curies":[{"name":"wp","href":"https:\/\/api.w.org\/{rel}","templated":true}]}}