{"id":525,"date":"2012-11-25T12:51:15","date_gmt":"2012-11-25T15:51:15","guid":{"rendered":"http:\/\/blog.ufba.br\/cepejdir\/?page_id=525"},"modified":"2012-11-25T12:51:15","modified_gmt":"2012-11-25T15:51:15","slug":"breve-historico","status":"publish","type":"page","link":"https:\/\/blog.ufba.br\/cepejdir\/oqueeocepej\/breve-historico\/","title":{"rendered":"Breve hist\u00f3rico"},"content":{"rendered":"<p style=\"text-align: justify\">O CEPEJ \u2013 Centro de Estudos e Pesquisas Jur\u00eddicas \u2013 \u00e9 uma associa\u00e7\u00e3o estudantil da Faculdade de Direito da UFBA voltada para o incentivo e a promo\u00e7\u00e3o da pesquisa acad\u00eamica. Fundado em 1985, com composi\u00e7\u00e3o exclusivamente estudantil, vem, ao longo desses anos, realizando um trabalho importante, que o situou como um espa\u00e7o de refer\u00eancia na Faculdade para pensar e fazer pesquisa. Tem ganhado reconhecimento tamb\u00e9m em outras faculdades do pa\u00eds e da Am\u00e9rica Latina.<\/p>\n<p style=\"text-align: justify\">Ap\u00f3s um per\u00edodo de lat\u00eancia decorrente da falta de estrutura e da ineg\u00e1vel falta de incentivo \u00e0s entidades voltadas \u00e0 pesquisa, o CEPEJ vem retomando com f\u00f4lego suas atividades. Entre elas est\u00e1 a realiza\u00e7\u00e3o de eventos, como semin\u00e1rios e debates, al\u00e9m de auxiliar e organizar publica\u00e7\u00f5es jur\u00eddicas, como a Revista do CEPEJ, e liter\u00e1rias, como a Revista \u00c2ngulos.<\/p>\n","protected":false},"excerpt":{"rendered":"<p>O CEPEJ \u2013 Centro de Estudos e Pesquisas Jur\u00eddicas \u2013 \u00e9 uma associa\u00e7\u00e3o estudantil da Faculdade de Direito da UFBA voltada para o incentivo e a promo\u00e7\u00e3o da pesquisa acad\u00eamica. Fundado em 1985, com composi\u00e7\u00e3o exclusivamente estudantil, vem, ao longo &hellip; <a href=\"https:\/\/blog.ufba.br\/cepejdir\/oqueeocepej\/breve-historico\/\">Continue lendo <span class=\"meta-nav\">&rarr;<\/span><\/a><\/p>\n","protected":false},"author":42,"featured_media":0,"parent":1112,"menu_order":1,"comment_status":"open","ping_status":"closed","template":"","meta":{"_coblocks_attr":"","_coblocks_dimensions":"","_coblocks_responsive_height":"","_coblocks_accordion_ie_support":"","_themeisle_gutenberg_block_has_review":false,"footnotes":""},"class_list":["post-525","page","type-page","status-publish","hentry"],"_links":{"self":[{"href":"https:\/\/blog.ufba.br\/cepejdir\/wp-json\/wp\/v2\/pages\/525"}],"collection":[{"href":"https:\/\/blog.ufba.br\/cepejdir\/wp-json\/wp\/v2\/pages"}],"about":[{"href":"https:\/\/blog.ufba.br\/cepejdir\/wp-json\/wp\/v2\/types\/page"}],"author":[{"embeddable":true,"href":"https:\/\/blog.ufba.br\/cepejdir\/wp-json\/wp\/v2\/users\/42"}],"replies":[{"embeddable":true,"href":"https:\/\/blog.ufba.br\/cepejdir\/wp-json\/wp\/v2\/comments?post=525"}],"version-history":[{"count":0,"href":"https:\/\/blog.ufba.br\/cepejdir\/wp-json\/wp\/v2\/pages\/525\/revisions"}],"up":[{"embeddable":true,"href":"https:\/\/blog.ufba.br\/cepejdir\/wp-json\/wp\/v2\/pages\/1112"}],"wp:attachment":[{"href":"https:\/\/blog.ufba.br\/cepejdir\/wp-json\/wp\/v2\/media?parent=525"}],"curies":[{"name":"wp","href":"https:\/\/api.w.org\/{rel}","templated":true}]}}