{"id":37,"date":"2011-11-14T18:54:47","date_gmt":"2011-11-14T20:54:47","guid":{"rendered":"http:\/\/blog.ufba.br\/cepejdir\/?page_id=37"},"modified":"2011-11-14T18:54:47","modified_gmt":"2011-11-14T20:54:47","slug":"fale-conosco","status":"publish","type":"page","link":"https:\/\/blog.ufba.br\/cepejdir\/fale-conosco\/","title":{"rendered":"Fale Conosco"},"content":{"rendered":"<p>O CEPEJ fica na <strong>sala 207<\/strong>, 2\u00ba andar, da Faculdade de Direito da UFBA, cujo endere\u00e7o \u00e9 Rua da Paz, s\/n \u2013 Gra\u00e7a \u2013 Salvador\/BA. Na sala do CEPEJ pode-se obter atendimento com um dos <a href=\"http:\/\/blog.ufba.br\/cepejdir\/wp-content\/uploads\/sites\/28\/2011\/11\/CEPEJ-2012.1-plantao.pdf\">membros de\u00a0plant\u00e3o<\/a> no hor\u00e1rio.<\/p>\n<p>Para entrar em contato com nossos membros ou tirar d\u00favidas relacionadas \u00e0 pesquisa na gradua\u00e7\u00e3o, por favor, utilize <strong>algum dos meios de comunica\u00e7\u00e3o abiaxo<\/strong>. \u00c9 poss\u00edvel solicitar, tamb\u00e9m, o agendamento de reuni\u00e3o com um de nossos membros.<\/p>\n<p><strong>E-mail<\/strong>: <a href=\"mailto:cepej.ufba@gmail.com\">cepej.fdufba@gmail.com<\/a><\/p>\n<p><strong>Perfil no Facebook<\/strong>:<\/p>\n<p><a title=\"Cepej Ufba\" href=\"http:\/\/pt-br.facebook.com\/people\/Cepej-Ufba\/100002638369938\" target=\"_TOP\" rel=\"noopener\"><img loading=\"lazy\" decoding=\"async\" src=\"http:\/\/badge.facebook.com\/badge\/100002638369938.263.233450866.png\" alt=\"\" width=\"137\" height=\"84\" \/><\/a><\/p>\n<p>\u00c9 poss\u00edvel, ainda, entrar em contato atrav\u00e9s desse <em>site<\/em>.<\/p>\n","protected":false},"excerpt":{"rendered":"<p>O CEPEJ fica na sala 207, 2\u00ba andar, da Faculdade de Direito da UFBA, cujo endere\u00e7o \u00e9 Rua da Paz, s\/n \u2013 Gra\u00e7a \u2013 Salvador\/BA. Na sala do CEPEJ pode-se obter atendimento com um dos membros de\u00a0plant\u00e3o no hor\u00e1rio. Para &hellip; <a href=\"https:\/\/blog.ufba.br\/cepejdir\/fale-conosco\/\">Continue lendo <span class=\"meta-nav\">&rarr;<\/span><\/a><\/p>\n","protected":false},"author":42,"featured_media":0,"parent":0,"menu_order":8,"comment_status":"open","ping_status":"closed","template":"","meta":{"_coblocks_attr":"","_coblocks_dimensions":"","_coblocks_responsive_height":"","_coblocks_accordion_ie_support":"","_themeisle_gutenberg_block_has_review":false,"footnotes":""},"class_list":["post-37","page","type-page","status-publish","hentry"],"_links":{"self":[{"href":"https:\/\/blog.ufba.br\/cepejdir\/wp-json\/wp\/v2\/pages\/37"}],"collection":[{"href":"https:\/\/blog.ufba.br\/cepejdir\/wp-json\/wp\/v2\/pages"}],"about":[{"href":"https:\/\/blog.ufba.br\/cepejdir\/wp-json\/wp\/v2\/types\/page"}],"author":[{"embeddable":true,"href":"https:\/\/blog.ufba.br\/cepejdir\/wp-json\/wp\/v2\/users\/42"}],"replies":[{"embeddable":true,"href":"https:\/\/blog.ufba.br\/cepejdir\/wp-json\/wp\/v2\/comments?post=37"}],"version-history":[{"count":0,"href":"https:\/\/blog.ufba.br\/cepejdir\/wp-json\/wp\/v2\/pages\/37\/revisions"}],"wp:attachment":[{"href":"https:\/\/blog.ufba.br\/cepejdir\/wp-json\/wp\/v2\/media?parent=37"}],"curies":[{"name":"wp","href":"https:\/\/api.w.org\/{rel}","templated":true}]}}