{"id":23,"date":"2011-11-14T18:38:53","date_gmt":"2011-11-14T20:38:53","guid":{"rendered":"http:\/\/blog.ufba.br\/cepejdir\/?page_id=23"},"modified":"2011-11-14T18:38:53","modified_gmt":"2011-11-14T20:38:53","slug":"faq","status":"publish","type":"page","link":"https:\/\/blog.ufba.br\/cepejdir\/faq\/","title":{"rendered":"FAQ"},"content":{"rendered":"<ul>\n<li><strong>O que \u00e9 pesquisa?<\/strong><\/li>\n<\/ul>\n<p style=\"text-align: justify\">A pesquisa cient\u00edfica \u00e9 um aprofundamento de determinado tema que o(a) estudante faz, em grupo ou sozinho(a), com tempo e requisitos determinados e com produ\u00e7\u00e3o cient\u00edfica ao final. A pesquisa cient\u00edfica pode ser institucional, em que h\u00e1 financiamento, normalmente por uma universidade ou funda\u00e7\u00e3o, ou particular, quando o(a) pesquisador(a) pesquisa por conta pr\u00f3pria.<\/p>\n<p style=\"text-align: justify\">H\u00e1 um senso comum de que a pesquisa s\u00f3 \u00e9 realizada na \u00e1rea das ci\u00eancias naturais, o que \u00e9 um equ\u00edvoco terr\u00edvel, pois a pesquisa \u00e9 necess\u00e1ria em qualquer \u00e1rea da ci\u00eancia, pois sem ela n\u00e3o h\u00e1 aprimoramento. Nas ci\u00eancias sociais aplicadas, como \u00e9 o caso do Direito, a pesquisa ganha uma relev\u00e2ncia ainda maior, pois as transforma\u00e7\u00f5es da sociedade exigem uma constante atualiza\u00e7\u00e3o e desenvolvimento das nossas teorias e legisla\u00e7\u00f5es. As respostas que o Direito exige diariamente apenas podem ser alcan\u00e7adas atrav\u00e9s de estudos amplos e profundos sobre a aplica\u00e7\u00e3o do Direito e suas teorias na sociedade. Ademais, diante do incha\u00e7o da legisla\u00e7\u00e3o brasileira, \u00e9 necess\u00e1rio que os(as) juristas tamb\u00e9m sejam pesquisadores(as) que sistematizem e organizem a aplica\u00e7\u00e3o desta, para que seus efeitos sejam eficazes.<\/p>\n<p style=\"text-align: justify\">Por fim, a pesquisa \u00e9, acima de tudo, um importante instrumento para a produ\u00e7\u00e3o, e n\u00e3o reprodu\u00e7\u00e3o, de conhecimento, estimulando a atua\u00e7\u00e3o dos(as) juristas como interventores(as) na sociedade, e n\u00e3o apenas t\u00e9cnicos(as) aplicadores(as) do Direito.<\/p>\n<ul style=\"text-align: justify\">\n<li><strong>Como pesquisar na FDUFBA?<\/strong><\/li>\n<\/ul>\n<p style=\"text-align: justify\">H\u00e1 v\u00e1rias formas de fazer pesquisa institucional na UFBA, mas a mais conhecida \u00e9 o PIBIC, que \u00e9 o Programa Institucional de Bolsas para Inicia\u00e7\u00e3o Cient\u00edfica, voltado para estudantes da gradua\u00e7\u00e3o. Seu edital \u00e9 publicado anualmente, e alcan\u00e7a todas as unidades da universidade.<\/p>\n<p style=\"text-align: justify\">Tamb\u00e9m atrav\u00e9s do programa Permanecer pode-se receber bolsas para pesquisa. Este programa, no entanto, \u00e9 voltado para estudantes em situa\u00e7\u00e3o de vulnerabilidade econ\u00f4mica.<\/p>\n<p style=\"text-align: justify\">Sem o recebimento de bolsas, mas com as vantagens da variedade de temas, periodicidade, maior n\u00famero de participantes, dentre outros, \u00e9 poss\u00edvel fazer parte de grupos de estudo e de pesquisa da pr\u00f3pria Faculdade de Direito ou mesmo de outras unidade da UFBA.<\/p>\n<ul style=\"text-align: justify\">\n<li><strong>O que \u00e9 extens\u00e3o universit\u00e1ria?<\/strong><\/li>\n<\/ul>\n<p style=\"text-align: justify\">A extens\u00e3o universit\u00e1ria \u00e9 aplica\u00e7\u00e3o pr\u00e1tica do ensino e da pesquisa, n\u00e3o somente no campo profissional, mas tamb\u00e9m atrav\u00e9s de eventos com car\u00e1ter cient\u00edfico, interven\u00e7\u00e3o em comunidades, grupos de estudo, atividades em associa\u00e7\u00f5es, como o CEPEJ, etc. Em geral, costumamos entender como extens\u00e3o somente as atividades que integram a universidade \u00e0 comunidade, mas o conceito de extens\u00e3o \u00e9 bastante amplo, e abarca uma gama variada de atividades acad\u00eamicas. Essas atividades n\u00e3o somente podem ser certificadas como h\u00e1 tamb\u00e9m bolsas de financiamento na UFBA, como o Permanecer e o programa de ACC\u2019s (Atividade Curricular em Comunidade). Para mais informa\u00e7\u00f5es, procure-nos atrav\u00e9s de nossos contatos, ou a Pr\u00f3-Reitoria de Extens\u00e3o da UFBA.<\/p>\n<ul style=\"text-align: justify\">\n<li><strong>A partir de qual semestre eu posso pesquisar?<\/strong><\/li>\n<\/ul>\n<p style=\"text-align: justify\">A partir de qualquer semestre, inclusive do primeiro.<\/p>\n<ul style=\"text-align: justify\">\n<li><strong>O que \u00e9 um Grupo de Pesquisa?<\/strong><\/li>\n<\/ul>\n<p style=\"text-align: justify\">O Grupo de Pesquisa \u00e9 definido como um conjunto de indiv\u00edduos organizados em torno de um ou mais objetos de estudo (linhas de pesquisa). A lideran\u00e7a do grupo ocorre geralmente por um pesquisador, com titula\u00e7\u00e3o de doutor e pela exist\u00eancia de estudantes de gradua\u00e7\u00e3o, p\u00f3s-gradua\u00e7\u00e3o ou t\u00e9cnico(s) de n\u00edvel superior alocado(s) ao grupo.<\/p>\n<p style=\"text-align: justify\">Os requisitos para a forma\u00e7\u00e3o de um Grupo de Pesquisa s\u00e3o: a) Orientador com t\u00edtulo de doutor e cadastro no Diret\u00f3rio dos Grupos de Pesquisa do CNPq, como L\u00edder de Grupo, feito pelo Dirigente Institucional de Pesquisa da institui\u00e7\u00e3o \u00e0 qual \u00e9 vinculado o grupo de pesquisa; b) Linha e Projeto de Pesquisa definidos; c) Membros cadastrados na Plataforma Lattes (com curr\u00edculo lattes); d) Registro do Grupo de Pesquisa no Diret\u00f3rio dos Grupos de Pesquisa do CNPq.<\/p>\n<p style=\"text-align: justify\">Para mais informa\u00e7\u00f5es e cadastro de grupos de pesquisa, acesse: <a href=\"http:\/\/www.cnpq.br\/gpesq\/apresentacao.htm\">http:\/\/www.cnpq.br\/gpesq\/apresentacao.htm<strong><\/strong><\/a><\/p>\n<ul style=\"text-align: justify\">\n<li><strong>O que \u00e9 um Grupo de Estudo?<\/strong><\/li>\n<\/ul>\n<p style=\"text-align: justify\">O Grupo de Estudo, assim como o Grupo de Pesquisa, \u00e9 definido como um conjunto de indiv\u00edduos organizados em torno de um ou mais objetos de estudo (linhas de pesquisa). Diferente do grupo de pesquisa, por\u00e9m, a lideran\u00e7a do Grupo de Estudo pode ficar a cargo de um professor apenas graduado, p\u00f3s-graduado, mestre ou doutor, tanto faz.<\/p>\n<p style=\"text-align: justify\">O Grupo de Estudo, por fim, n\u00e3o conta com as exig\u00eancias formais para a sua efetiva\u00e7\u00e3o tal qual o Grupo de Pesquisa. Por outro lado, tamb\u00e9m n\u00e3o conta com o reconhecimento e status institucional que o Grupo de Pesquisa disp\u00f5e por ser cadastrado, formalmente, no Diret\u00f3rio de Grupos de Pesquisa do CNPq.<\/p>\n<p style=\"text-align: justify\">O Grupo de Estudo pode funcionar sem que nenhum requisito seja obrigatoriamente imposto e observado por seus membros, partindo, simplesmente, da iniciativa de um grupo de pessoas que resolveram juntar-se para discutir temas, aprofundar estudos e chegar a conclus\u00f5es cr\u00edticas\/reflexivas ou desenvolver artigos cient\u00edficos. Na UFBA, contudo, para compensar o fato de o Grupo de Estudo n\u00e3o poder ser registrado no CNPq e dar \u00e0s atividades desenvolvidas no \u00e2mbito deste grupo \u2013 t\u00e3o relevantes, academicamente, quanto as desenvolvidas no Grupo de Pesquisa \u2013 algum<br \/>\nreconhecimento, foram pensadas formas alternativas de registro e certifica\u00e7\u00e3o.<\/p>\n<p style=\"text-align: justify\">Na Faculdade de Direito da UFBA, \u00e9 o NUPEM (N\u00facleo de Pesquisa e Monografia) que realiza o registro e a certifica\u00e7\u00e3o dos grupos de estudo, organizados na Faculdade, contando com alunos da gradua\u00e7\u00e3o regularmente matriculados e orientados por professores de alguma forma vinculados institucionalmente \u00e0 FDUFBA (inclusive professores substitutos). No NUPEM, os grupos de estudo s\u00e3o registrados como atividade de pesquisa n\u00e3o vinculada \u00e0 monografia e podem receber certifica\u00e7\u00e3o de at\u00e9, no total, 120 (cento e vinte) horas de integra\u00e7\u00e3o curricular.<\/p>\n<ul style=\"text-align: justify\">\n<li><strong>O que \u00e9 o CNPQ?<\/strong><\/li>\n<\/ul>\n<p style=\"text-align: justify\">CNPq significa Conselho Nacional de Desenvolvimento Cient\u00edfico e Tecnol\u00f3gico e representa uma ag\u00eancia do Minist\u00e9rio da Ci\u00eancia e Tecnologia (MCT) destinada ao fomento da pesquisa cient\u00edfica e tecnol\u00f3gica e \u00e0 forma\u00e7\u00e3o de recursos humanos para a pesquisa no pa\u00eds. O CNPq foi criado em 1951, pela Lei n\u00b0. 1.310 e sua hist\u00f3ria est\u00e1 diretamente ligada ao desenvolvimento cient\u00edfico e tecnol\u00f3gico do Brasil contempor\u00e2neo.<\/p>\n<p style=\"text-align: justify\">O CNPq oferece v\u00e1rias modalidades de bolsas aos alunos do ensino m\u00e9dio, gradua\u00e7\u00e3o, p\u00f3sgradua\u00e7\u00e3o, rec\u00e9m-doutores e pesquisadores j\u00e1 experientes. As bolsas s\u00e3o divididas em duas categorias principais: bolsas individuais, no pa\u00eds e no exterior, e bolsas por quota. As bolsas individuais s\u00e3o oferecidas de acordo com as v\u00e1rias modalidades dispon\u00edveis no quadro do CNPq (informe-se diretamente no site, em raz\u00e3o da quantidade e especificidade dos programas envolvidos).\u00a0 As bolsas por quota (de Inicia\u00e7\u00e3o Cient\u00edfica, de Inicia\u00e7\u00e3o Tecnol\u00f3gica, de Mestrado e Doutorado) s\u00e3o oferecidas \u00e0s institui\u00e7\u00f5es de ensino e pesquisa e aos cursos de p\u00f3s-gradua\u00e7\u00e3o. Os interessados devem solicitar as bolsas dessas modalidades diretamente \u00e0s referidas institui\u00e7\u00f5es, n\u00e3o ao CNPq.<\/p>\n<p style=\"text-align: justify\">Outra forma de apoio oferecido pelo CNPq \u00e9 o aux\u00edlio \u00e0 pesquisa. Entre as v\u00e1rias modalidades de aux\u00edlio, h\u00e1 o subs\u00eddio a publica\u00e7\u00f5es cient\u00edficas, o apoio \u00e0 capacita\u00e7\u00e3o de pesquisadores por meio de interc\u00e2mbios cient\u00edficos ou da promo\u00e7\u00e3o e atendimento a reuni\u00f5es e congressos cient\u00edficos.<\/p>\n<p style=\"text-align: justify\">Alguns exemplos de atividades ligadas ou financiadas pelo CNPQ: Doutorado Sandu\u00edche; PIBIC \u2013 Programa Institucional de Bolsas de Inicia\u00e7\u00e3o Cient\u00edfica; PIBITI \u2013 Programa Institucional de Bolsas de Inicia\u00e7\u00e3o e Desenvolvimento Tecnol\u00f3gico e Inova\u00e7\u00e3o; Inicia\u00e7\u00e3o Cient\u00edfica (geral); P\u00f3s-Gradua\u00e7\u00e3o (geral).<\/p>\n<p style=\"text-align: justify\">Para mais informa\u00e7\u00f5es, acesse: <a href=\"http:\/\/www.cnpq.br\/index.htm\">http:\/\/www.cnpq.br\/index.htm<strong><\/strong><\/a><\/p>\n<ul style=\"text-align: justify\">\n<li><strong>O que \u00e9 Curr\u00edculo Lattes?<\/strong><\/li>\n<\/ul>\n<p style=\"text-align: justify\">A Plataforma Lattes representa a experi\u00eancia do CNPq na integra\u00e7\u00e3o de bases de dados de curr\u00edculos e de institui\u00e7\u00f5es da \u00e1rea de ci\u00eancia e tecnologia em um \u00fanico Sistema de Informa\u00e7\u00f5es, cuja import\u00e2ncia atual se estende, n\u00e3o s\u00f3 \u00e0s atividades operacionais de fomento do CNPq, como tamb\u00e9m \u00e0s a\u00e7\u00f5es de fomento de outras ag\u00eancias federais e estaduais.<\/p>\n<p style=\"text-align: justify\">O Curr\u00edculo Lattes \u00e9 o curr\u00edculo oficial do pesquisador acad\u00eamico, reunindo uma s\u00e9rie de informa\u00e7\u00f5es que demonstram toda a sua experi\u00eancia no ambiente acad\u00eamico, desde a mera participa\u00e7\u00e3o em eventos cient\u00edficos at\u00e9 o desenvolvimento de projetos de pesquisa, dentre outros. Nas palavras do Prof. Rodolfo Pamplona, \u00e9 o \u201corkut acad\u00eamico\u201d, pois permite o acesso \u00e0s mais diversas informa\u00e7\u00f5es da vida (acad\u00eamica) do pesquisador.<\/p>\n<p style=\"text-align: justify\">Para maiores informa\u00e7\u00f5es e cria\u00e7\u00e3o do Curr\u00edculo Lattes, acesse: <a href=\"http:\/\/lattes.cnpq.br\">http:\/\/lattes.cnpq.br<\/a><\/p>\n<ul style=\"text-align: justify\">\n<li><strong>Como posso fazer parte do CEPEJ?<\/strong><\/li>\n<\/ul>\n<p style=\"text-align: justify\">A sele\u00e7\u00e3o para fazer parte do CEPEJ ocorre uma vez por ano, geralmente ao final do mesmo. O edital de sele\u00e7\u00e3o \u00e9 amplamente divulgado, principalmente nos dois murais da institui\u00e7\u00e3o. Al\u00e9m disso, qualquer pessoa pode participar do CEPEJ como colaborador, ainda que n\u00e3o conste como membro efetivado da institui\u00e7\u00e3o.<\/p>\n<p style=\"text-align: justify\">Lembrando sempre, \u00e9 claro, que n\u00e3o \u00e9 preciso ser parte da institui\u00e7\u00e3o para fazer pesquisa na FDUFBA!<\/p>\n<ul style=\"text-align: justify\">\n<li><strong>Onde ficam os murais do CEPEJ?<\/strong><\/li>\n<\/ul>\n<p style=\"text-align: justify\">O CEPEJ conta com dois murais: um situa-se no t\u00e9rreo, pr\u00f3ximo \u00e0 cantina, e o outro situa-se no primeiro andar, pr\u00f3ximo ao elevador.<\/p>\n","protected":false},"excerpt":{"rendered":"<p>O que \u00e9 pesquisa? A pesquisa cient\u00edfica \u00e9 um aprofundamento de determinado tema que o(a) estudante faz, em grupo ou sozinho(a), com tempo e requisitos determinados e com produ\u00e7\u00e3o cient\u00edfica ao final. A pesquisa cient\u00edfica pode ser institucional, em que &hellip; <a href=\"https:\/\/blog.ufba.br\/cepejdir\/faq\/\">Continue lendo <span class=\"meta-nav\">&rarr;<\/span><\/a><\/p>\n","protected":false},"author":42,"featured_media":0,"parent":0,"menu_order":2,"comment_status":"open","ping_status":"open","template":"","meta":{"_coblocks_attr":"","_coblocks_dimensions":"","_coblocks_responsive_height":"","_coblocks_accordion_ie_support":"","_themeisle_gutenberg_block_has_review":false,"footnotes":""},"class_list":["post-23","page","type-page","status-publish","hentry"],"_links":{"self":[{"href":"https:\/\/blog.ufba.br\/cepejdir\/wp-json\/wp\/v2\/pages\/23"}],"collection":[{"href":"https:\/\/blog.ufba.br\/cepejdir\/wp-json\/wp\/v2\/pages"}],"about":[{"href":"https:\/\/blog.ufba.br\/cepejdir\/wp-json\/wp\/v2\/types\/page"}],"author":[{"embeddable":true,"href":"https:\/\/blog.ufba.br\/cepejdir\/wp-json\/wp\/v2\/users\/42"}],"replies":[{"embeddable":true,"href":"https:\/\/blog.ufba.br\/cepejdir\/wp-json\/wp\/v2\/comments?post=23"}],"version-history":[{"count":0,"href":"https:\/\/blog.ufba.br\/cepejdir\/wp-json\/wp\/v2\/pages\/23\/revisions"}],"wp:attachment":[{"href":"https:\/\/blog.ufba.br\/cepejdir\/wp-json\/wp\/v2\/media?parent=23"}],"curies":[{"name":"wp","href":"https:\/\/api.w.org\/{rel}","templated":true}]}}